{"id":8858,"date":"2022-04-16T11:39:22","date_gmt":"2022-04-16T09:39:22","guid":{"rendered":"https:\/\/canjaumeartesans.es\/?post_type=product&#038;p=8858"},"modified":"2026-01-29T10:43:27","modified_gmt":"2026-01-29T09:43:27","slug":"pois-chiches-bio-cuits","status":"publish","type":"product","link":"https:\/\/canjaumeartesans.es\/fr\/producto\/pois-chiches-bio-cuits\/","title":{"rendered":"Pois chiches biologiques cuits"},"content":{"rendered":"","protected":false},"excerpt":{"rendered":"<p>L\u00e9gumes cuits \u00e0 l&rsquo;eau et au sel, puis \u00e9goutt\u00e9s, s\u00e9lectionn\u00e9s pour leur qualit\u00e9 sup\u00e9rieure et leur saveur, et choisis par r\u00e9gion en fonction de la r\u00e9colte de la saison en cours.<\/p>\n<p>Le bouillon de cuisson peut \u00eatre fourni sur demande, en le r\u00e9servant un jour \u00e0 l&rsquo;avance.<\/p>\n<p>Contactez-nous :<br \/>\npar t\u00e9l\u00e9phone au <a href=\"tel:+34971726909\">+34 971 726 909<\/a><br \/>\npar e-mail \u00e0 <a href=\"mailto:info@canjaumeartesans.es\">info@canjaumeartesans.es<\/a><\/p>\n","protected":false},"featured_media":0,"template":"","meta":[],"product_brand":[],"product_cat":[299,291],"product_tag":[479],"class_list":{"0":"post-8858","1":"product","2":"type-product","3":"status-publish","5":"product_cat-legumineuse-cuite","6":"product_cat-legumineuses","7":"product_tag-p-poids","9":"first","10":"instock","11":"shipping-taxable","12":"purchasable","13":"product-type-simple"},"yoast_head":"<!-- This site is optimized with the Yoast SEO plugin v27.6 - https:\/\/yoast.com\/product\/yoast-seo-wordpress\/ -->\n<title>Pois chiches biologiques cuits - Carnicer\u00eda artesana online<\/title>\n<meta name=\"robots\" content=\"index, follow, max-snippet:-1, max-image-preview:large, max-video-preview:-1\" \/>\n<link rel=\"canonical\" href=\"https:\/\/canjaumeartesans.es\/fr\/producto\/pois-chiches-bio-cuits\/\" \/>\n<meta property=\"og:locale\" content=\"fr_FR\" \/>\n<meta property=\"og:type\" content=\"article\" \/>\n<meta property=\"og:title\" content=\"Pois chiches biologiques cuits - Carnicer\u00eda artesana online\" \/>\n<meta property=\"og:description\" content=\"L\u00e9gumes cuits \u00e0 l&#039;eau et au sel, puis \u00e9goutt\u00e9s, s\u00e9lectionn\u00e9s pour leur qualit\u00e9 sup\u00e9rieure et leur saveur, et choisis par r\u00e9gion en fonction de la r\u00e9colte de la saison en cours. Le bouillon de cuisson peut \u00eatre fourni sur demande, en le r\u00e9servant un jour \u00e0 l&#039;avance. Contactez-nous : par t\u00e9l\u00e9phone au +34 971 726 909 par e-mail \u00e0 info@canjaumeartesans.es\" \/>\n<meta property=\"og:url\" content=\"https:\/\/canjaumeartesans.es\/fr\/producto\/pois-chiches-bio-cuits\/\" \/>\n<meta property=\"og:site_name\" content=\"Carnicer\u00eda artesana online\" \/>\n<meta property=\"article:modified_time\" content=\"2026-01-29T09:43:27+00:00\" \/>\n<meta name=\"twitter:card\" content=\"summary_large_image\" \/>\n<script type=\"application\/ld+json\" class=\"yoast-schema-graph\">{\"@context\":\"https:\\\/\\\/schema.org\",\"@graph\":[{\"@type\":\"WebPage\",\"@id\":\"https:\\\/\\\/canjaumeartesans.es\\\/fr\\\/producto\\\/pois-chiches-bio-cuits\\\/\",\"url\":\"https:\\\/\\\/canjaumeartesans.es\\\/fr\\\/producto\\\/pois-chiches-bio-cuits\\\/\",\"name\":\"Pois chiches biologiques cuits - Carnicer\u00eda artesana online\",\"isPartOf\":{\"@id\":\"https:\\\/\\\/canjaumeartesans.es\\\/fr\\\/#website\"},\"datePublished\":\"2022-04-16T09:39:22+00:00\",\"dateModified\":\"2026-01-29T09:43:27+00:00\",\"breadcrumb\":{\"@id\":\"https:\\\/\\\/canjaumeartesans.es\\\/fr\\\/producto\\\/pois-chiches-bio-cuits\\\/#breadcrumb\"},\"inLanguage\":\"fr-FR\",\"potentialAction\":[{\"@type\":\"ReadAction\",\"target\":[\"https:\\\/\\\/canjaumeartesans.es\\\/fr\\\/producto\\\/pois-chiches-bio-cuits\\\/\"]}]},{\"@type\":\"BreadcrumbList\",\"@id\":\"https:\\\/\\\/canjaumeartesans.es\\\/fr\\\/producto\\\/pois-chiches-bio-cuits\\\/#breadcrumb\",\"itemListElement\":[{\"@type\":\"ListItem\",\"position\":1,\"name\":\"Portada\",\"item\":\"https:\\\/\\\/canjaumeartesans.es\\\/fr\\\/\"},{\"@type\":\"ListItem\",\"position\":2,\"name\":\"Catalogue de produits\",\"item\":\"https:\\\/\\\/canjaumeartesans.es\\\/fr\\\/catalogue-de-produits\\\/\"},{\"@type\":\"ListItem\",\"position\":3,\"name\":\"Pois chiches biologiques cuits\"}]},{\"@type\":\"WebSite\",\"@id\":\"https:\\\/\\\/canjaumeartesans.es\\\/fr\\\/#website\",\"url\":\"https:\\\/\\\/canjaumeartesans.es\\\/fr\\\/\",\"name\":\"Carnicer\u00eda artesana online\",\"description\":\"Carne al corte personalizado\",\"publisher\":{\"@id\":\"https:\\\/\\\/canjaumeartesans.es\\\/fr\\\/#organization\"},\"potentialAction\":[{\"@type\":\"SearchAction\",\"target\":{\"@type\":\"EntryPoint\",\"urlTemplate\":\"https:\\\/\\\/canjaumeartesans.es\\\/fr\\\/?s={search_term_string}\"},\"query-input\":{\"@type\":\"PropertyValueSpecification\",\"valueRequired\":true,\"valueName\":\"search_term_string\"}}],\"inLanguage\":\"fr-FR\"},{\"@type\":\"Organization\",\"@id\":\"https:\\\/\\\/canjaumeartesans.es\\\/fr\\\/#organization\",\"name\":\"Can Jaume Carniceria artesana\",\"url\":\"https:\\\/\\\/canjaumeartesans.es\\\/fr\\\/\",\"logo\":{\"@type\":\"ImageObject\",\"inLanguage\":\"fr-FR\",\"@id\":\"https:\\\/\\\/canjaumeartesans.es\\\/fr\\\/#\\\/schema\\\/logo\\\/image\\\/\",\"url\":\"https:\\\/\\\/canjaumeartesans.es\\\/wp-content\\\/uploads\\\/2023\\\/01\\\/Can-Jaume-logo_185@2x.png\",\"contentUrl\":\"https:\\\/\\\/canjaumeartesans.es\\\/wp-content\\\/uploads\\\/2023\\\/01\\\/Can-Jaume-logo_185@2x.png\",\"width\":370,\"height\":249,\"caption\":\"Can Jaume Carniceria artesana\"},\"image\":{\"@id\":\"https:\\\/\\\/canjaumeartesans.es\\\/fr\\\/#\\\/schema\\\/logo\\\/image\\\/\"},\"sameAs\":[\"https:\\\/\\\/www.instagram.com\\\/canjaumeartesans\\\/\"]}]}<\/script>\n<!-- \/ Yoast SEO plugin. -->","yoast_head_json":{"title":"Pois chiches biologiques cuits - Carnicer\u00eda artesana online","robots":{"index":"index","follow":"follow","max-snippet":"max-snippet:-1","max-image-preview":"max-image-preview:large","max-video-preview":"max-video-preview:-1"},"canonical":"https:\/\/canjaumeartesans.es\/fr\/producto\/pois-chiches-bio-cuits\/","og_locale":"fr_FR","og_type":"article","og_title":"Pois chiches biologiques cuits - Carnicer\u00eda artesana online","og_description":"L\u00e9gumes cuits \u00e0 l'eau et au sel, puis \u00e9goutt\u00e9s, s\u00e9lectionn\u00e9s pour leur qualit\u00e9 sup\u00e9rieure et leur saveur, et choisis par r\u00e9gion en fonction de la r\u00e9colte de la saison en cours. Le bouillon de cuisson peut \u00eatre fourni sur demande, en le r\u00e9servant un jour \u00e0 l'avance. Contactez-nous : par t\u00e9l\u00e9phone au +34 971 726 909 par e-mail \u00e0 info@canjaumeartesans.es","og_url":"https:\/\/canjaumeartesans.es\/fr\/producto\/pois-chiches-bio-cuits\/","og_site_name":"Carnicer\u00eda artesana online","article_modified_time":"2026-01-29T09:43:27+00:00","twitter_card":"summary_large_image","schema":{"@context":"https:\/\/schema.org","@graph":[{"@type":"WebPage","@id":"https:\/\/canjaumeartesans.es\/fr\/producto\/pois-chiches-bio-cuits\/","url":"https:\/\/canjaumeartesans.es\/fr\/producto\/pois-chiches-bio-cuits\/","name":"Pois chiches biologiques cuits - Carnicer\u00eda artesana online","isPartOf":{"@id":"https:\/\/canjaumeartesans.es\/fr\/#website"},"datePublished":"2022-04-16T09:39:22+00:00","dateModified":"2026-01-29T09:43:27+00:00","breadcrumb":{"@id":"https:\/\/canjaumeartesans.es\/fr\/producto\/pois-chiches-bio-cuits\/#breadcrumb"},"inLanguage":"fr-FR","potentialAction":[{"@type":"ReadAction","target":["https:\/\/canjaumeartesans.es\/fr\/producto\/pois-chiches-bio-cuits\/"]}]},{"@type":"BreadcrumbList","@id":"https:\/\/canjaumeartesans.es\/fr\/producto\/pois-chiches-bio-cuits\/#breadcrumb","itemListElement":[{"@type":"ListItem","position":1,"name":"Portada","item":"https:\/\/canjaumeartesans.es\/fr\/"},{"@type":"ListItem","position":2,"name":"Catalogue de produits","item":"https:\/\/canjaumeartesans.es\/fr\/catalogue-de-produits\/"},{"@type":"ListItem","position":3,"name":"Pois chiches biologiques cuits"}]},{"@type":"WebSite","@id":"https:\/\/canjaumeartesans.es\/fr\/#website","url":"https:\/\/canjaumeartesans.es\/fr\/","name":"Carnicer\u00eda artesana online","description":"Carne al corte personalizado","publisher":{"@id":"https:\/\/canjaumeartesans.es\/fr\/#organization"},"potentialAction":[{"@type":"SearchAction","target":{"@type":"EntryPoint","urlTemplate":"https:\/\/canjaumeartesans.es\/fr\/?s={search_term_string}"},"query-input":{"@type":"PropertyValueSpecification","valueRequired":true,"valueName":"search_term_string"}}],"inLanguage":"fr-FR"},{"@type":"Organization","@id":"https:\/\/canjaumeartesans.es\/fr\/#organization","name":"Can Jaume Carniceria artesana","url":"https:\/\/canjaumeartesans.es\/fr\/","logo":{"@type":"ImageObject","inLanguage":"fr-FR","@id":"https:\/\/canjaumeartesans.es\/fr\/#\/schema\/logo\/image\/","url":"https:\/\/canjaumeartesans.es\/wp-content\/uploads\/2023\/01\/Can-Jaume-logo_185@2x.png","contentUrl":"https:\/\/canjaumeartesans.es\/wp-content\/uploads\/2023\/01\/Can-Jaume-logo_185@2x.png","width":370,"height":249,"caption":"Can Jaume Carniceria artesana"},"image":{"@id":"https:\/\/canjaumeartesans.es\/fr\/#\/schema\/logo\/image\/"},"sameAs":["https:\/\/www.instagram.com\/canjaumeartesans\/"]}]}},"_links":{"self":[{"href":"https:\/\/canjaumeartesans.es\/fr\/wp-json\/wp\/v2\/product\/8858","targetHints":{"allow":["GET"]}}],"collection":[{"href":"https:\/\/canjaumeartesans.es\/fr\/wp-json\/wp\/v2\/product"}],"about":[{"href":"https:\/\/canjaumeartesans.es\/fr\/wp-json\/wp\/v2\/types\/product"}],"wp:attachment":[{"href":"https:\/\/canjaumeartesans.es\/fr\/wp-json\/wp\/v2\/media?parent=8858"}],"wp:term":[{"taxonomy":"product_brand","embeddable":true,"href":"https:\/\/canjaumeartesans.es\/fr\/wp-json\/wp\/v2\/product_brand?post=8858"},{"taxonomy":"product_cat","embeddable":true,"href":"https:\/\/canjaumeartesans.es\/fr\/wp-json\/wp\/v2\/product_cat?post=8858"},{"taxonomy":"product_tag","embeddable":true,"href":"https:\/\/canjaumeartesans.es\/fr\/wp-json\/wp\/v2\/product_tag?post=8858"}],"curies":[{"name":"wp","href":"https:\/\/api.w.org\/{rel}","templated":true}]}}