{"id":7802,"date":"2022-02-26T12:22:01","date_gmt":"2022-02-26T11:22:01","guid":{"rendered":"https:\/\/canjaumeartesans.es\/?post_type=product&#038;p=7802"},"modified":"2026-01-29T10:27:31","modified_gmt":"2026-01-29T09:27:31","slug":"blanc-de-riz","status":"publish","type":"product","link":"https:\/\/canjaumeartesans.es\/fr\/producto\/blanc-de-riz\/","title":{"rendered":"Riz blanc"},"content":{"rendered":"","protected":false},"excerpt":{"rendered":"<p>Riz cuit avec un l\u00e9ger go\u00fbt d&rsquo;ail, servi sec, sans bouillon, id\u00e9al comme garniture.&nbsp;<\/p>\n","protected":false},"featured_media":0,"template":"","meta":[],"product_brand":[],"product_cat":[308],"product_tag":[479],"class_list":{"0":"post-7802","1":"product","2":"type-product","3":"status-publish","5":"product_cat-plats-cuisines-precuits","6":"product_tag-p-poids","8":"first","9":"instock","10":"shipping-taxable","11":"purchasable","12":"product-type-simple"},"yoast_head":"<!-- This site is optimized with the Yoast SEO plugin v27.3 - https:\/\/yoast.com\/product\/yoast-seo-wordpress\/ -->\n<title>Riz blanc - Carnicer\u00eda artesana online<\/title>\n<meta name=\"robots\" content=\"index, follow, max-snippet:-1, max-image-preview:large, max-video-preview:-1\" \/>\n<link rel=\"canonical\" href=\"https:\/\/canjaumeartesans.es\/fr\/producto\/blanc-de-riz\/\" \/>\n<meta property=\"og:locale\" content=\"fr_FR\" \/>\n<meta property=\"og:type\" content=\"article\" \/>\n<meta property=\"og:title\" content=\"Riz blanc - Carnicer\u00eda artesana online\" \/>\n<meta property=\"og:description\" content=\"Riz cuit avec un l\u00e9ger go\u00fbt d&#039;ail, servi sec, sans bouillon, id\u00e9al comme garniture.&nbsp;\" \/>\n<meta property=\"og:url\" content=\"https:\/\/canjaumeartesans.es\/fr\/producto\/blanc-de-riz\/\" \/>\n<meta property=\"og:site_name\" content=\"Carnicer\u00eda artesana online\" \/>\n<meta property=\"article:modified_time\" content=\"2026-01-29T09:27:31+00:00\" \/>\n<meta name=\"twitter:card\" content=\"summary_large_image\" \/>\n<script type=\"application\/ld+json\" class=\"yoast-schema-graph\">{\"@context\":\"https:\\\/\\\/schema.org\",\"@graph\":[{\"@type\":\"WebPage\",\"@id\":\"https:\\\/\\\/canjaumeartesans.es\\\/fr\\\/producto\\\/blanc-de-riz\\\/\",\"url\":\"https:\\\/\\\/canjaumeartesans.es\\\/fr\\\/producto\\\/blanc-de-riz\\\/\",\"name\":\"Riz blanc - Carnicer\u00eda artesana online\",\"isPartOf\":{\"@id\":\"https:\\\/\\\/canjaumeartesans.es\\\/fr\\\/#website\"},\"datePublished\":\"2022-02-26T11:22:01+00:00\",\"dateModified\":\"2026-01-29T09:27:31+00:00\",\"breadcrumb\":{\"@id\":\"https:\\\/\\\/canjaumeartesans.es\\\/fr\\\/producto\\\/blanc-de-riz\\\/#breadcrumb\"},\"inLanguage\":\"fr-FR\",\"potentialAction\":[{\"@type\":\"ReadAction\",\"target\":[\"https:\\\/\\\/canjaumeartesans.es\\\/fr\\\/producto\\\/blanc-de-riz\\\/\"]}]},{\"@type\":\"BreadcrumbList\",\"@id\":\"https:\\\/\\\/canjaumeartesans.es\\\/fr\\\/producto\\\/blanc-de-riz\\\/#breadcrumb\",\"itemListElement\":[{\"@type\":\"ListItem\",\"position\":1,\"name\":\"Portada\",\"item\":\"https:\\\/\\\/canjaumeartesans.es\\\/fr\\\/\"},{\"@type\":\"ListItem\",\"position\":2,\"name\":\"Catalogue de produits\",\"item\":\"https:\\\/\\\/canjaumeartesans.es\\\/fr\\\/catalogue-de-produits\\\/\"},{\"@type\":\"ListItem\",\"position\":3,\"name\":\"Riz blanc\"}]},{\"@type\":\"WebSite\",\"@id\":\"https:\\\/\\\/canjaumeartesans.es\\\/fr\\\/#website\",\"url\":\"https:\\\/\\\/canjaumeartesans.es\\\/fr\\\/\",\"name\":\"Carnicer\u00eda artesana online\",\"description\":\"Carne al corte personalizado\",\"publisher\":{\"@id\":\"https:\\\/\\\/canjaumeartesans.es\\\/fr\\\/#organization\"},\"potentialAction\":[{\"@type\":\"SearchAction\",\"target\":{\"@type\":\"EntryPoint\",\"urlTemplate\":\"https:\\\/\\\/canjaumeartesans.es\\\/fr\\\/?s={search_term_string}\"},\"query-input\":{\"@type\":\"PropertyValueSpecification\",\"valueRequired\":true,\"valueName\":\"search_term_string\"}}],\"inLanguage\":\"fr-FR\"},{\"@type\":\"Organization\",\"@id\":\"https:\\\/\\\/canjaumeartesans.es\\\/fr\\\/#organization\",\"name\":\"Can Jaume Carniceria artesana\",\"url\":\"https:\\\/\\\/canjaumeartesans.es\\\/fr\\\/\",\"logo\":{\"@type\":\"ImageObject\",\"inLanguage\":\"fr-FR\",\"@id\":\"https:\\\/\\\/canjaumeartesans.es\\\/fr\\\/#\\\/schema\\\/logo\\\/image\\\/\",\"url\":\"https:\\\/\\\/canjaumeartesans.es\\\/wp-content\\\/uploads\\\/2023\\\/01\\\/Can-Jaume-logo_185@2x.png\",\"contentUrl\":\"https:\\\/\\\/canjaumeartesans.es\\\/wp-content\\\/uploads\\\/2023\\\/01\\\/Can-Jaume-logo_185@2x.png\",\"width\":370,\"height\":249,\"caption\":\"Can Jaume Carniceria artesana\"},\"image\":{\"@id\":\"https:\\\/\\\/canjaumeartesans.es\\\/fr\\\/#\\\/schema\\\/logo\\\/image\\\/\"},\"sameAs\":[\"https:\\\/\\\/www.instagram.com\\\/canjaumeartesans\\\/\"]}]}<\/script>\n<!-- \/ Yoast SEO plugin. -->","yoast_head_json":{"title":"Riz blanc - Carnicer\u00eda artesana online","robots":{"index":"index","follow":"follow","max-snippet":"max-snippet:-1","max-image-preview":"max-image-preview:large","max-video-preview":"max-video-preview:-1"},"canonical":"https:\/\/canjaumeartesans.es\/fr\/producto\/blanc-de-riz\/","og_locale":"fr_FR","og_type":"article","og_title":"Riz blanc - Carnicer\u00eda artesana online","og_description":"Riz cuit avec un l\u00e9ger go\u00fbt d'ail, servi sec, sans bouillon, id\u00e9al comme garniture.&nbsp;","og_url":"https:\/\/canjaumeartesans.es\/fr\/producto\/blanc-de-riz\/","og_site_name":"Carnicer\u00eda artesana online","article_modified_time":"2026-01-29T09:27:31+00:00","twitter_card":"summary_large_image","schema":{"@context":"https:\/\/schema.org","@graph":[{"@type":"WebPage","@id":"https:\/\/canjaumeartesans.es\/fr\/producto\/blanc-de-riz\/","url":"https:\/\/canjaumeartesans.es\/fr\/producto\/blanc-de-riz\/","name":"Riz blanc - Carnicer\u00eda artesana online","isPartOf":{"@id":"https:\/\/canjaumeartesans.es\/fr\/#website"},"datePublished":"2022-02-26T11:22:01+00:00","dateModified":"2026-01-29T09:27:31+00:00","breadcrumb":{"@id":"https:\/\/canjaumeartesans.es\/fr\/producto\/blanc-de-riz\/#breadcrumb"},"inLanguage":"fr-FR","potentialAction":[{"@type":"ReadAction","target":["https:\/\/canjaumeartesans.es\/fr\/producto\/blanc-de-riz\/"]}]},{"@type":"BreadcrumbList","@id":"https:\/\/canjaumeartesans.es\/fr\/producto\/blanc-de-riz\/#breadcrumb","itemListElement":[{"@type":"ListItem","position":1,"name":"Portada","item":"https:\/\/canjaumeartesans.es\/fr\/"},{"@type":"ListItem","position":2,"name":"Catalogue de produits","item":"https:\/\/canjaumeartesans.es\/fr\/catalogue-de-produits\/"},{"@type":"ListItem","position":3,"name":"Riz blanc"}]},{"@type":"WebSite","@id":"https:\/\/canjaumeartesans.es\/fr\/#website","url":"https:\/\/canjaumeartesans.es\/fr\/","name":"Carnicer\u00eda artesana online","description":"Carne al corte personalizado","publisher":{"@id":"https:\/\/canjaumeartesans.es\/fr\/#organization"},"potentialAction":[{"@type":"SearchAction","target":{"@type":"EntryPoint","urlTemplate":"https:\/\/canjaumeartesans.es\/fr\/?s={search_term_string}"},"query-input":{"@type":"PropertyValueSpecification","valueRequired":true,"valueName":"search_term_string"}}],"inLanguage":"fr-FR"},{"@type":"Organization","@id":"https:\/\/canjaumeartesans.es\/fr\/#organization","name":"Can Jaume Carniceria artesana","url":"https:\/\/canjaumeartesans.es\/fr\/","logo":{"@type":"ImageObject","inLanguage":"fr-FR","@id":"https:\/\/canjaumeartesans.es\/fr\/#\/schema\/logo\/image\/","url":"https:\/\/canjaumeartesans.es\/wp-content\/uploads\/2023\/01\/Can-Jaume-logo_185@2x.png","contentUrl":"https:\/\/canjaumeartesans.es\/wp-content\/uploads\/2023\/01\/Can-Jaume-logo_185@2x.png","width":370,"height":249,"caption":"Can Jaume Carniceria artesana"},"image":{"@id":"https:\/\/canjaumeartesans.es\/fr\/#\/schema\/logo\/image\/"},"sameAs":["https:\/\/www.instagram.com\/canjaumeartesans\/"]}]}},"_links":{"self":[{"href":"https:\/\/canjaumeartesans.es\/fr\/wp-json\/wp\/v2\/product\/7802","targetHints":{"allow":["GET"]}}],"collection":[{"href":"https:\/\/canjaumeartesans.es\/fr\/wp-json\/wp\/v2\/product"}],"about":[{"href":"https:\/\/canjaumeartesans.es\/fr\/wp-json\/wp\/v2\/types\/product"}],"wp:attachment":[{"href":"https:\/\/canjaumeartesans.es\/fr\/wp-json\/wp\/v2\/media?parent=7802"}],"wp:term":[{"taxonomy":"product_brand","embeddable":true,"href":"https:\/\/canjaumeartesans.es\/fr\/wp-json\/wp\/v2\/product_brand?post=7802"},{"taxonomy":"product_cat","embeddable":true,"href":"https:\/\/canjaumeartesans.es\/fr\/wp-json\/wp\/v2\/product_cat?post=7802"},{"taxonomy":"product_tag","embeddable":true,"href":"https:\/\/canjaumeartesans.es\/fr\/wp-json\/wp\/v2\/product_tag?post=7802"}],"curies":[{"name":"wp","href":"https:\/\/api.w.org\/{rel}","templated":true}]}}