{"id":7272,"date":"2022-04-29T16:39:25","date_gmt":"2022-04-29T14:39:25","guid":{"rendered":"https:\/\/canjaumeartesans.es\/producto\/haricots-blancs-cuits\/"},"modified":"2026-01-29T10:32:30","modified_gmt":"2026-01-29T09:32:30","slug":"haricots-blancs-au-four","status":"publish","type":"product","link":"https:\/\/canjaumeartesans.es\/fr\/producto\/haricots-blancs-au-four\/","title":{"rendered":"Haricots blancs cuits"},"content":{"rendered":"","protected":false},"excerpt":{"rendered":"<p>L\u00e9gumineuses cuites \u00e0 l&rsquo;eau et au sel et \u00e9goutt\u00e9es, s\u00e9lectionn\u00e9es pour leur qualit\u00e9 et leur saveur, choisies par r\u00e9gion en fonction de la r\u00e9colte de la saison en cours.<\/p>\n<p>Le bouillon de cuisson peut \u00eatre livr\u00e9 en le r\u00e9servant un jour \u00e0 l&rsquo;avance.<\/p>\n<p>Contact&nbsp;:<br \/>par t\u00e9l\u00e9phone <a href=\"tel:+34971726909\" data-mce-href=\"tel:+34971726909\">+34 971 726 909<\/a><br \/>par e-mail <a href=\"mailto:info@canjaumeartesans.es\" data-mce-href=\"mailto:info@canjaumeartesans.es\">info@canjaumeartesans.es<\/a><\/p>\n","protected":false},"featured_media":4194,"template":"","meta":[],"product_brand":[],"product_cat":[299,291],"product_tag":[479],"class_list":{"0":"post-7272","1":"product","2":"type-product","3":"status-publish","4":"has-post-thumbnail","6":"product_cat-legumineuse-cuite","7":"product_cat-legumineuses","8":"product_tag-p-poids","10":"first","11":"instock","12":"shipping-taxable","13":"purchasable","14":"product-type-simple"},"yoast_head":"<!-- This site is optimized with the Yoast SEO plugin v27.5 - https:\/\/yoast.com\/product\/yoast-seo-wordpress\/ -->\n<title>Haricots blancs cuits - Carnicer\u00eda artesana online<\/title>\n<meta name=\"robots\" content=\"index, follow, max-snippet:-1, max-image-preview:large, max-video-preview:-1\" \/>\n<link rel=\"canonical\" href=\"https:\/\/canjaumeartesans.es\/fr\/producto\/haricots-blancs-au-four\/\" \/>\n<meta property=\"og:locale\" content=\"fr_FR\" \/>\n<meta property=\"og:type\" content=\"article\" \/>\n<meta property=\"og:title\" content=\"Haricots blancs cuits - Carnicer\u00eda artesana online\" \/>\n<meta property=\"og:description\" content=\"L\u00e9gumineuses cuites \u00e0 l&#039;eau et au sel et \u00e9goutt\u00e9es, s\u00e9lectionn\u00e9es pour leur qualit\u00e9 et leur saveur, choisies par r\u00e9gion en fonction de la r\u00e9colte de la saison en cours.Le bouillon de cuisson peut \u00eatre livr\u00e9 en le r\u00e9servant un jour \u00e0 l&#039;avance.Contact&nbsp;:par t\u00e9l\u00e9phone +34 971 726 909par e-mail info@canjaumeartesans.es\" \/>\n<meta property=\"og:url\" content=\"https:\/\/canjaumeartesans.es\/fr\/producto\/haricots-blancs-au-four\/\" \/>\n<meta property=\"og:site_name\" content=\"Carnicer\u00eda artesana online\" \/>\n<meta property=\"article:modified_time\" content=\"2026-01-29T09:32:30+00:00\" \/>\n<meta property=\"og:image\" content=\"https:\/\/canjaumeartesans.es\/wp-content\/uploads\/2023\/02\/legumbre-cocida-alubias-blancas.jpg\" \/>\n\t<meta property=\"og:image:width\" content=\"1000\" \/>\n\t<meta property=\"og:image:height\" content=\"1000\" \/>\n\t<meta property=\"og:image:type\" content=\"image\/jpeg\" \/>\n<meta name=\"twitter:card\" content=\"summary_large_image\" \/>\n<script type=\"application\/ld+json\" class=\"yoast-schema-graph\">{\"@context\":\"https:\\\/\\\/schema.org\",\"@graph\":[{\"@type\":\"WebPage\",\"@id\":\"https:\\\/\\\/canjaumeartesans.es\\\/fr\\\/producto\\\/haricots-blancs-au-four\\\/\",\"url\":\"https:\\\/\\\/canjaumeartesans.es\\\/fr\\\/producto\\\/haricots-blancs-au-four\\\/\",\"name\":\"Haricots blancs cuits - Carnicer\u00eda artesana online\",\"isPartOf\":{\"@id\":\"https:\\\/\\\/canjaumeartesans.es\\\/fr\\\/#website\"},\"primaryImageOfPage\":{\"@id\":\"https:\\\/\\\/canjaumeartesans.es\\\/fr\\\/producto\\\/haricots-blancs-au-four\\\/#primaryimage\"},\"image\":{\"@id\":\"https:\\\/\\\/canjaumeartesans.es\\\/fr\\\/producto\\\/haricots-blancs-au-four\\\/#primaryimage\"},\"thumbnailUrl\":\"https:\\\/\\\/canjaumeartesans.es\\\/wp-content\\\/uploads\\\/2023\\\/02\\\/legumbre-cocida-alubias-blancas.jpg\",\"datePublished\":\"2022-04-29T14:39:25+00:00\",\"dateModified\":\"2026-01-29T09:32:30+00:00\",\"breadcrumb\":{\"@id\":\"https:\\\/\\\/canjaumeartesans.es\\\/fr\\\/producto\\\/haricots-blancs-au-four\\\/#breadcrumb\"},\"inLanguage\":\"fr-FR\",\"potentialAction\":[{\"@type\":\"ReadAction\",\"target\":[\"https:\\\/\\\/canjaumeartesans.es\\\/fr\\\/producto\\\/haricots-blancs-au-four\\\/\"]}]},{\"@type\":\"ImageObject\",\"inLanguage\":\"fr-FR\",\"@id\":\"https:\\\/\\\/canjaumeartesans.es\\\/fr\\\/producto\\\/haricots-blancs-au-four\\\/#primaryimage\",\"url\":\"https:\\\/\\\/canjaumeartesans.es\\\/wp-content\\\/uploads\\\/2023\\\/02\\\/legumbre-cocida-alubias-blancas.jpg\",\"contentUrl\":\"https:\\\/\\\/canjaumeartesans.es\\\/wp-content\\\/uploads\\\/2023\\\/02\\\/legumbre-cocida-alubias-blancas.jpg\",\"width\":1000,\"height\":1000},{\"@type\":\"BreadcrumbList\",\"@id\":\"https:\\\/\\\/canjaumeartesans.es\\\/fr\\\/producto\\\/haricots-blancs-au-four\\\/#breadcrumb\",\"itemListElement\":[{\"@type\":\"ListItem\",\"position\":1,\"name\":\"Portada\",\"item\":\"https:\\\/\\\/canjaumeartesans.es\\\/fr\\\/\"},{\"@type\":\"ListItem\",\"position\":2,\"name\":\"Catalogue de produits\",\"item\":\"https:\\\/\\\/canjaumeartesans.es\\\/fr\\\/catalogue-de-produits\\\/\"},{\"@type\":\"ListItem\",\"position\":3,\"name\":\"Haricots blancs cuits\"}]},{\"@type\":\"WebSite\",\"@id\":\"https:\\\/\\\/canjaumeartesans.es\\\/fr\\\/#website\",\"url\":\"https:\\\/\\\/canjaumeartesans.es\\\/fr\\\/\",\"name\":\"Carnicer\u00eda artesana online\",\"description\":\"Carne al corte personalizado\",\"publisher\":{\"@id\":\"https:\\\/\\\/canjaumeartesans.es\\\/fr\\\/#organization\"},\"potentialAction\":[{\"@type\":\"SearchAction\",\"target\":{\"@type\":\"EntryPoint\",\"urlTemplate\":\"https:\\\/\\\/canjaumeartesans.es\\\/fr\\\/?s={search_term_string}\"},\"query-input\":{\"@type\":\"PropertyValueSpecification\",\"valueRequired\":true,\"valueName\":\"search_term_string\"}}],\"inLanguage\":\"fr-FR\"},{\"@type\":\"Organization\",\"@id\":\"https:\\\/\\\/canjaumeartesans.es\\\/fr\\\/#organization\",\"name\":\"Can Jaume Carniceria artesana\",\"url\":\"https:\\\/\\\/canjaumeartesans.es\\\/fr\\\/\",\"logo\":{\"@type\":\"ImageObject\",\"inLanguage\":\"fr-FR\",\"@id\":\"https:\\\/\\\/canjaumeartesans.es\\\/fr\\\/#\\\/schema\\\/logo\\\/image\\\/\",\"url\":\"https:\\\/\\\/canjaumeartesans.es\\\/wp-content\\\/uploads\\\/2023\\\/01\\\/Can-Jaume-logo_185@2x.png\",\"contentUrl\":\"https:\\\/\\\/canjaumeartesans.es\\\/wp-content\\\/uploads\\\/2023\\\/01\\\/Can-Jaume-logo_185@2x.png\",\"width\":370,\"height\":249,\"caption\":\"Can Jaume Carniceria artesana\"},\"image\":{\"@id\":\"https:\\\/\\\/canjaumeartesans.es\\\/fr\\\/#\\\/schema\\\/logo\\\/image\\\/\"},\"sameAs\":[\"https:\\\/\\\/www.instagram.com\\\/canjaumeartesans\\\/\"]}]}<\/script>\n<!-- \/ Yoast SEO plugin. -->","yoast_head_json":{"title":"Haricots blancs cuits - Carnicer\u00eda artesana online","robots":{"index":"index","follow":"follow","max-snippet":"max-snippet:-1","max-image-preview":"max-image-preview:large","max-video-preview":"max-video-preview:-1"},"canonical":"https:\/\/canjaumeartesans.es\/fr\/producto\/haricots-blancs-au-four\/","og_locale":"fr_FR","og_type":"article","og_title":"Haricots blancs cuits - Carnicer\u00eda artesana online","og_description":"L\u00e9gumineuses cuites \u00e0 l'eau et au sel et \u00e9goutt\u00e9es, s\u00e9lectionn\u00e9es pour leur qualit\u00e9 et leur saveur, choisies par r\u00e9gion en fonction de la r\u00e9colte de la saison en cours.Le bouillon de cuisson peut \u00eatre livr\u00e9 en le r\u00e9servant un jour \u00e0 l'avance.Contact&nbsp;:par t\u00e9l\u00e9phone +34 971 726 909par e-mail info@canjaumeartesans.es","og_url":"https:\/\/canjaumeartesans.es\/fr\/producto\/haricots-blancs-au-four\/","og_site_name":"Carnicer\u00eda artesana online","article_modified_time":"2026-01-29T09:32:30+00:00","og_image":[{"width":1000,"height":1000,"url":"https:\/\/canjaumeartesans.es\/wp-content\/uploads\/2023\/02\/legumbre-cocida-alubias-blancas.jpg","type":"image\/jpeg"}],"twitter_card":"summary_large_image","schema":{"@context":"https:\/\/schema.org","@graph":[{"@type":"WebPage","@id":"https:\/\/canjaumeartesans.es\/fr\/producto\/haricots-blancs-au-four\/","url":"https:\/\/canjaumeartesans.es\/fr\/producto\/haricots-blancs-au-four\/","name":"Haricots blancs cuits - Carnicer\u00eda artesana online","isPartOf":{"@id":"https:\/\/canjaumeartesans.es\/fr\/#website"},"primaryImageOfPage":{"@id":"https:\/\/canjaumeartesans.es\/fr\/producto\/haricots-blancs-au-four\/#primaryimage"},"image":{"@id":"https:\/\/canjaumeartesans.es\/fr\/producto\/haricots-blancs-au-four\/#primaryimage"},"thumbnailUrl":"https:\/\/canjaumeartesans.es\/wp-content\/uploads\/2023\/02\/legumbre-cocida-alubias-blancas.jpg","datePublished":"2022-04-29T14:39:25+00:00","dateModified":"2026-01-29T09:32:30+00:00","breadcrumb":{"@id":"https:\/\/canjaumeartesans.es\/fr\/producto\/haricots-blancs-au-four\/#breadcrumb"},"inLanguage":"fr-FR","potentialAction":[{"@type":"ReadAction","target":["https:\/\/canjaumeartesans.es\/fr\/producto\/haricots-blancs-au-four\/"]}]},{"@type":"ImageObject","inLanguage":"fr-FR","@id":"https:\/\/canjaumeartesans.es\/fr\/producto\/haricots-blancs-au-four\/#primaryimage","url":"https:\/\/canjaumeartesans.es\/wp-content\/uploads\/2023\/02\/legumbre-cocida-alubias-blancas.jpg","contentUrl":"https:\/\/canjaumeartesans.es\/wp-content\/uploads\/2023\/02\/legumbre-cocida-alubias-blancas.jpg","width":1000,"height":1000},{"@type":"BreadcrumbList","@id":"https:\/\/canjaumeartesans.es\/fr\/producto\/haricots-blancs-au-four\/#breadcrumb","itemListElement":[{"@type":"ListItem","position":1,"name":"Portada","item":"https:\/\/canjaumeartesans.es\/fr\/"},{"@type":"ListItem","position":2,"name":"Catalogue de produits","item":"https:\/\/canjaumeartesans.es\/fr\/catalogue-de-produits\/"},{"@type":"ListItem","position":3,"name":"Haricots blancs cuits"}]},{"@type":"WebSite","@id":"https:\/\/canjaumeartesans.es\/fr\/#website","url":"https:\/\/canjaumeartesans.es\/fr\/","name":"Carnicer\u00eda artesana online","description":"Carne al corte personalizado","publisher":{"@id":"https:\/\/canjaumeartesans.es\/fr\/#organization"},"potentialAction":[{"@type":"SearchAction","target":{"@type":"EntryPoint","urlTemplate":"https:\/\/canjaumeartesans.es\/fr\/?s={search_term_string}"},"query-input":{"@type":"PropertyValueSpecification","valueRequired":true,"valueName":"search_term_string"}}],"inLanguage":"fr-FR"},{"@type":"Organization","@id":"https:\/\/canjaumeartesans.es\/fr\/#organization","name":"Can Jaume Carniceria artesana","url":"https:\/\/canjaumeartesans.es\/fr\/","logo":{"@type":"ImageObject","inLanguage":"fr-FR","@id":"https:\/\/canjaumeartesans.es\/fr\/#\/schema\/logo\/image\/","url":"https:\/\/canjaumeartesans.es\/wp-content\/uploads\/2023\/01\/Can-Jaume-logo_185@2x.png","contentUrl":"https:\/\/canjaumeartesans.es\/wp-content\/uploads\/2023\/01\/Can-Jaume-logo_185@2x.png","width":370,"height":249,"caption":"Can Jaume Carniceria artesana"},"image":{"@id":"https:\/\/canjaumeartesans.es\/fr\/#\/schema\/logo\/image\/"},"sameAs":["https:\/\/www.instagram.com\/canjaumeartesans\/"]}]}},"_links":{"self":[{"href":"https:\/\/canjaumeartesans.es\/fr\/wp-json\/wp\/v2\/product\/7272","targetHints":{"allow":["GET"]}}],"collection":[{"href":"https:\/\/canjaumeartesans.es\/fr\/wp-json\/wp\/v2\/product"}],"about":[{"href":"https:\/\/canjaumeartesans.es\/fr\/wp-json\/wp\/v2\/types\/product"}],"wp:featuredmedia":[{"embeddable":true,"href":"https:\/\/canjaumeartesans.es\/fr\/wp-json\/wp\/v2\/media\/4194"}],"wp:attachment":[{"href":"https:\/\/canjaumeartesans.es\/fr\/wp-json\/wp\/v2\/media?parent=7272"}],"wp:term":[{"taxonomy":"product_brand","embeddable":true,"href":"https:\/\/canjaumeartesans.es\/fr\/wp-json\/wp\/v2\/product_brand?post=7272"},{"taxonomy":"product_cat","embeddable":true,"href":"https:\/\/canjaumeartesans.es\/fr\/wp-json\/wp\/v2\/product_cat?post=7272"},{"taxonomy":"product_tag","embeddable":true,"href":"https:\/\/canjaumeartesans.es\/fr\/wp-json\/wp\/v2\/product_tag?post=7272"}],"curies":[{"name":"wp","href":"https:\/\/api.w.org\/{rel}","templated":true}]}}