{"id":6699,"date":"2022-05-27T20:10:05","date_gmt":"2022-05-27T18:10:05","guid":{"rendered":"https:\/\/canjaumeartesans.es\/producto\/poulet-a-la-moutarde\/"},"modified":"2026-01-28T12:28:02","modified_gmt":"2026-01-28T11:28:02","slug":"poulet-a-la-mostaza","status":"publish","type":"product","link":"https:\/\/canjaumeartesans.es\/fr\/producto\/poulet-a-la-mostaza\/","title":{"rendered":"Poulet \u00e0 la moutarde"},"content":{"rendered":"","protected":false},"excerpt":{"rendered":"<p>Morceaux de poitrine de poulet assaisonn\u00e9s de sel et de poivre. Pr\u00eat \u00e0 cuire au four ou \u00e0 l&rsquo;\u00e9touff\u00e9e.<\/p>\n","protected":false},"featured_media":10239,"template":"","meta":[],"product_brand":[],"product_cat":[138,279],"product_tag":[479,477],"class_list":{"0":"post-6699","1":"product","2":"type-product","3":"status-publish","4":"has-post-thumbnail","6":"product_cat-boucherie","7":"product_cat-elabore","8":"product_tag-p-poids","9":"product_tag-p-unite","11":"first","12":"instock","13":"shipping-taxable","14":"purchasable","15":"product-type-simple"},"yoast_head":"<!-- This site is optimized with the Yoast SEO plugin v27.3 - https:\/\/yoast.com\/product\/yoast-seo-wordpress\/ -->\n<title>Poulet \u00e0 la moutarde - Carnicer\u00eda artesana online<\/title>\n<meta name=\"robots\" content=\"index, follow, max-snippet:-1, max-image-preview:large, max-video-preview:-1\" \/>\n<link rel=\"canonical\" href=\"https:\/\/canjaumeartesans.es\/fr\/producto\/poulet-a-la-mostaza\/\" \/>\n<meta property=\"og:locale\" content=\"fr_FR\" \/>\n<meta property=\"og:type\" content=\"article\" \/>\n<meta property=\"og:title\" content=\"Poulet \u00e0 la moutarde - Carnicer\u00eda artesana online\" \/>\n<meta property=\"og:description\" content=\"Morceaux de poitrine de poulet assaisonn\u00e9s de sel et de poivre. Pr\u00eat \u00e0 cuire au four ou \u00e0 l&#039;\u00e9touff\u00e9e.\" \/>\n<meta property=\"og:url\" content=\"https:\/\/canjaumeartesans.es\/fr\/producto\/poulet-a-la-mostaza\/\" \/>\n<meta property=\"og:site_name\" content=\"Carnicer\u00eda artesana online\" \/>\n<meta property=\"article:modified_time\" content=\"2026-01-28T11:28:02+00:00\" \/>\n<meta property=\"og:image\" content=\"https:\/\/canjaumeartesans.es\/wp-content\/uploads\/2023\/07\/Preparado-Pollo-a-la-mostaza.jpg\" \/>\n\t<meta property=\"og:image:width\" content=\"1100\" \/>\n\t<meta property=\"og:image:height\" content=\"1100\" \/>\n\t<meta property=\"og:image:type\" content=\"image\/jpeg\" \/>\n<meta name=\"twitter:card\" content=\"summary_large_image\" \/>\n<script type=\"application\/ld+json\" class=\"yoast-schema-graph\">{\"@context\":\"https:\\\/\\\/schema.org\",\"@graph\":[{\"@type\":\"WebPage\",\"@id\":\"https:\\\/\\\/canjaumeartesans.es\\\/fr\\\/producto\\\/poulet-a-la-mostaza\\\/\",\"url\":\"https:\\\/\\\/canjaumeartesans.es\\\/fr\\\/producto\\\/poulet-a-la-mostaza\\\/\",\"name\":\"Poulet \u00e0 la moutarde - Carnicer\u00eda artesana online\",\"isPartOf\":{\"@id\":\"https:\\\/\\\/canjaumeartesans.es\\\/fr\\\/#website\"},\"primaryImageOfPage\":{\"@id\":\"https:\\\/\\\/canjaumeartesans.es\\\/fr\\\/producto\\\/poulet-a-la-mostaza\\\/#primaryimage\"},\"image\":{\"@id\":\"https:\\\/\\\/canjaumeartesans.es\\\/fr\\\/producto\\\/poulet-a-la-mostaza\\\/#primaryimage\"},\"thumbnailUrl\":\"https:\\\/\\\/canjaumeartesans.es\\\/wp-content\\\/uploads\\\/2023\\\/07\\\/Preparado-Pollo-a-la-mostaza.jpg\",\"datePublished\":\"2022-05-27T18:10:05+00:00\",\"dateModified\":\"2026-01-28T11:28:02+00:00\",\"breadcrumb\":{\"@id\":\"https:\\\/\\\/canjaumeartesans.es\\\/fr\\\/producto\\\/poulet-a-la-mostaza\\\/#breadcrumb\"},\"inLanguage\":\"fr-FR\",\"potentialAction\":[{\"@type\":\"ReadAction\",\"target\":[\"https:\\\/\\\/canjaumeartesans.es\\\/fr\\\/producto\\\/poulet-a-la-mostaza\\\/\"]}]},{\"@type\":\"ImageObject\",\"inLanguage\":\"fr-FR\",\"@id\":\"https:\\\/\\\/canjaumeartesans.es\\\/fr\\\/producto\\\/poulet-a-la-mostaza\\\/#primaryimage\",\"url\":\"https:\\\/\\\/canjaumeartesans.es\\\/wp-content\\\/uploads\\\/2023\\\/07\\\/Preparado-Pollo-a-la-mostaza.jpg\",\"contentUrl\":\"https:\\\/\\\/canjaumeartesans.es\\\/wp-content\\\/uploads\\\/2023\\\/07\\\/Preparado-Pollo-a-la-mostaza.jpg\",\"width\":1100,\"height\":1100},{\"@type\":\"BreadcrumbList\",\"@id\":\"https:\\\/\\\/canjaumeartesans.es\\\/fr\\\/producto\\\/poulet-a-la-mostaza\\\/#breadcrumb\",\"itemListElement\":[{\"@type\":\"ListItem\",\"position\":1,\"name\":\"Portada\",\"item\":\"https:\\\/\\\/canjaumeartesans.es\\\/fr\\\/\"},{\"@type\":\"ListItem\",\"position\":2,\"name\":\"Catalogue de produits\",\"item\":\"https:\\\/\\\/canjaumeartesans.es\\\/fr\\\/catalogue-de-produits\\\/\"},{\"@type\":\"ListItem\",\"position\":3,\"name\":\"Poulet \u00e0 la moutarde\"}]},{\"@type\":\"WebSite\",\"@id\":\"https:\\\/\\\/canjaumeartesans.es\\\/fr\\\/#website\",\"url\":\"https:\\\/\\\/canjaumeartesans.es\\\/fr\\\/\",\"name\":\"Carnicer\u00eda artesana online\",\"description\":\"Carne al corte personalizado\",\"publisher\":{\"@id\":\"https:\\\/\\\/canjaumeartesans.es\\\/fr\\\/#organization\"},\"potentialAction\":[{\"@type\":\"SearchAction\",\"target\":{\"@type\":\"EntryPoint\",\"urlTemplate\":\"https:\\\/\\\/canjaumeartesans.es\\\/fr\\\/?s={search_term_string}\"},\"query-input\":{\"@type\":\"PropertyValueSpecification\",\"valueRequired\":true,\"valueName\":\"search_term_string\"}}],\"inLanguage\":\"fr-FR\"},{\"@type\":\"Organization\",\"@id\":\"https:\\\/\\\/canjaumeartesans.es\\\/fr\\\/#organization\",\"name\":\"Can Jaume Carniceria artesana\",\"url\":\"https:\\\/\\\/canjaumeartesans.es\\\/fr\\\/\",\"logo\":{\"@type\":\"ImageObject\",\"inLanguage\":\"fr-FR\",\"@id\":\"https:\\\/\\\/canjaumeartesans.es\\\/fr\\\/#\\\/schema\\\/logo\\\/image\\\/\",\"url\":\"https:\\\/\\\/canjaumeartesans.es\\\/wp-content\\\/uploads\\\/2023\\\/01\\\/Can-Jaume-logo_185@2x.png\",\"contentUrl\":\"https:\\\/\\\/canjaumeartesans.es\\\/wp-content\\\/uploads\\\/2023\\\/01\\\/Can-Jaume-logo_185@2x.png\",\"width\":370,\"height\":249,\"caption\":\"Can Jaume Carniceria artesana\"},\"image\":{\"@id\":\"https:\\\/\\\/canjaumeartesans.es\\\/fr\\\/#\\\/schema\\\/logo\\\/image\\\/\"},\"sameAs\":[\"https:\\\/\\\/www.instagram.com\\\/canjaumeartesans\\\/\"]}]}<\/script>\n<!-- \/ Yoast SEO plugin. -->","yoast_head_json":{"title":"Poulet \u00e0 la moutarde - Carnicer\u00eda artesana online","robots":{"index":"index","follow":"follow","max-snippet":"max-snippet:-1","max-image-preview":"max-image-preview:large","max-video-preview":"max-video-preview:-1"},"canonical":"https:\/\/canjaumeartesans.es\/fr\/producto\/poulet-a-la-mostaza\/","og_locale":"fr_FR","og_type":"article","og_title":"Poulet \u00e0 la moutarde - Carnicer\u00eda artesana online","og_description":"Morceaux de poitrine de poulet assaisonn\u00e9s de sel et de poivre. Pr\u00eat \u00e0 cuire au four ou \u00e0 l'\u00e9touff\u00e9e.","og_url":"https:\/\/canjaumeartesans.es\/fr\/producto\/poulet-a-la-mostaza\/","og_site_name":"Carnicer\u00eda artesana online","article_modified_time":"2026-01-28T11:28:02+00:00","og_image":[{"width":1100,"height":1100,"url":"https:\/\/canjaumeartesans.es\/wp-content\/uploads\/2023\/07\/Preparado-Pollo-a-la-mostaza.jpg","type":"image\/jpeg"}],"twitter_card":"summary_large_image","schema":{"@context":"https:\/\/schema.org","@graph":[{"@type":"WebPage","@id":"https:\/\/canjaumeartesans.es\/fr\/producto\/poulet-a-la-mostaza\/","url":"https:\/\/canjaumeartesans.es\/fr\/producto\/poulet-a-la-mostaza\/","name":"Poulet \u00e0 la moutarde - Carnicer\u00eda artesana online","isPartOf":{"@id":"https:\/\/canjaumeartesans.es\/fr\/#website"},"primaryImageOfPage":{"@id":"https:\/\/canjaumeartesans.es\/fr\/producto\/poulet-a-la-mostaza\/#primaryimage"},"image":{"@id":"https:\/\/canjaumeartesans.es\/fr\/producto\/poulet-a-la-mostaza\/#primaryimage"},"thumbnailUrl":"https:\/\/canjaumeartesans.es\/wp-content\/uploads\/2023\/07\/Preparado-Pollo-a-la-mostaza.jpg","datePublished":"2022-05-27T18:10:05+00:00","dateModified":"2026-01-28T11:28:02+00:00","breadcrumb":{"@id":"https:\/\/canjaumeartesans.es\/fr\/producto\/poulet-a-la-mostaza\/#breadcrumb"},"inLanguage":"fr-FR","potentialAction":[{"@type":"ReadAction","target":["https:\/\/canjaumeartesans.es\/fr\/producto\/poulet-a-la-mostaza\/"]}]},{"@type":"ImageObject","inLanguage":"fr-FR","@id":"https:\/\/canjaumeartesans.es\/fr\/producto\/poulet-a-la-mostaza\/#primaryimage","url":"https:\/\/canjaumeartesans.es\/wp-content\/uploads\/2023\/07\/Preparado-Pollo-a-la-mostaza.jpg","contentUrl":"https:\/\/canjaumeartesans.es\/wp-content\/uploads\/2023\/07\/Preparado-Pollo-a-la-mostaza.jpg","width":1100,"height":1100},{"@type":"BreadcrumbList","@id":"https:\/\/canjaumeartesans.es\/fr\/producto\/poulet-a-la-mostaza\/#breadcrumb","itemListElement":[{"@type":"ListItem","position":1,"name":"Portada","item":"https:\/\/canjaumeartesans.es\/fr\/"},{"@type":"ListItem","position":2,"name":"Catalogue de produits","item":"https:\/\/canjaumeartesans.es\/fr\/catalogue-de-produits\/"},{"@type":"ListItem","position":3,"name":"Poulet \u00e0 la moutarde"}]},{"@type":"WebSite","@id":"https:\/\/canjaumeartesans.es\/fr\/#website","url":"https:\/\/canjaumeartesans.es\/fr\/","name":"Carnicer\u00eda artesana online","description":"Carne al corte personalizado","publisher":{"@id":"https:\/\/canjaumeartesans.es\/fr\/#organization"},"potentialAction":[{"@type":"SearchAction","target":{"@type":"EntryPoint","urlTemplate":"https:\/\/canjaumeartesans.es\/fr\/?s={search_term_string}"},"query-input":{"@type":"PropertyValueSpecification","valueRequired":true,"valueName":"search_term_string"}}],"inLanguage":"fr-FR"},{"@type":"Organization","@id":"https:\/\/canjaumeartesans.es\/fr\/#organization","name":"Can Jaume Carniceria artesana","url":"https:\/\/canjaumeartesans.es\/fr\/","logo":{"@type":"ImageObject","inLanguage":"fr-FR","@id":"https:\/\/canjaumeartesans.es\/fr\/#\/schema\/logo\/image\/","url":"https:\/\/canjaumeartesans.es\/wp-content\/uploads\/2023\/01\/Can-Jaume-logo_185@2x.png","contentUrl":"https:\/\/canjaumeartesans.es\/wp-content\/uploads\/2023\/01\/Can-Jaume-logo_185@2x.png","width":370,"height":249,"caption":"Can Jaume Carniceria artesana"},"image":{"@id":"https:\/\/canjaumeartesans.es\/fr\/#\/schema\/logo\/image\/"},"sameAs":["https:\/\/www.instagram.com\/canjaumeartesans\/"]}]}},"_links":{"self":[{"href":"https:\/\/canjaumeartesans.es\/fr\/wp-json\/wp\/v2\/product\/6699","targetHints":{"allow":["GET"]}}],"collection":[{"href":"https:\/\/canjaumeartesans.es\/fr\/wp-json\/wp\/v2\/product"}],"about":[{"href":"https:\/\/canjaumeartesans.es\/fr\/wp-json\/wp\/v2\/types\/product"}],"wp:featuredmedia":[{"embeddable":true,"href":"https:\/\/canjaumeartesans.es\/fr\/wp-json\/wp\/v2\/media\/10239"}],"wp:attachment":[{"href":"https:\/\/canjaumeartesans.es\/fr\/wp-json\/wp\/v2\/media?parent=6699"}],"wp:term":[{"taxonomy":"product_brand","embeddable":true,"href":"https:\/\/canjaumeartesans.es\/fr\/wp-json\/wp\/v2\/product_brand?post=6699"},{"taxonomy":"product_cat","embeddable":true,"href":"https:\/\/canjaumeartesans.es\/fr\/wp-json\/wp\/v2\/product_cat?post=6699"},{"taxonomy":"product_tag","embeddable":true,"href":"https:\/\/canjaumeartesans.es\/fr\/wp-json\/wp\/v2\/product_tag?post=6699"}],"curies":[{"name":"wp","href":"https:\/\/api.w.org\/{rel}","templated":true}]}}