{"id":5034,"date":"2022-12-27T17:08:00","date_gmt":"2022-12-27T16:08:00","guid":{"rendered":"https:\/\/canjaumeartesans.es\/producto\/cotelettes-de-porc-de-lait\/"},"modified":"2026-01-28T12:24:48","modified_gmt":"2026-01-28T11:24:48","slug":"cotelettes-de-boeuf-a-sucer","status":"publish","type":"product","link":"https:\/\/canjaumeartesans.es\/fr\/producto\/cotelettes-de-boeuf-a-sucer\/","title":{"rendered":"C\u00f4telettes de porc de lait"},"content":{"rendered":"","protected":false},"excerpt":{"rendered":"<h4>Le prix de ce produit varie en fonction de la taille du cochon de lait et peut atteindre 49 \u20ac\/kg.<\/h4>\n<p>Le prix d\u00e9finitif sera communiqu\u00e9 lors de la confirmation de la commande.<\/p>\n<p>Pour plus d&rsquo;informations, veuillez contacter&nbsp;:<br \/>par t\u00e9l\u00e9phone <a href=\"tel:+34971726909\" data-mce-href=\"tel:+34971726909\">+34 971 726 909<\/a><br \/>par courriel <a href=\"mailto:info@canjaumeartesans.es\" data-mce-href=\"mailto:info@canjaumeartesans.es\">info@canjaumeartesans.es<\/a><\/p>\n","protected":false},"featured_media":3654,"template":"","meta":[],"product_brand":[],"product_cat":[138,244],"product_tag":[479,477],"class_list":{"0":"post-5034","1":"product","2":"type-product","3":"status-publish","4":"has-post-thumbnail","6":"product_cat-boucherie","7":"product_cat-lechona-fr","8":"product_tag-p-poids","9":"product_tag-p-unite","11":"first","12":"instock","13":"shipping-taxable","14":"purchasable","15":"product-type-simple"},"yoast_head":"<!-- This site is optimized with the Yoast SEO plugin v27.3 - https:\/\/yoast.com\/product\/yoast-seo-wordpress\/ -->\n<title>C\u00f4telettes de porc de lait - Carnicer\u00eda artesana online<\/title>\n<meta name=\"robots\" content=\"index, follow, max-snippet:-1, max-image-preview:large, max-video-preview:-1\" \/>\n<link rel=\"canonical\" href=\"https:\/\/canjaumeartesans.es\/fr\/producto\/cotelettes-de-boeuf-a-sucer\/\" \/>\n<meta property=\"og:locale\" content=\"fr_FR\" \/>\n<meta property=\"og:type\" content=\"article\" \/>\n<meta property=\"og:title\" content=\"C\u00f4telettes de porc de lait - Carnicer\u00eda artesana online\" \/>\n<meta property=\"og:description\" content=\"Le prix de ce produit varie en fonction de la taille du cochon de lait et peut atteindre 49 \u20ac\/kg.Le prix d\u00e9finitif sera communiqu\u00e9 lors de la confirmation de la commande.Pour plus d&#039;informations, veuillez contacter&nbsp;:par t\u00e9l\u00e9phone +34 971 726 909par courriel info@canjaumeartesans.es\" \/>\n<meta property=\"og:url\" content=\"https:\/\/canjaumeartesans.es\/fr\/producto\/cotelettes-de-boeuf-a-sucer\/\" \/>\n<meta property=\"og:site_name\" content=\"Carnicer\u00eda artesana online\" \/>\n<meta property=\"article:modified_time\" content=\"2026-01-28T11:24:48+00:00\" \/>\n<meta property=\"og:image\" content=\"https:\/\/canjaumeartesans.es\/wp-content\/uploads\/2023\/01\/lechona-chuletas.jpg\" \/>\n\t<meta property=\"og:image:width\" content=\"1100\" \/>\n\t<meta property=\"og:image:height\" content=\"1100\" \/>\n\t<meta property=\"og:image:type\" content=\"image\/jpeg\" \/>\n<meta name=\"twitter:card\" content=\"summary_large_image\" \/>\n<script type=\"application\/ld+json\" class=\"yoast-schema-graph\">{\"@context\":\"https:\\\/\\\/schema.org\",\"@graph\":[{\"@type\":\"WebPage\",\"@id\":\"https:\\\/\\\/canjaumeartesans.es\\\/fr\\\/producto\\\/cotelettes-de-boeuf-a-sucer\\\/\",\"url\":\"https:\\\/\\\/canjaumeartesans.es\\\/fr\\\/producto\\\/cotelettes-de-boeuf-a-sucer\\\/\",\"name\":\"C\u00f4telettes de porc de lait - Carnicer\u00eda artesana online\",\"isPartOf\":{\"@id\":\"https:\\\/\\\/canjaumeartesans.es\\\/fr\\\/#website\"},\"primaryImageOfPage\":{\"@id\":\"https:\\\/\\\/canjaumeartesans.es\\\/fr\\\/producto\\\/cotelettes-de-boeuf-a-sucer\\\/#primaryimage\"},\"image\":{\"@id\":\"https:\\\/\\\/canjaumeartesans.es\\\/fr\\\/producto\\\/cotelettes-de-boeuf-a-sucer\\\/#primaryimage\"},\"thumbnailUrl\":\"https:\\\/\\\/canjaumeartesans.es\\\/wp-content\\\/uploads\\\/2023\\\/01\\\/lechona-chuletas.jpg\",\"datePublished\":\"2022-12-27T16:08:00+00:00\",\"dateModified\":\"2026-01-28T11:24:48+00:00\",\"breadcrumb\":{\"@id\":\"https:\\\/\\\/canjaumeartesans.es\\\/fr\\\/producto\\\/cotelettes-de-boeuf-a-sucer\\\/#breadcrumb\"},\"inLanguage\":\"fr-FR\",\"potentialAction\":[{\"@type\":\"ReadAction\",\"target\":[\"https:\\\/\\\/canjaumeartesans.es\\\/fr\\\/producto\\\/cotelettes-de-boeuf-a-sucer\\\/\"]}]},{\"@type\":\"ImageObject\",\"inLanguage\":\"fr-FR\",\"@id\":\"https:\\\/\\\/canjaumeartesans.es\\\/fr\\\/producto\\\/cotelettes-de-boeuf-a-sucer\\\/#primaryimage\",\"url\":\"https:\\\/\\\/canjaumeartesans.es\\\/wp-content\\\/uploads\\\/2023\\\/01\\\/lechona-chuletas.jpg\",\"contentUrl\":\"https:\\\/\\\/canjaumeartesans.es\\\/wp-content\\\/uploads\\\/2023\\\/01\\\/lechona-chuletas.jpg\",\"width\":1100,\"height\":1100},{\"@type\":\"BreadcrumbList\",\"@id\":\"https:\\\/\\\/canjaumeartesans.es\\\/fr\\\/producto\\\/cotelettes-de-boeuf-a-sucer\\\/#breadcrumb\",\"itemListElement\":[{\"@type\":\"ListItem\",\"position\":1,\"name\":\"Portada\",\"item\":\"https:\\\/\\\/canjaumeartesans.es\\\/fr\\\/\"},{\"@type\":\"ListItem\",\"position\":2,\"name\":\"Catalogue de produits\",\"item\":\"https:\\\/\\\/canjaumeartesans.es\\\/fr\\\/catalogue-de-produits\\\/\"},{\"@type\":\"ListItem\",\"position\":3,\"name\":\"C\u00f4telettes de porc de lait\"}]},{\"@type\":\"WebSite\",\"@id\":\"https:\\\/\\\/canjaumeartesans.es\\\/fr\\\/#website\",\"url\":\"https:\\\/\\\/canjaumeartesans.es\\\/fr\\\/\",\"name\":\"Carnicer\u00eda artesana online\",\"description\":\"Carne al corte personalizado\",\"publisher\":{\"@id\":\"https:\\\/\\\/canjaumeartesans.es\\\/fr\\\/#organization\"},\"potentialAction\":[{\"@type\":\"SearchAction\",\"target\":{\"@type\":\"EntryPoint\",\"urlTemplate\":\"https:\\\/\\\/canjaumeartesans.es\\\/fr\\\/?s={search_term_string}\"},\"query-input\":{\"@type\":\"PropertyValueSpecification\",\"valueRequired\":true,\"valueName\":\"search_term_string\"}}],\"inLanguage\":\"fr-FR\"},{\"@type\":\"Organization\",\"@id\":\"https:\\\/\\\/canjaumeartesans.es\\\/fr\\\/#organization\",\"name\":\"Can Jaume Carniceria artesana\",\"url\":\"https:\\\/\\\/canjaumeartesans.es\\\/fr\\\/\",\"logo\":{\"@type\":\"ImageObject\",\"inLanguage\":\"fr-FR\",\"@id\":\"https:\\\/\\\/canjaumeartesans.es\\\/fr\\\/#\\\/schema\\\/logo\\\/image\\\/\",\"url\":\"https:\\\/\\\/canjaumeartesans.es\\\/wp-content\\\/uploads\\\/2023\\\/01\\\/Can-Jaume-logo_185@2x.png\",\"contentUrl\":\"https:\\\/\\\/canjaumeartesans.es\\\/wp-content\\\/uploads\\\/2023\\\/01\\\/Can-Jaume-logo_185@2x.png\",\"width\":370,\"height\":249,\"caption\":\"Can Jaume Carniceria artesana\"},\"image\":{\"@id\":\"https:\\\/\\\/canjaumeartesans.es\\\/fr\\\/#\\\/schema\\\/logo\\\/image\\\/\"},\"sameAs\":[\"https:\\\/\\\/www.instagram.com\\\/canjaumeartesans\\\/\"]}]}<\/script>\n<!-- \/ Yoast SEO plugin. -->","yoast_head_json":{"title":"C\u00f4telettes de porc de lait - Carnicer\u00eda artesana online","robots":{"index":"index","follow":"follow","max-snippet":"max-snippet:-1","max-image-preview":"max-image-preview:large","max-video-preview":"max-video-preview:-1"},"canonical":"https:\/\/canjaumeartesans.es\/fr\/producto\/cotelettes-de-boeuf-a-sucer\/","og_locale":"fr_FR","og_type":"article","og_title":"C\u00f4telettes de porc de lait - Carnicer\u00eda artesana online","og_description":"Le prix de ce produit varie en fonction de la taille du cochon de lait et peut atteindre 49 \u20ac\/kg.Le prix d\u00e9finitif sera communiqu\u00e9 lors de la confirmation de la commande.Pour plus d'informations, veuillez contacter&nbsp;:par t\u00e9l\u00e9phone +34 971 726 909par courriel info@canjaumeartesans.es","og_url":"https:\/\/canjaumeartesans.es\/fr\/producto\/cotelettes-de-boeuf-a-sucer\/","og_site_name":"Carnicer\u00eda artesana online","article_modified_time":"2026-01-28T11:24:48+00:00","og_image":[{"width":1100,"height":1100,"url":"https:\/\/canjaumeartesans.es\/wp-content\/uploads\/2023\/01\/lechona-chuletas.jpg","type":"image\/jpeg"}],"twitter_card":"summary_large_image","schema":{"@context":"https:\/\/schema.org","@graph":[{"@type":"WebPage","@id":"https:\/\/canjaumeartesans.es\/fr\/producto\/cotelettes-de-boeuf-a-sucer\/","url":"https:\/\/canjaumeartesans.es\/fr\/producto\/cotelettes-de-boeuf-a-sucer\/","name":"C\u00f4telettes de porc de lait - Carnicer\u00eda artesana online","isPartOf":{"@id":"https:\/\/canjaumeartesans.es\/fr\/#website"},"primaryImageOfPage":{"@id":"https:\/\/canjaumeartesans.es\/fr\/producto\/cotelettes-de-boeuf-a-sucer\/#primaryimage"},"image":{"@id":"https:\/\/canjaumeartesans.es\/fr\/producto\/cotelettes-de-boeuf-a-sucer\/#primaryimage"},"thumbnailUrl":"https:\/\/canjaumeartesans.es\/wp-content\/uploads\/2023\/01\/lechona-chuletas.jpg","datePublished":"2022-12-27T16:08:00+00:00","dateModified":"2026-01-28T11:24:48+00:00","breadcrumb":{"@id":"https:\/\/canjaumeartesans.es\/fr\/producto\/cotelettes-de-boeuf-a-sucer\/#breadcrumb"},"inLanguage":"fr-FR","potentialAction":[{"@type":"ReadAction","target":["https:\/\/canjaumeartesans.es\/fr\/producto\/cotelettes-de-boeuf-a-sucer\/"]}]},{"@type":"ImageObject","inLanguage":"fr-FR","@id":"https:\/\/canjaumeartesans.es\/fr\/producto\/cotelettes-de-boeuf-a-sucer\/#primaryimage","url":"https:\/\/canjaumeartesans.es\/wp-content\/uploads\/2023\/01\/lechona-chuletas.jpg","contentUrl":"https:\/\/canjaumeartesans.es\/wp-content\/uploads\/2023\/01\/lechona-chuletas.jpg","width":1100,"height":1100},{"@type":"BreadcrumbList","@id":"https:\/\/canjaumeartesans.es\/fr\/producto\/cotelettes-de-boeuf-a-sucer\/#breadcrumb","itemListElement":[{"@type":"ListItem","position":1,"name":"Portada","item":"https:\/\/canjaumeartesans.es\/fr\/"},{"@type":"ListItem","position":2,"name":"Catalogue de produits","item":"https:\/\/canjaumeartesans.es\/fr\/catalogue-de-produits\/"},{"@type":"ListItem","position":3,"name":"C\u00f4telettes de porc de lait"}]},{"@type":"WebSite","@id":"https:\/\/canjaumeartesans.es\/fr\/#website","url":"https:\/\/canjaumeartesans.es\/fr\/","name":"Carnicer\u00eda artesana online","description":"Carne al corte personalizado","publisher":{"@id":"https:\/\/canjaumeartesans.es\/fr\/#organization"},"potentialAction":[{"@type":"SearchAction","target":{"@type":"EntryPoint","urlTemplate":"https:\/\/canjaumeartesans.es\/fr\/?s={search_term_string}"},"query-input":{"@type":"PropertyValueSpecification","valueRequired":true,"valueName":"search_term_string"}}],"inLanguage":"fr-FR"},{"@type":"Organization","@id":"https:\/\/canjaumeartesans.es\/fr\/#organization","name":"Can Jaume Carniceria artesana","url":"https:\/\/canjaumeartesans.es\/fr\/","logo":{"@type":"ImageObject","inLanguage":"fr-FR","@id":"https:\/\/canjaumeartesans.es\/fr\/#\/schema\/logo\/image\/","url":"https:\/\/canjaumeartesans.es\/wp-content\/uploads\/2023\/01\/Can-Jaume-logo_185@2x.png","contentUrl":"https:\/\/canjaumeartesans.es\/wp-content\/uploads\/2023\/01\/Can-Jaume-logo_185@2x.png","width":370,"height":249,"caption":"Can Jaume Carniceria artesana"},"image":{"@id":"https:\/\/canjaumeartesans.es\/fr\/#\/schema\/logo\/image\/"},"sameAs":["https:\/\/www.instagram.com\/canjaumeartesans\/"]}]}},"_links":{"self":[{"href":"https:\/\/canjaumeartesans.es\/fr\/wp-json\/wp\/v2\/product\/5034","targetHints":{"allow":["GET"]}}],"collection":[{"href":"https:\/\/canjaumeartesans.es\/fr\/wp-json\/wp\/v2\/product"}],"about":[{"href":"https:\/\/canjaumeartesans.es\/fr\/wp-json\/wp\/v2\/types\/product"}],"wp:featuredmedia":[{"embeddable":true,"href":"https:\/\/canjaumeartesans.es\/fr\/wp-json\/wp\/v2\/media\/3654"}],"wp:attachment":[{"href":"https:\/\/canjaumeartesans.es\/fr\/wp-json\/wp\/v2\/media?parent=5034"}],"wp:term":[{"taxonomy":"product_brand","embeddable":true,"href":"https:\/\/canjaumeartesans.es\/fr\/wp-json\/wp\/v2\/product_brand?post=5034"},{"taxonomy":"product_cat","embeddable":true,"href":"https:\/\/canjaumeartesans.es\/fr\/wp-json\/wp\/v2\/product_cat?post=5034"},{"taxonomy":"product_tag","embeddable":true,"href":"https:\/\/canjaumeartesans.es\/fr\/wp-json\/wp\/v2\/product_tag?post=5034"}],"curies":[{"name":"wp","href":"https:\/\/api.w.org\/{rel}","templated":true}]}}