{"id":4863,"date":"2023-03-30T17:23:33","date_gmt":"2023-03-30T15:23:33","guid":{"rendered":"https:\/\/canjaumeartesans.es\/producto\/ailes-de-poulet\/"},"modified":"2026-01-28T11:50:49","modified_gmt":"2026-01-28T10:50:49","slug":"ailes-de-poulet","status":"publish","type":"product","link":"https:\/\/canjaumeartesans.es\/fr\/producto\/ailes-de-poulet\/","title":{"rendered":"Ailes de poulet"},"content":{"rendered":"","protected":false},"excerpt":{"rendered":"<p>Vous pouvez choisir le type de plat ou de cuisson que vous souhaitez r\u00e9aliser (\u00e0 la plancha, riz, <em>escaldums<\/em>, rago\u00fbt, mijot\u00e9, frit&#8230;).<\/p>\n<p>Vous pouvez choisir la d\u00e9coupe enti\u00e8re, en quarts, en huiti\u00e8mes&#8230;<\/p>\n<p>Il peut \u00eatre servi entier d\u00e9soss\u00e9 pour \u00eatre farci, pouvant \u00eatre ouvert comme un livre (par le dos) qui sortira comme un r\u00f4ti, ou avec la forme d&rsquo;un poulet, en laissant les ailes avec les os.<\/p>\n<p><strong>N&rsquo;h\u00e9sitez pas \u00e0 pr\u00e9ciser toute forme, qu&rsquo;elle soit sp\u00e9cifi\u00e9e ou non, en l&rsquo;\u00e9crivant dans les \u00ab\u00a0notes\u00a0\u00bb de la commande.<\/strong><\/p>\n","protected":false},"featured_media":3458,"template":"","meta":[],"product_brand":[],"product_cat":[138,181],"product_tag":[479,477],"class_list":{"0":"post-4863","1":"product","2":"type-product","3":"status-publish","4":"has-post-thumbnail","6":"product_cat-boucherie","7":"product_cat-poulet","8":"product_tag-p-poids","9":"product_tag-p-unite","11":"first","12":"instock","13":"shipping-taxable","14":"purchasable","15":"product-type-simple"},"yoast_head":"<!-- This site is optimized with the Yoast SEO plugin v27.6 - https:\/\/yoast.com\/product\/yoast-seo-wordpress\/ -->\n<title>Ailes de poulet - Carnicer\u00eda artesana online<\/title>\n<meta name=\"robots\" content=\"index, follow, max-snippet:-1, max-image-preview:large, max-video-preview:-1\" \/>\n<link rel=\"canonical\" href=\"https:\/\/canjaumeartesans.es\/fr\/producto\/ailes-de-poulet\/\" \/>\n<meta property=\"og:locale\" content=\"fr_FR\" \/>\n<meta property=\"og:type\" content=\"article\" \/>\n<meta property=\"og:title\" content=\"Ailes de poulet - Carnicer\u00eda artesana online\" \/>\n<meta property=\"og:description\" content=\"Vous pouvez choisir le type de plat ou de cuisson que vous souhaitez r\u00e9aliser (\u00e0 la plancha, riz, escaldums, rago\u00fbt, mijot\u00e9, frit...). Vous pouvez choisir la d\u00e9coupe enti\u00e8re, en quarts, en huiti\u00e8mes... Il peut \u00eatre servi entier d\u00e9soss\u00e9 pour \u00eatre farci, pouvant \u00eatre ouvert comme un livre (par le dos) qui sortira comme un r\u00f4ti, ou avec la forme d&#039;un poulet, en laissant les ailes avec les os. N&#039;h\u00e9sitez pas \u00e0 pr\u00e9ciser toute forme, qu&#039;elle soit sp\u00e9cifi\u00e9e ou non, en l&#039;\u00e9crivant dans les &quot;notes&quot; de la commande.\" \/>\n<meta property=\"og:url\" content=\"https:\/\/canjaumeartesans.es\/fr\/producto\/ailes-de-poulet\/\" \/>\n<meta property=\"og:site_name\" content=\"Carnicer\u00eda artesana online\" \/>\n<meta property=\"article:modified_time\" content=\"2026-01-28T10:50:49+00:00\" \/>\n<meta property=\"og:image\" content=\"https:\/\/canjaumeartesans.es\/wp-content\/uploads\/2023\/01\/pollo-alas.jpg\" \/>\n\t<meta property=\"og:image:width\" content=\"1100\" \/>\n\t<meta property=\"og:image:height\" content=\"1100\" \/>\n\t<meta property=\"og:image:type\" content=\"image\/jpeg\" \/>\n<meta name=\"twitter:card\" content=\"summary_large_image\" \/>\n<script type=\"application\/ld+json\" class=\"yoast-schema-graph\">{\"@context\":\"https:\\\/\\\/schema.org\",\"@graph\":[{\"@type\":\"WebPage\",\"@id\":\"https:\\\/\\\/canjaumeartesans.es\\\/fr\\\/producto\\\/ailes-de-poulet\\\/\",\"url\":\"https:\\\/\\\/canjaumeartesans.es\\\/fr\\\/producto\\\/ailes-de-poulet\\\/\",\"name\":\"Ailes de poulet - Carnicer\u00eda artesana online\",\"isPartOf\":{\"@id\":\"https:\\\/\\\/canjaumeartesans.es\\\/fr\\\/#website\"},\"primaryImageOfPage\":{\"@id\":\"https:\\\/\\\/canjaumeartesans.es\\\/fr\\\/producto\\\/ailes-de-poulet\\\/#primaryimage\"},\"image\":{\"@id\":\"https:\\\/\\\/canjaumeartesans.es\\\/fr\\\/producto\\\/ailes-de-poulet\\\/#primaryimage\"},\"thumbnailUrl\":\"https:\\\/\\\/canjaumeartesans.es\\\/wp-content\\\/uploads\\\/2023\\\/01\\\/pollo-alas.jpg\",\"datePublished\":\"2023-03-30T15:23:33+00:00\",\"dateModified\":\"2026-01-28T10:50:49+00:00\",\"breadcrumb\":{\"@id\":\"https:\\\/\\\/canjaumeartesans.es\\\/fr\\\/producto\\\/ailes-de-poulet\\\/#breadcrumb\"},\"inLanguage\":\"fr-FR\",\"potentialAction\":[{\"@type\":\"ReadAction\",\"target\":[\"https:\\\/\\\/canjaumeartesans.es\\\/fr\\\/producto\\\/ailes-de-poulet\\\/\"]}]},{\"@type\":\"ImageObject\",\"inLanguage\":\"fr-FR\",\"@id\":\"https:\\\/\\\/canjaumeartesans.es\\\/fr\\\/producto\\\/ailes-de-poulet\\\/#primaryimage\",\"url\":\"https:\\\/\\\/canjaumeartesans.es\\\/wp-content\\\/uploads\\\/2023\\\/01\\\/pollo-alas.jpg\",\"contentUrl\":\"https:\\\/\\\/canjaumeartesans.es\\\/wp-content\\\/uploads\\\/2023\\\/01\\\/pollo-alas.jpg\",\"width\":1100,\"height\":1100},{\"@type\":\"BreadcrumbList\",\"@id\":\"https:\\\/\\\/canjaumeartesans.es\\\/fr\\\/producto\\\/ailes-de-poulet\\\/#breadcrumb\",\"itemListElement\":[{\"@type\":\"ListItem\",\"position\":1,\"name\":\"Portada\",\"item\":\"https:\\\/\\\/canjaumeartesans.es\\\/fr\\\/\"},{\"@type\":\"ListItem\",\"position\":2,\"name\":\"Catalogue de produits\",\"item\":\"https:\\\/\\\/canjaumeartesans.es\\\/fr\\\/catalogue-de-produits\\\/\"},{\"@type\":\"ListItem\",\"position\":3,\"name\":\"Ailes de poulet\"}]},{\"@type\":\"WebSite\",\"@id\":\"https:\\\/\\\/canjaumeartesans.es\\\/fr\\\/#website\",\"url\":\"https:\\\/\\\/canjaumeartesans.es\\\/fr\\\/\",\"name\":\"Carnicer\u00eda artesana online\",\"description\":\"Carne al corte personalizado\",\"publisher\":{\"@id\":\"https:\\\/\\\/canjaumeartesans.es\\\/fr\\\/#organization\"},\"potentialAction\":[{\"@type\":\"SearchAction\",\"target\":{\"@type\":\"EntryPoint\",\"urlTemplate\":\"https:\\\/\\\/canjaumeartesans.es\\\/fr\\\/?s={search_term_string}\"},\"query-input\":{\"@type\":\"PropertyValueSpecification\",\"valueRequired\":true,\"valueName\":\"search_term_string\"}}],\"inLanguage\":\"fr-FR\"},{\"@type\":\"Organization\",\"@id\":\"https:\\\/\\\/canjaumeartesans.es\\\/fr\\\/#organization\",\"name\":\"Can Jaume Carniceria artesana\",\"url\":\"https:\\\/\\\/canjaumeartesans.es\\\/fr\\\/\",\"logo\":{\"@type\":\"ImageObject\",\"inLanguage\":\"fr-FR\",\"@id\":\"https:\\\/\\\/canjaumeartesans.es\\\/fr\\\/#\\\/schema\\\/logo\\\/image\\\/\",\"url\":\"https:\\\/\\\/canjaumeartesans.es\\\/wp-content\\\/uploads\\\/2023\\\/01\\\/Can-Jaume-logo_185@2x.png\",\"contentUrl\":\"https:\\\/\\\/canjaumeartesans.es\\\/wp-content\\\/uploads\\\/2023\\\/01\\\/Can-Jaume-logo_185@2x.png\",\"width\":370,\"height\":249,\"caption\":\"Can Jaume Carniceria artesana\"},\"image\":{\"@id\":\"https:\\\/\\\/canjaumeartesans.es\\\/fr\\\/#\\\/schema\\\/logo\\\/image\\\/\"},\"sameAs\":[\"https:\\\/\\\/www.instagram.com\\\/canjaumeartesans\\\/\"]}]}<\/script>\n<!-- \/ Yoast SEO plugin. -->","yoast_head_json":{"title":"Ailes de poulet - Carnicer\u00eda artesana online","robots":{"index":"index","follow":"follow","max-snippet":"max-snippet:-1","max-image-preview":"max-image-preview:large","max-video-preview":"max-video-preview:-1"},"canonical":"https:\/\/canjaumeartesans.es\/fr\/producto\/ailes-de-poulet\/","og_locale":"fr_FR","og_type":"article","og_title":"Ailes de poulet - Carnicer\u00eda artesana online","og_description":"Vous pouvez choisir le type de plat ou de cuisson que vous souhaitez r\u00e9aliser (\u00e0 la plancha, riz, escaldums, rago\u00fbt, mijot\u00e9, frit...). Vous pouvez choisir la d\u00e9coupe enti\u00e8re, en quarts, en huiti\u00e8mes... Il peut \u00eatre servi entier d\u00e9soss\u00e9 pour \u00eatre farci, pouvant \u00eatre ouvert comme un livre (par le dos) qui sortira comme un r\u00f4ti, ou avec la forme d'un poulet, en laissant les ailes avec les os. N'h\u00e9sitez pas \u00e0 pr\u00e9ciser toute forme, qu'elle soit sp\u00e9cifi\u00e9e ou non, en l'\u00e9crivant dans les \"notes\" de la commande.","og_url":"https:\/\/canjaumeartesans.es\/fr\/producto\/ailes-de-poulet\/","og_site_name":"Carnicer\u00eda artesana online","article_modified_time":"2026-01-28T10:50:49+00:00","og_image":[{"width":1100,"height":1100,"url":"https:\/\/canjaumeartesans.es\/wp-content\/uploads\/2023\/01\/pollo-alas.jpg","type":"image\/jpeg"}],"twitter_card":"summary_large_image","schema":{"@context":"https:\/\/schema.org","@graph":[{"@type":"WebPage","@id":"https:\/\/canjaumeartesans.es\/fr\/producto\/ailes-de-poulet\/","url":"https:\/\/canjaumeartesans.es\/fr\/producto\/ailes-de-poulet\/","name":"Ailes de poulet - Carnicer\u00eda artesana online","isPartOf":{"@id":"https:\/\/canjaumeartesans.es\/fr\/#website"},"primaryImageOfPage":{"@id":"https:\/\/canjaumeartesans.es\/fr\/producto\/ailes-de-poulet\/#primaryimage"},"image":{"@id":"https:\/\/canjaumeartesans.es\/fr\/producto\/ailes-de-poulet\/#primaryimage"},"thumbnailUrl":"https:\/\/canjaumeartesans.es\/wp-content\/uploads\/2023\/01\/pollo-alas.jpg","datePublished":"2023-03-30T15:23:33+00:00","dateModified":"2026-01-28T10:50:49+00:00","breadcrumb":{"@id":"https:\/\/canjaumeartesans.es\/fr\/producto\/ailes-de-poulet\/#breadcrumb"},"inLanguage":"fr-FR","potentialAction":[{"@type":"ReadAction","target":["https:\/\/canjaumeartesans.es\/fr\/producto\/ailes-de-poulet\/"]}]},{"@type":"ImageObject","inLanguage":"fr-FR","@id":"https:\/\/canjaumeartesans.es\/fr\/producto\/ailes-de-poulet\/#primaryimage","url":"https:\/\/canjaumeartesans.es\/wp-content\/uploads\/2023\/01\/pollo-alas.jpg","contentUrl":"https:\/\/canjaumeartesans.es\/wp-content\/uploads\/2023\/01\/pollo-alas.jpg","width":1100,"height":1100},{"@type":"BreadcrumbList","@id":"https:\/\/canjaumeartesans.es\/fr\/producto\/ailes-de-poulet\/#breadcrumb","itemListElement":[{"@type":"ListItem","position":1,"name":"Portada","item":"https:\/\/canjaumeartesans.es\/fr\/"},{"@type":"ListItem","position":2,"name":"Catalogue de produits","item":"https:\/\/canjaumeartesans.es\/fr\/catalogue-de-produits\/"},{"@type":"ListItem","position":3,"name":"Ailes de poulet"}]},{"@type":"WebSite","@id":"https:\/\/canjaumeartesans.es\/fr\/#website","url":"https:\/\/canjaumeartesans.es\/fr\/","name":"Carnicer\u00eda artesana online","description":"Carne al corte personalizado","publisher":{"@id":"https:\/\/canjaumeartesans.es\/fr\/#organization"},"potentialAction":[{"@type":"SearchAction","target":{"@type":"EntryPoint","urlTemplate":"https:\/\/canjaumeartesans.es\/fr\/?s={search_term_string}"},"query-input":{"@type":"PropertyValueSpecification","valueRequired":true,"valueName":"search_term_string"}}],"inLanguage":"fr-FR"},{"@type":"Organization","@id":"https:\/\/canjaumeartesans.es\/fr\/#organization","name":"Can Jaume Carniceria artesana","url":"https:\/\/canjaumeartesans.es\/fr\/","logo":{"@type":"ImageObject","inLanguage":"fr-FR","@id":"https:\/\/canjaumeartesans.es\/fr\/#\/schema\/logo\/image\/","url":"https:\/\/canjaumeartesans.es\/wp-content\/uploads\/2023\/01\/Can-Jaume-logo_185@2x.png","contentUrl":"https:\/\/canjaumeartesans.es\/wp-content\/uploads\/2023\/01\/Can-Jaume-logo_185@2x.png","width":370,"height":249,"caption":"Can Jaume Carniceria artesana"},"image":{"@id":"https:\/\/canjaumeartesans.es\/fr\/#\/schema\/logo\/image\/"},"sameAs":["https:\/\/www.instagram.com\/canjaumeartesans\/"]}]}},"_links":{"self":[{"href":"https:\/\/canjaumeartesans.es\/fr\/wp-json\/wp\/v2\/product\/4863","targetHints":{"allow":["GET"]}}],"collection":[{"href":"https:\/\/canjaumeartesans.es\/fr\/wp-json\/wp\/v2\/product"}],"about":[{"href":"https:\/\/canjaumeartesans.es\/fr\/wp-json\/wp\/v2\/types\/product"}],"wp:featuredmedia":[{"embeddable":true,"href":"https:\/\/canjaumeartesans.es\/fr\/wp-json\/wp\/v2\/media\/3458"}],"wp:attachment":[{"href":"https:\/\/canjaumeartesans.es\/fr\/wp-json\/wp\/v2\/media?parent=4863"}],"wp:term":[{"taxonomy":"product_brand","embeddable":true,"href":"https:\/\/canjaumeartesans.es\/fr\/wp-json\/wp\/v2\/product_brand?post=4863"},{"taxonomy":"product_cat","embeddable":true,"href":"https:\/\/canjaumeartesans.es\/fr\/wp-json\/wp\/v2\/product_cat?post=4863"},{"taxonomy":"product_tag","embeddable":true,"href":"https:\/\/canjaumeartesans.es\/fr\/wp-json\/wp\/v2\/product_tag?post=4863"}],"curies":[{"name":"wp","href":"https:\/\/api.w.org\/{rel}","templated":true}]}}