{"id":7177,"date":"2022-08-13T18:10:48","date_gmt":"2022-08-13T16:10:48","guid":{"rendered":"https:\/\/canjaumeartesans.es\/producto\/chicharrones\/"},"modified":"2026-01-28T16:55:06","modified_gmt":"2026-01-28T15:55:06","slug":"knistern","status":"publish","type":"product","link":"https:\/\/canjaumeartesans.es\/de\/producto\/knistern\/","title":{"rendered":"Chicharrones"},"content":{"rendered":"","protected":false},"excerpt":{"rendered":"<p><b>Der Verkauf dieses Erzeugnisses h\u00e4ngt von der Produktion der Butter sowie von der Osterzeit ab.<\/b><\/p>\n<p>F\u00fcr weitere Informationen kontaktieren Sie uns:<br \/>telefonisch unter <a href=\"tel:+34971726909\" data-mce-href=\"tel:+34971726909\">+34 971 726 909<\/a><br \/>per E-Mail <a href=\"mailto:info@canjaumeartesans.es\" data-mce-href=\"mailto:info@canjaumeartesans.es\">info@canjaumeartesans.es<\/a><\/p>\n","protected":false},"featured_media":3875,"template":"","meta":[],"product_brand":[],"product_cat":[280,171],"product_tag":[475,474],"class_list":{"0":"post-7177","1":"product","2":"type-product","3":"status-publish","4":"has-post-thumbnail","6":"product_cat-ausfuhrlich","7":"product_cat-metzgerei","8":"product_tag-p-gewicht","9":"product_tag-p-stuck","11":"first","12":"instock","13":"shipping-taxable","14":"purchasable","15":"product-type-simple"},"yoast_head":"<!-- This site is optimized with the Yoast SEO plugin v27.6 - https:\/\/yoast.com\/product\/yoast-seo-wordpress\/ -->\n<title>Chicharrones - Carnicer\u00eda artesana online<\/title>\n<meta name=\"robots\" content=\"index, follow, max-snippet:-1, max-image-preview:large, max-video-preview:-1\" \/>\n<link rel=\"canonical\" href=\"https:\/\/canjaumeartesans.es\/de\/producto\/knistern\/\" \/>\n<meta property=\"og:locale\" content=\"de_DE\" \/>\n<meta property=\"og:type\" content=\"article\" \/>\n<meta property=\"og:title\" content=\"Chicharrones - Carnicer\u00eda artesana online\" \/>\n<meta property=\"og:description\" content=\"Der Verkauf dieses Erzeugnisses h\u00e4ngt von der Produktion der Butter sowie von der Osterzeit ab.F\u00fcr weitere Informationen kontaktieren Sie uns:telefonisch unter +34 971 726 909per E-Mail info@canjaumeartesans.es\" \/>\n<meta property=\"og:url\" content=\"https:\/\/canjaumeartesans.es\/de\/producto\/knistern\/\" \/>\n<meta property=\"og:site_name\" content=\"Carnicer\u00eda artesana online\" \/>\n<meta property=\"article:modified_time\" content=\"2026-01-28T15:55:06+00:00\" \/>\n<meta property=\"og:image\" content=\"https:\/\/canjaumeartesans.es\/wp-content\/uploads\/2023\/02\/chicharrones.jpg\" \/>\n\t<meta property=\"og:image:width\" content=\"1100\" \/>\n\t<meta property=\"og:image:height\" content=\"1100\" \/>\n\t<meta property=\"og:image:type\" content=\"image\/jpeg\" \/>\n<meta name=\"twitter:card\" content=\"summary_large_image\" \/>\n<script type=\"application\/ld+json\" class=\"yoast-schema-graph\">{\"@context\":\"https:\\\/\\\/schema.org\",\"@graph\":[{\"@type\":\"WebPage\",\"@id\":\"https:\\\/\\\/canjaumeartesans.es\\\/de\\\/producto\\\/knistern\\\/\",\"url\":\"https:\\\/\\\/canjaumeartesans.es\\\/de\\\/producto\\\/knistern\\\/\",\"name\":\"Chicharrones - Carnicer\u00eda artesana online\",\"isPartOf\":{\"@id\":\"https:\\\/\\\/canjaumeartesans.es\\\/de\\\/#website\"},\"primaryImageOfPage\":{\"@id\":\"https:\\\/\\\/canjaumeartesans.es\\\/de\\\/producto\\\/knistern\\\/#primaryimage\"},\"image\":{\"@id\":\"https:\\\/\\\/canjaumeartesans.es\\\/de\\\/producto\\\/knistern\\\/#primaryimage\"},\"thumbnailUrl\":\"https:\\\/\\\/canjaumeartesans.es\\\/wp-content\\\/uploads\\\/2023\\\/02\\\/chicharrones.jpg\",\"datePublished\":\"2022-08-13T16:10:48+00:00\",\"dateModified\":\"2026-01-28T15:55:06+00:00\",\"breadcrumb\":{\"@id\":\"https:\\\/\\\/canjaumeartesans.es\\\/de\\\/producto\\\/knistern\\\/#breadcrumb\"},\"inLanguage\":\"de\",\"potentialAction\":[{\"@type\":\"ReadAction\",\"target\":[\"https:\\\/\\\/canjaumeartesans.es\\\/de\\\/producto\\\/knistern\\\/\"]}]},{\"@type\":\"ImageObject\",\"inLanguage\":\"de\",\"@id\":\"https:\\\/\\\/canjaumeartesans.es\\\/de\\\/producto\\\/knistern\\\/#primaryimage\",\"url\":\"https:\\\/\\\/canjaumeartesans.es\\\/wp-content\\\/uploads\\\/2023\\\/02\\\/chicharrones.jpg\",\"contentUrl\":\"https:\\\/\\\/canjaumeartesans.es\\\/wp-content\\\/uploads\\\/2023\\\/02\\\/chicharrones.jpg\",\"width\":1100,\"height\":1100},{\"@type\":\"BreadcrumbList\",\"@id\":\"https:\\\/\\\/canjaumeartesans.es\\\/de\\\/producto\\\/knistern\\\/#breadcrumb\",\"itemListElement\":[{\"@type\":\"ListItem\",\"position\":1,\"name\":\"Portada\",\"item\":\"https:\\\/\\\/canjaumeartesans.es\\\/de\\\/\"},{\"@type\":\"ListItem\",\"position\":2,\"name\":\"Produktkatalog\",\"item\":\"https:\\\/\\\/canjaumeartesans.es\\\/de\\\/produktkatalog\\\/\"},{\"@type\":\"ListItem\",\"position\":3,\"name\":\"Chicharrones\"}]},{\"@type\":\"WebSite\",\"@id\":\"https:\\\/\\\/canjaumeartesans.es\\\/de\\\/#website\",\"url\":\"https:\\\/\\\/canjaumeartesans.es\\\/de\\\/\",\"name\":\"Carnicer\u00eda artesana online\",\"description\":\"Carne al corte personalizado\",\"publisher\":{\"@id\":\"https:\\\/\\\/canjaumeartesans.es\\\/de\\\/#organization\"},\"potentialAction\":[{\"@type\":\"SearchAction\",\"target\":{\"@type\":\"EntryPoint\",\"urlTemplate\":\"https:\\\/\\\/canjaumeartesans.es\\\/de\\\/?s={search_term_string}\"},\"query-input\":{\"@type\":\"PropertyValueSpecification\",\"valueRequired\":true,\"valueName\":\"search_term_string\"}}],\"inLanguage\":\"de\"},{\"@type\":\"Organization\",\"@id\":\"https:\\\/\\\/canjaumeartesans.es\\\/de\\\/#organization\",\"name\":\"Can Jaume Carniceria artesana\",\"url\":\"https:\\\/\\\/canjaumeartesans.es\\\/de\\\/\",\"logo\":{\"@type\":\"ImageObject\",\"inLanguage\":\"de\",\"@id\":\"https:\\\/\\\/canjaumeartesans.es\\\/de\\\/#\\\/schema\\\/logo\\\/image\\\/\",\"url\":\"https:\\\/\\\/canjaumeartesans.es\\\/wp-content\\\/uploads\\\/2023\\\/01\\\/Can-Jaume-logo_185@2x.png\",\"contentUrl\":\"https:\\\/\\\/canjaumeartesans.es\\\/wp-content\\\/uploads\\\/2023\\\/01\\\/Can-Jaume-logo_185@2x.png\",\"width\":370,\"height\":249,\"caption\":\"Can Jaume Carniceria artesana\"},\"image\":{\"@id\":\"https:\\\/\\\/canjaumeartesans.es\\\/de\\\/#\\\/schema\\\/logo\\\/image\\\/\"},\"sameAs\":[\"https:\\\/\\\/www.instagram.com\\\/canjaumeartesans\\\/\"]}]}<\/script>\n<!-- \/ Yoast SEO plugin. -->","yoast_head_json":{"title":"Chicharrones - Carnicer\u00eda artesana online","robots":{"index":"index","follow":"follow","max-snippet":"max-snippet:-1","max-image-preview":"max-image-preview:large","max-video-preview":"max-video-preview:-1"},"canonical":"https:\/\/canjaumeartesans.es\/de\/producto\/knistern\/","og_locale":"de_DE","og_type":"article","og_title":"Chicharrones - Carnicer\u00eda artesana online","og_description":"Der Verkauf dieses Erzeugnisses h\u00e4ngt von der Produktion der Butter sowie von der Osterzeit ab.F\u00fcr weitere Informationen kontaktieren Sie uns:telefonisch unter +34 971 726 909per E-Mail info@canjaumeartesans.es","og_url":"https:\/\/canjaumeartesans.es\/de\/producto\/knistern\/","og_site_name":"Carnicer\u00eda artesana online","article_modified_time":"2026-01-28T15:55:06+00:00","og_image":[{"width":1100,"height":1100,"url":"https:\/\/canjaumeartesans.es\/wp-content\/uploads\/2023\/02\/chicharrones.jpg","type":"image\/jpeg"}],"twitter_card":"summary_large_image","schema":{"@context":"https:\/\/schema.org","@graph":[{"@type":"WebPage","@id":"https:\/\/canjaumeartesans.es\/de\/producto\/knistern\/","url":"https:\/\/canjaumeartesans.es\/de\/producto\/knistern\/","name":"Chicharrones - Carnicer\u00eda artesana online","isPartOf":{"@id":"https:\/\/canjaumeartesans.es\/de\/#website"},"primaryImageOfPage":{"@id":"https:\/\/canjaumeartesans.es\/de\/producto\/knistern\/#primaryimage"},"image":{"@id":"https:\/\/canjaumeartesans.es\/de\/producto\/knistern\/#primaryimage"},"thumbnailUrl":"https:\/\/canjaumeartesans.es\/wp-content\/uploads\/2023\/02\/chicharrones.jpg","datePublished":"2022-08-13T16:10:48+00:00","dateModified":"2026-01-28T15:55:06+00:00","breadcrumb":{"@id":"https:\/\/canjaumeartesans.es\/de\/producto\/knistern\/#breadcrumb"},"inLanguage":"de","potentialAction":[{"@type":"ReadAction","target":["https:\/\/canjaumeartesans.es\/de\/producto\/knistern\/"]}]},{"@type":"ImageObject","inLanguage":"de","@id":"https:\/\/canjaumeartesans.es\/de\/producto\/knistern\/#primaryimage","url":"https:\/\/canjaumeartesans.es\/wp-content\/uploads\/2023\/02\/chicharrones.jpg","contentUrl":"https:\/\/canjaumeartesans.es\/wp-content\/uploads\/2023\/02\/chicharrones.jpg","width":1100,"height":1100},{"@type":"BreadcrumbList","@id":"https:\/\/canjaumeartesans.es\/de\/producto\/knistern\/#breadcrumb","itemListElement":[{"@type":"ListItem","position":1,"name":"Portada","item":"https:\/\/canjaumeartesans.es\/de\/"},{"@type":"ListItem","position":2,"name":"Produktkatalog","item":"https:\/\/canjaumeartesans.es\/de\/produktkatalog\/"},{"@type":"ListItem","position":3,"name":"Chicharrones"}]},{"@type":"WebSite","@id":"https:\/\/canjaumeartesans.es\/de\/#website","url":"https:\/\/canjaumeartesans.es\/de\/","name":"Carnicer\u00eda artesana online","description":"Carne al corte personalizado","publisher":{"@id":"https:\/\/canjaumeartesans.es\/de\/#organization"},"potentialAction":[{"@type":"SearchAction","target":{"@type":"EntryPoint","urlTemplate":"https:\/\/canjaumeartesans.es\/de\/?s={search_term_string}"},"query-input":{"@type":"PropertyValueSpecification","valueRequired":true,"valueName":"search_term_string"}}],"inLanguage":"de"},{"@type":"Organization","@id":"https:\/\/canjaumeartesans.es\/de\/#organization","name":"Can Jaume Carniceria artesana","url":"https:\/\/canjaumeartesans.es\/de\/","logo":{"@type":"ImageObject","inLanguage":"de","@id":"https:\/\/canjaumeartesans.es\/de\/#\/schema\/logo\/image\/","url":"https:\/\/canjaumeartesans.es\/wp-content\/uploads\/2023\/01\/Can-Jaume-logo_185@2x.png","contentUrl":"https:\/\/canjaumeartesans.es\/wp-content\/uploads\/2023\/01\/Can-Jaume-logo_185@2x.png","width":370,"height":249,"caption":"Can Jaume Carniceria artesana"},"image":{"@id":"https:\/\/canjaumeartesans.es\/de\/#\/schema\/logo\/image\/"},"sameAs":["https:\/\/www.instagram.com\/canjaumeartesans\/"]}]}},"_links":{"self":[{"href":"https:\/\/canjaumeartesans.es\/de\/wp-json\/wp\/v2\/product\/7177","targetHints":{"allow":["GET"]}}],"collection":[{"href":"https:\/\/canjaumeartesans.es\/de\/wp-json\/wp\/v2\/product"}],"about":[{"href":"https:\/\/canjaumeartesans.es\/de\/wp-json\/wp\/v2\/types\/product"}],"wp:featuredmedia":[{"embeddable":true,"href":"https:\/\/canjaumeartesans.es\/de\/wp-json\/wp\/v2\/media\/3875"}],"wp:attachment":[{"href":"https:\/\/canjaumeartesans.es\/de\/wp-json\/wp\/v2\/media?parent=7177"}],"wp:term":[{"taxonomy":"product_brand","embeddable":true,"href":"https:\/\/canjaumeartesans.es\/de\/wp-json\/wp\/v2\/product_brand?post=7177"},{"taxonomy":"product_cat","embeddable":true,"href":"https:\/\/canjaumeartesans.es\/de\/wp-json\/wp\/v2\/product_cat?post=7177"},{"taxonomy":"product_tag","embeddable":true,"href":"https:\/\/canjaumeartesans.es\/de\/wp-json\/wp\/v2\/product_tag?post=7177"}],"curies":[{"name":"wp","href":"https:\/\/api.w.org\/{rel}","templated":true}]}}