{"id":6799,"date":"2022-03-21T10:23:17","date_gmt":"2022-03-21T09:23:17","guid":{"rendered":"https:\/\/canjaumeartesans.es\/producto\/gekochte-bio-pardina-linsen\/"},"modified":"2026-01-29T10:30:00","modified_gmt":"2026-01-29T09:30:00","slug":"linsen-pardine-bio-kochsalz","status":"publish","type":"product","link":"https:\/\/canjaumeartesans.es\/de\/producto\/linsen-pardine-bio-kochsalz\/","title":{"rendered":"Gekochte Bio Pardina Linsen"},"content":{"rendered":"","protected":false},"excerpt":{"rendered":"<p>Mit Wasser und Salz gekochte und abgetropfte H\u00fclsenfr\u00fcchte, die aufgrund ihrer hohen Qualit\u00e4t und ihres Geschmacks ausgew\u00e4hlt werden, je nach Region und Ernte der laufenden Saison.<\/p>\n<p>Die Kochbr\u00fche kann einen Tag im Voraus reserviert werden.<\/p>\n<p>Kontakt:<br \/>telefonisch unter <a href=\"tel:+34971726909\" data-mce-href=\"tel:+34971726909\">+34 971 726 909<\/a><br \/>per E-Mail <a href=\"mailto:info@canjaumeartesans.es\" data-mce-href=\"mailto:info@canjaumeartesans.es\">info@canjaumeartesans.es<\/a><\/p>\n","protected":false},"featured_media":4239,"template":"","meta":[],"product_brand":[],"product_cat":[300,293],"product_tag":[475],"class_list":{"0":"post-6799","1":"product","2":"type-product","3":"status-publish","4":"has-post-thumbnail","6":"product_cat-gekochte-hulsenfrucht","7":"product_cat-hulsenfruchte","8":"product_tag-p-gewicht","10":"first","11":"instock","12":"shipping-taxable","13":"purchasable","14":"product-type-simple"},"yoast_head":"<!-- This site is optimized with the Yoast SEO plugin v27.3 - https:\/\/yoast.com\/product\/yoast-seo-wordpress\/ -->\n<title>Gekochte Bio Pardina Linsen - Carnicer\u00eda artesana online<\/title>\n<meta name=\"robots\" content=\"index, follow, max-snippet:-1, max-image-preview:large, max-video-preview:-1\" \/>\n<link rel=\"canonical\" href=\"https:\/\/canjaumeartesans.es\/de\/producto\/linsen-pardine-bio-kochsalz\/\" \/>\n<meta property=\"og:locale\" content=\"de_DE\" \/>\n<meta property=\"og:type\" content=\"article\" \/>\n<meta property=\"og:title\" content=\"Gekochte Bio Pardina Linsen - Carnicer\u00eda artesana online\" \/>\n<meta property=\"og:description\" content=\"Mit Wasser und Salz gekochte und abgetropfte H\u00fclsenfr\u00fcchte, die aufgrund ihrer hohen Qualit\u00e4t und ihres Geschmacks ausgew\u00e4hlt werden, je nach Region und Ernte der laufenden Saison.Die Kochbr\u00fche kann einen Tag im Voraus reserviert werden.Kontakt:telefonisch unter +34 971 726 909per E-Mail info@canjaumeartesans.es\" \/>\n<meta property=\"og:url\" content=\"https:\/\/canjaumeartesans.es\/de\/producto\/linsen-pardine-bio-kochsalz\/\" \/>\n<meta property=\"og:site_name\" content=\"Carnicer\u00eda artesana online\" \/>\n<meta property=\"article:modified_time\" content=\"2026-01-29T09:30:00+00:00\" \/>\n<meta property=\"og:image\" content=\"https:\/\/canjaumeartesans.es\/wp-content\/uploads\/2023\/02\/legumbre-cocida-lentejas-salamanca.jpg\" \/>\n\t<meta property=\"og:image:width\" content=\"1000\" \/>\n\t<meta property=\"og:image:height\" content=\"1000\" \/>\n\t<meta property=\"og:image:type\" content=\"image\/jpeg\" \/>\n<meta name=\"twitter:card\" content=\"summary_large_image\" \/>\n<script type=\"application\/ld+json\" class=\"yoast-schema-graph\">{\"@context\":\"https:\\\/\\\/schema.org\",\"@graph\":[{\"@type\":\"WebPage\",\"@id\":\"https:\\\/\\\/canjaumeartesans.es\\\/de\\\/producto\\\/linsen-pardine-bio-kochsalz\\\/\",\"url\":\"https:\\\/\\\/canjaumeartesans.es\\\/de\\\/producto\\\/linsen-pardine-bio-kochsalz\\\/\",\"name\":\"Gekochte Bio Pardina Linsen - Carnicer\u00eda artesana online\",\"isPartOf\":{\"@id\":\"https:\\\/\\\/canjaumeartesans.es\\\/de\\\/#website\"},\"primaryImageOfPage\":{\"@id\":\"https:\\\/\\\/canjaumeartesans.es\\\/de\\\/producto\\\/linsen-pardine-bio-kochsalz\\\/#primaryimage\"},\"image\":{\"@id\":\"https:\\\/\\\/canjaumeartesans.es\\\/de\\\/producto\\\/linsen-pardine-bio-kochsalz\\\/#primaryimage\"},\"thumbnailUrl\":\"https:\\\/\\\/canjaumeartesans.es\\\/wp-content\\\/uploads\\\/2023\\\/02\\\/legumbre-cocida-lentejas-salamanca.jpg\",\"datePublished\":\"2022-03-21T09:23:17+00:00\",\"dateModified\":\"2026-01-29T09:30:00+00:00\",\"breadcrumb\":{\"@id\":\"https:\\\/\\\/canjaumeartesans.es\\\/de\\\/producto\\\/linsen-pardine-bio-kochsalz\\\/#breadcrumb\"},\"inLanguage\":\"de\",\"potentialAction\":[{\"@type\":\"ReadAction\",\"target\":[\"https:\\\/\\\/canjaumeartesans.es\\\/de\\\/producto\\\/linsen-pardine-bio-kochsalz\\\/\"]}]},{\"@type\":\"ImageObject\",\"inLanguage\":\"de\",\"@id\":\"https:\\\/\\\/canjaumeartesans.es\\\/de\\\/producto\\\/linsen-pardine-bio-kochsalz\\\/#primaryimage\",\"url\":\"https:\\\/\\\/canjaumeartesans.es\\\/wp-content\\\/uploads\\\/2023\\\/02\\\/legumbre-cocida-lentejas-salamanca.jpg\",\"contentUrl\":\"https:\\\/\\\/canjaumeartesans.es\\\/wp-content\\\/uploads\\\/2023\\\/02\\\/legumbre-cocida-lentejas-salamanca.jpg\",\"width\":1000,\"height\":1000},{\"@type\":\"BreadcrumbList\",\"@id\":\"https:\\\/\\\/canjaumeartesans.es\\\/de\\\/producto\\\/linsen-pardine-bio-kochsalz\\\/#breadcrumb\",\"itemListElement\":[{\"@type\":\"ListItem\",\"position\":1,\"name\":\"Portada\",\"item\":\"https:\\\/\\\/canjaumeartesans.es\\\/de\\\/\"},{\"@type\":\"ListItem\",\"position\":2,\"name\":\"Produktkatalog\",\"item\":\"https:\\\/\\\/canjaumeartesans.es\\\/de\\\/produktkatalog\\\/\"},{\"@type\":\"ListItem\",\"position\":3,\"name\":\"Gekochte Bio Pardina Linsen\"}]},{\"@type\":\"WebSite\",\"@id\":\"https:\\\/\\\/canjaumeartesans.es\\\/de\\\/#website\",\"url\":\"https:\\\/\\\/canjaumeartesans.es\\\/de\\\/\",\"name\":\"Carnicer\u00eda artesana online\",\"description\":\"Carne al corte personalizado\",\"publisher\":{\"@id\":\"https:\\\/\\\/canjaumeartesans.es\\\/de\\\/#organization\"},\"potentialAction\":[{\"@type\":\"SearchAction\",\"target\":{\"@type\":\"EntryPoint\",\"urlTemplate\":\"https:\\\/\\\/canjaumeartesans.es\\\/de\\\/?s={search_term_string}\"},\"query-input\":{\"@type\":\"PropertyValueSpecification\",\"valueRequired\":true,\"valueName\":\"search_term_string\"}}],\"inLanguage\":\"de\"},{\"@type\":\"Organization\",\"@id\":\"https:\\\/\\\/canjaumeartesans.es\\\/de\\\/#organization\",\"name\":\"Can Jaume Carniceria artesana\",\"url\":\"https:\\\/\\\/canjaumeartesans.es\\\/de\\\/\",\"logo\":{\"@type\":\"ImageObject\",\"inLanguage\":\"de\",\"@id\":\"https:\\\/\\\/canjaumeartesans.es\\\/de\\\/#\\\/schema\\\/logo\\\/image\\\/\",\"url\":\"https:\\\/\\\/canjaumeartesans.es\\\/wp-content\\\/uploads\\\/2023\\\/01\\\/Can-Jaume-logo_185@2x.png\",\"contentUrl\":\"https:\\\/\\\/canjaumeartesans.es\\\/wp-content\\\/uploads\\\/2023\\\/01\\\/Can-Jaume-logo_185@2x.png\",\"width\":370,\"height\":249,\"caption\":\"Can Jaume Carniceria artesana\"},\"image\":{\"@id\":\"https:\\\/\\\/canjaumeartesans.es\\\/de\\\/#\\\/schema\\\/logo\\\/image\\\/\"},\"sameAs\":[\"https:\\\/\\\/www.instagram.com\\\/canjaumeartesans\\\/\"]}]}<\/script>\n<!-- \/ Yoast SEO plugin. -->","yoast_head_json":{"title":"Gekochte Bio Pardina Linsen - Carnicer\u00eda artesana online","robots":{"index":"index","follow":"follow","max-snippet":"max-snippet:-1","max-image-preview":"max-image-preview:large","max-video-preview":"max-video-preview:-1"},"canonical":"https:\/\/canjaumeartesans.es\/de\/producto\/linsen-pardine-bio-kochsalz\/","og_locale":"de_DE","og_type":"article","og_title":"Gekochte Bio Pardina Linsen - Carnicer\u00eda artesana online","og_description":"Mit Wasser und Salz gekochte und abgetropfte H\u00fclsenfr\u00fcchte, die aufgrund ihrer hohen Qualit\u00e4t und ihres Geschmacks ausgew\u00e4hlt werden, je nach Region und Ernte der laufenden Saison.Die Kochbr\u00fche kann einen Tag im Voraus reserviert werden.Kontakt:telefonisch unter +34 971 726 909per E-Mail info@canjaumeartesans.es","og_url":"https:\/\/canjaumeartesans.es\/de\/producto\/linsen-pardine-bio-kochsalz\/","og_site_name":"Carnicer\u00eda artesana online","article_modified_time":"2026-01-29T09:30:00+00:00","og_image":[{"width":1000,"height":1000,"url":"https:\/\/canjaumeartesans.es\/wp-content\/uploads\/2023\/02\/legumbre-cocida-lentejas-salamanca.jpg","type":"image\/jpeg"}],"twitter_card":"summary_large_image","schema":{"@context":"https:\/\/schema.org","@graph":[{"@type":"WebPage","@id":"https:\/\/canjaumeartesans.es\/de\/producto\/linsen-pardine-bio-kochsalz\/","url":"https:\/\/canjaumeartesans.es\/de\/producto\/linsen-pardine-bio-kochsalz\/","name":"Gekochte Bio Pardina Linsen - Carnicer\u00eda artesana online","isPartOf":{"@id":"https:\/\/canjaumeartesans.es\/de\/#website"},"primaryImageOfPage":{"@id":"https:\/\/canjaumeartesans.es\/de\/producto\/linsen-pardine-bio-kochsalz\/#primaryimage"},"image":{"@id":"https:\/\/canjaumeartesans.es\/de\/producto\/linsen-pardine-bio-kochsalz\/#primaryimage"},"thumbnailUrl":"https:\/\/canjaumeartesans.es\/wp-content\/uploads\/2023\/02\/legumbre-cocida-lentejas-salamanca.jpg","datePublished":"2022-03-21T09:23:17+00:00","dateModified":"2026-01-29T09:30:00+00:00","breadcrumb":{"@id":"https:\/\/canjaumeartesans.es\/de\/producto\/linsen-pardine-bio-kochsalz\/#breadcrumb"},"inLanguage":"de","potentialAction":[{"@type":"ReadAction","target":["https:\/\/canjaumeartesans.es\/de\/producto\/linsen-pardine-bio-kochsalz\/"]}]},{"@type":"ImageObject","inLanguage":"de","@id":"https:\/\/canjaumeartesans.es\/de\/producto\/linsen-pardine-bio-kochsalz\/#primaryimage","url":"https:\/\/canjaumeartesans.es\/wp-content\/uploads\/2023\/02\/legumbre-cocida-lentejas-salamanca.jpg","contentUrl":"https:\/\/canjaumeartesans.es\/wp-content\/uploads\/2023\/02\/legumbre-cocida-lentejas-salamanca.jpg","width":1000,"height":1000},{"@type":"BreadcrumbList","@id":"https:\/\/canjaumeartesans.es\/de\/producto\/linsen-pardine-bio-kochsalz\/#breadcrumb","itemListElement":[{"@type":"ListItem","position":1,"name":"Portada","item":"https:\/\/canjaumeartesans.es\/de\/"},{"@type":"ListItem","position":2,"name":"Produktkatalog","item":"https:\/\/canjaumeartesans.es\/de\/produktkatalog\/"},{"@type":"ListItem","position":3,"name":"Gekochte Bio Pardina Linsen"}]},{"@type":"WebSite","@id":"https:\/\/canjaumeartesans.es\/de\/#website","url":"https:\/\/canjaumeartesans.es\/de\/","name":"Carnicer\u00eda artesana online","description":"Carne al corte personalizado","publisher":{"@id":"https:\/\/canjaumeartesans.es\/de\/#organization"},"potentialAction":[{"@type":"SearchAction","target":{"@type":"EntryPoint","urlTemplate":"https:\/\/canjaumeartesans.es\/de\/?s={search_term_string}"},"query-input":{"@type":"PropertyValueSpecification","valueRequired":true,"valueName":"search_term_string"}}],"inLanguage":"de"},{"@type":"Organization","@id":"https:\/\/canjaumeartesans.es\/de\/#organization","name":"Can Jaume Carniceria artesana","url":"https:\/\/canjaumeartesans.es\/de\/","logo":{"@type":"ImageObject","inLanguage":"de","@id":"https:\/\/canjaumeartesans.es\/de\/#\/schema\/logo\/image\/","url":"https:\/\/canjaumeartesans.es\/wp-content\/uploads\/2023\/01\/Can-Jaume-logo_185@2x.png","contentUrl":"https:\/\/canjaumeartesans.es\/wp-content\/uploads\/2023\/01\/Can-Jaume-logo_185@2x.png","width":370,"height":249,"caption":"Can Jaume Carniceria artesana"},"image":{"@id":"https:\/\/canjaumeartesans.es\/de\/#\/schema\/logo\/image\/"},"sameAs":["https:\/\/www.instagram.com\/canjaumeartesans\/"]}]}},"_links":{"self":[{"href":"https:\/\/canjaumeartesans.es\/de\/wp-json\/wp\/v2\/product\/6799","targetHints":{"allow":["GET"]}}],"collection":[{"href":"https:\/\/canjaumeartesans.es\/de\/wp-json\/wp\/v2\/product"}],"about":[{"href":"https:\/\/canjaumeartesans.es\/de\/wp-json\/wp\/v2\/types\/product"}],"wp:featuredmedia":[{"embeddable":true,"href":"https:\/\/canjaumeartesans.es\/de\/wp-json\/wp\/v2\/media\/4239"}],"wp:attachment":[{"href":"https:\/\/canjaumeartesans.es\/de\/wp-json\/wp\/v2\/media?parent=6799"}],"wp:term":[{"taxonomy":"product_brand","embeddable":true,"href":"https:\/\/canjaumeartesans.es\/de\/wp-json\/wp\/v2\/product_brand?post=6799"},{"taxonomy":"product_cat","embeddable":true,"href":"https:\/\/canjaumeartesans.es\/de\/wp-json\/wp\/v2\/product_cat?post=6799"},{"taxonomy":"product_tag","embeddable":true,"href":"https:\/\/canjaumeartesans.es\/de\/wp-json\/wp\/v2\/product_tag?post=6799"}],"curies":[{"name":"wp","href":"https:\/\/api.w.org\/{rel}","templated":true}]}}