{"id":5534,"date":"2023-03-18T17:08:31","date_gmt":"2023-03-18T16:08:31","guid":{"rendered":"https:\/\/canjaumeartesans.es\/producto\/haehnchenbrust\/"},"modified":"2026-01-28T11:51:55","modified_gmt":"2026-01-28T10:51:55","slug":"huhnerbrust","status":"publish","type":"product","link":"https:\/\/canjaumeartesans.es\/de\/producto\/huhnerbrust\/","title":{"rendered":"H\u00e4hnchenbrust"},"content":{"rendered":"","protected":false},"excerpt":{"rendered":"<p>Sie k\u00f6nnen die Art des Gerichts oder der Zubereitung w\u00e4hlen (gegrillt, Reis, <em>Escaldums<\/em>, ged\u00fcnstet, gekocht, gebraten&#8230;).<\/p>\n<p>Sie k\u00f6nnen den ganzen Schnitt, Viertel, Achtel&#8230; w\u00e4hlen.<\/p>\n<p>Es kann im Ganzen serviert werden, ohne Knochen f\u00fcr die F\u00fcllung, und es kann wie ein Buch ge\u00f6ffnet werden (von hinten), was eine runde Form ergibt, oder in Form eines H\u00fchnchens, wobei die Fl\u00fcgel mit den Knochen \u00fcbrig bleiben.<\/p>\n<p><strong>Z\u00f6gern Sie nicht, jede Form anzugeben, die spezifiziert ist oder nicht, indem Sie sie in die &#8222;Notizen&#8220; der Bestellung schreiben.<\/strong><\/p>\n","protected":false},"featured_media":3487,"template":"","meta":[],"product_brand":[],"product_cat":[219,171],"product_tag":[475,474],"class_list":{"0":"post-5534","1":"product","2":"type-product","3":"status-publish","4":"has-post-thumbnail","6":"product_cat-huhn","7":"product_cat-metzgerei","8":"product_tag-p-gewicht","9":"product_tag-p-stuck","11":"first","12":"instock","13":"shipping-taxable","14":"purchasable","15":"product-type-simple"},"yoast_head":"<!-- This site is optimized with the Yoast SEO plugin v27.6 - https:\/\/yoast.com\/product\/yoast-seo-wordpress\/ -->\n<title>H\u00e4hnchenbrust - Carnicer\u00eda artesana online<\/title>\n<meta name=\"robots\" content=\"index, follow, max-snippet:-1, max-image-preview:large, max-video-preview:-1\" \/>\n<link rel=\"canonical\" href=\"https:\/\/canjaumeartesans.es\/de\/producto\/huhnerbrust\/\" \/>\n<meta property=\"og:locale\" content=\"de_DE\" \/>\n<meta property=\"og:type\" content=\"article\" \/>\n<meta property=\"og:title\" content=\"H\u00e4hnchenbrust - Carnicer\u00eda artesana online\" \/>\n<meta property=\"og:description\" content=\"Sie k\u00f6nnen die Art des Gerichts oder der Zubereitung w\u00e4hlen (gegrillt, Reis, Escaldums, ged\u00fcnstet, gekocht, gebraten...).Sie k\u00f6nnen den ganzen Schnitt, Viertel, Achtel... w\u00e4hlen.Es kann im Ganzen serviert werden, ohne Knochen f\u00fcr die F\u00fcllung, und es kann wie ein Buch ge\u00f6ffnet werden (von hinten), was eine runde Form ergibt, oder in Form eines H\u00fchnchens, wobei die Fl\u00fcgel mit den Knochen \u00fcbrig bleiben.Z\u00f6gern Sie nicht, jede Form anzugeben, die spezifiziert ist oder nicht, indem Sie sie in die &quot;Notizen&quot; der Bestellung schreiben.\" \/>\n<meta property=\"og:url\" content=\"https:\/\/canjaumeartesans.es\/de\/producto\/huhnerbrust\/\" \/>\n<meta property=\"og:site_name\" content=\"Carnicer\u00eda artesana online\" \/>\n<meta property=\"article:modified_time\" content=\"2026-01-28T10:51:55+00:00\" \/>\n<meta property=\"og:image\" content=\"https:\/\/canjaumeartesans.es\/wp-content\/uploads\/2023\/01\/pollo-pechuga.jpg\" \/>\n\t<meta property=\"og:image:width\" content=\"1100\" \/>\n\t<meta property=\"og:image:height\" content=\"1100\" \/>\n\t<meta property=\"og:image:type\" content=\"image\/jpeg\" \/>\n<meta name=\"twitter:card\" content=\"summary_large_image\" \/>\n<script type=\"application\/ld+json\" class=\"yoast-schema-graph\">{\"@context\":\"https:\\\/\\\/schema.org\",\"@graph\":[{\"@type\":\"WebPage\",\"@id\":\"https:\\\/\\\/canjaumeartesans.es\\\/de\\\/producto\\\/huhnerbrust\\\/\",\"url\":\"https:\\\/\\\/canjaumeartesans.es\\\/de\\\/producto\\\/huhnerbrust\\\/\",\"name\":\"H\u00e4hnchenbrust - Carnicer\u00eda artesana online\",\"isPartOf\":{\"@id\":\"https:\\\/\\\/canjaumeartesans.es\\\/de\\\/#website\"},\"primaryImageOfPage\":{\"@id\":\"https:\\\/\\\/canjaumeartesans.es\\\/de\\\/producto\\\/huhnerbrust\\\/#primaryimage\"},\"image\":{\"@id\":\"https:\\\/\\\/canjaumeartesans.es\\\/de\\\/producto\\\/huhnerbrust\\\/#primaryimage\"},\"thumbnailUrl\":\"https:\\\/\\\/canjaumeartesans.es\\\/wp-content\\\/uploads\\\/2023\\\/01\\\/pollo-pechuga.jpg\",\"datePublished\":\"2023-03-18T16:08:31+00:00\",\"dateModified\":\"2026-01-28T10:51:55+00:00\",\"breadcrumb\":{\"@id\":\"https:\\\/\\\/canjaumeartesans.es\\\/de\\\/producto\\\/huhnerbrust\\\/#breadcrumb\"},\"inLanguage\":\"de\",\"potentialAction\":[{\"@type\":\"ReadAction\",\"target\":[\"https:\\\/\\\/canjaumeartesans.es\\\/de\\\/producto\\\/huhnerbrust\\\/\"]}]},{\"@type\":\"ImageObject\",\"inLanguage\":\"de\",\"@id\":\"https:\\\/\\\/canjaumeartesans.es\\\/de\\\/producto\\\/huhnerbrust\\\/#primaryimage\",\"url\":\"https:\\\/\\\/canjaumeartesans.es\\\/wp-content\\\/uploads\\\/2023\\\/01\\\/pollo-pechuga.jpg\",\"contentUrl\":\"https:\\\/\\\/canjaumeartesans.es\\\/wp-content\\\/uploads\\\/2023\\\/01\\\/pollo-pechuga.jpg\",\"width\":1100,\"height\":1100},{\"@type\":\"BreadcrumbList\",\"@id\":\"https:\\\/\\\/canjaumeartesans.es\\\/de\\\/producto\\\/huhnerbrust\\\/#breadcrumb\",\"itemListElement\":[{\"@type\":\"ListItem\",\"position\":1,\"name\":\"Portada\",\"item\":\"https:\\\/\\\/canjaumeartesans.es\\\/de\\\/\"},{\"@type\":\"ListItem\",\"position\":2,\"name\":\"Produktkatalog\",\"item\":\"https:\\\/\\\/canjaumeartesans.es\\\/de\\\/produktkatalog\\\/\"},{\"@type\":\"ListItem\",\"position\":3,\"name\":\"H\u00e4hnchenbrust\"}]},{\"@type\":\"WebSite\",\"@id\":\"https:\\\/\\\/canjaumeartesans.es\\\/de\\\/#website\",\"url\":\"https:\\\/\\\/canjaumeartesans.es\\\/de\\\/\",\"name\":\"Carnicer\u00eda artesana online\",\"description\":\"Carne al corte personalizado\",\"publisher\":{\"@id\":\"https:\\\/\\\/canjaumeartesans.es\\\/de\\\/#organization\"},\"potentialAction\":[{\"@type\":\"SearchAction\",\"target\":{\"@type\":\"EntryPoint\",\"urlTemplate\":\"https:\\\/\\\/canjaumeartesans.es\\\/de\\\/?s={search_term_string}\"},\"query-input\":{\"@type\":\"PropertyValueSpecification\",\"valueRequired\":true,\"valueName\":\"search_term_string\"}}],\"inLanguage\":\"de\"},{\"@type\":\"Organization\",\"@id\":\"https:\\\/\\\/canjaumeartesans.es\\\/de\\\/#organization\",\"name\":\"Can Jaume Carniceria artesana\",\"url\":\"https:\\\/\\\/canjaumeartesans.es\\\/de\\\/\",\"logo\":{\"@type\":\"ImageObject\",\"inLanguage\":\"de\",\"@id\":\"https:\\\/\\\/canjaumeartesans.es\\\/de\\\/#\\\/schema\\\/logo\\\/image\\\/\",\"url\":\"https:\\\/\\\/canjaumeartesans.es\\\/wp-content\\\/uploads\\\/2023\\\/01\\\/Can-Jaume-logo_185@2x.png\",\"contentUrl\":\"https:\\\/\\\/canjaumeartesans.es\\\/wp-content\\\/uploads\\\/2023\\\/01\\\/Can-Jaume-logo_185@2x.png\",\"width\":370,\"height\":249,\"caption\":\"Can Jaume Carniceria artesana\"},\"image\":{\"@id\":\"https:\\\/\\\/canjaumeartesans.es\\\/de\\\/#\\\/schema\\\/logo\\\/image\\\/\"},\"sameAs\":[\"https:\\\/\\\/www.instagram.com\\\/canjaumeartesans\\\/\"]}]}<\/script>\n<!-- \/ Yoast SEO plugin. -->","yoast_head_json":{"title":"H\u00e4hnchenbrust - Carnicer\u00eda artesana online","robots":{"index":"index","follow":"follow","max-snippet":"max-snippet:-1","max-image-preview":"max-image-preview:large","max-video-preview":"max-video-preview:-1"},"canonical":"https:\/\/canjaumeartesans.es\/de\/producto\/huhnerbrust\/","og_locale":"de_DE","og_type":"article","og_title":"H\u00e4hnchenbrust - Carnicer\u00eda artesana online","og_description":"Sie k\u00f6nnen die Art des Gerichts oder der Zubereitung w\u00e4hlen (gegrillt, Reis, Escaldums, ged\u00fcnstet, gekocht, gebraten...).Sie k\u00f6nnen den ganzen Schnitt, Viertel, Achtel... w\u00e4hlen.Es kann im Ganzen serviert werden, ohne Knochen f\u00fcr die F\u00fcllung, und es kann wie ein Buch ge\u00f6ffnet werden (von hinten), was eine runde Form ergibt, oder in Form eines H\u00fchnchens, wobei die Fl\u00fcgel mit den Knochen \u00fcbrig bleiben.Z\u00f6gern Sie nicht, jede Form anzugeben, die spezifiziert ist oder nicht, indem Sie sie in die \"Notizen\" der Bestellung schreiben.","og_url":"https:\/\/canjaumeartesans.es\/de\/producto\/huhnerbrust\/","og_site_name":"Carnicer\u00eda artesana online","article_modified_time":"2026-01-28T10:51:55+00:00","og_image":[{"width":1100,"height":1100,"url":"https:\/\/canjaumeartesans.es\/wp-content\/uploads\/2023\/01\/pollo-pechuga.jpg","type":"image\/jpeg"}],"twitter_card":"summary_large_image","schema":{"@context":"https:\/\/schema.org","@graph":[{"@type":"WebPage","@id":"https:\/\/canjaumeartesans.es\/de\/producto\/huhnerbrust\/","url":"https:\/\/canjaumeartesans.es\/de\/producto\/huhnerbrust\/","name":"H\u00e4hnchenbrust - Carnicer\u00eda artesana online","isPartOf":{"@id":"https:\/\/canjaumeartesans.es\/de\/#website"},"primaryImageOfPage":{"@id":"https:\/\/canjaumeartesans.es\/de\/producto\/huhnerbrust\/#primaryimage"},"image":{"@id":"https:\/\/canjaumeartesans.es\/de\/producto\/huhnerbrust\/#primaryimage"},"thumbnailUrl":"https:\/\/canjaumeartesans.es\/wp-content\/uploads\/2023\/01\/pollo-pechuga.jpg","datePublished":"2023-03-18T16:08:31+00:00","dateModified":"2026-01-28T10:51:55+00:00","breadcrumb":{"@id":"https:\/\/canjaumeartesans.es\/de\/producto\/huhnerbrust\/#breadcrumb"},"inLanguage":"de","potentialAction":[{"@type":"ReadAction","target":["https:\/\/canjaumeartesans.es\/de\/producto\/huhnerbrust\/"]}]},{"@type":"ImageObject","inLanguage":"de","@id":"https:\/\/canjaumeartesans.es\/de\/producto\/huhnerbrust\/#primaryimage","url":"https:\/\/canjaumeartesans.es\/wp-content\/uploads\/2023\/01\/pollo-pechuga.jpg","contentUrl":"https:\/\/canjaumeartesans.es\/wp-content\/uploads\/2023\/01\/pollo-pechuga.jpg","width":1100,"height":1100},{"@type":"BreadcrumbList","@id":"https:\/\/canjaumeartesans.es\/de\/producto\/huhnerbrust\/#breadcrumb","itemListElement":[{"@type":"ListItem","position":1,"name":"Portada","item":"https:\/\/canjaumeartesans.es\/de\/"},{"@type":"ListItem","position":2,"name":"Produktkatalog","item":"https:\/\/canjaumeartesans.es\/de\/produktkatalog\/"},{"@type":"ListItem","position":3,"name":"H\u00e4hnchenbrust"}]},{"@type":"WebSite","@id":"https:\/\/canjaumeartesans.es\/de\/#website","url":"https:\/\/canjaumeartesans.es\/de\/","name":"Carnicer\u00eda artesana online","description":"Carne al corte personalizado","publisher":{"@id":"https:\/\/canjaumeartesans.es\/de\/#organization"},"potentialAction":[{"@type":"SearchAction","target":{"@type":"EntryPoint","urlTemplate":"https:\/\/canjaumeartesans.es\/de\/?s={search_term_string}"},"query-input":{"@type":"PropertyValueSpecification","valueRequired":true,"valueName":"search_term_string"}}],"inLanguage":"de"},{"@type":"Organization","@id":"https:\/\/canjaumeartesans.es\/de\/#organization","name":"Can Jaume Carniceria artesana","url":"https:\/\/canjaumeartesans.es\/de\/","logo":{"@type":"ImageObject","inLanguage":"de","@id":"https:\/\/canjaumeartesans.es\/de\/#\/schema\/logo\/image\/","url":"https:\/\/canjaumeartesans.es\/wp-content\/uploads\/2023\/01\/Can-Jaume-logo_185@2x.png","contentUrl":"https:\/\/canjaumeartesans.es\/wp-content\/uploads\/2023\/01\/Can-Jaume-logo_185@2x.png","width":370,"height":249,"caption":"Can Jaume Carniceria artesana"},"image":{"@id":"https:\/\/canjaumeartesans.es\/de\/#\/schema\/logo\/image\/"},"sameAs":["https:\/\/www.instagram.com\/canjaumeartesans\/"]}]}},"_links":{"self":[{"href":"https:\/\/canjaumeartesans.es\/de\/wp-json\/wp\/v2\/product\/5534","targetHints":{"allow":["GET"]}}],"collection":[{"href":"https:\/\/canjaumeartesans.es\/de\/wp-json\/wp\/v2\/product"}],"about":[{"href":"https:\/\/canjaumeartesans.es\/de\/wp-json\/wp\/v2\/types\/product"}],"wp:featuredmedia":[{"embeddable":true,"href":"https:\/\/canjaumeartesans.es\/de\/wp-json\/wp\/v2\/media\/3487"}],"wp:attachment":[{"href":"https:\/\/canjaumeartesans.es\/de\/wp-json\/wp\/v2\/media?parent=5534"}],"wp:term":[{"taxonomy":"product_brand","embeddable":true,"href":"https:\/\/canjaumeartesans.es\/de\/wp-json\/wp\/v2\/product_brand?post=5534"},{"taxonomy":"product_cat","embeddable":true,"href":"https:\/\/canjaumeartesans.es\/de\/wp-json\/wp\/v2\/product_cat?post=5534"},{"taxonomy":"product_tag","embeddable":true,"href":"https:\/\/canjaumeartesans.es\/de\/wp-json\/wp\/v2\/product_tag?post=5534"}],"curies":[{"name":"wp","href":"https:\/\/api.w.org\/{rel}","templated":true}]}}