{"id":4847,"date":"2023-03-30T17:23:33","date_gmt":"2023-03-30T15:23:33","guid":{"rendered":"https:\/\/canjaumeartesans.es\/producto\/chicken-wings\/"},"modified":"2026-01-28T11:50:54","modified_gmt":"2026-01-28T10:50:54","slug":"huhnerflugel","status":"publish","type":"product","link":"https:\/\/canjaumeartesans.es\/de\/producto\/huhnerflugel\/","title":{"rendered":"Chicken Wings"},"content":{"rendered":"","protected":false},"excerpt":{"rendered":"<p>Sie k\u00f6nnen die Art des Gerichts oder die Zubereitungsart w\u00e4hlen, die Sie zubereiten m\u00f6chten (gegrillt, Reis, <em>Escaldums<\/em>, Eintopf, gekocht, frittiert&#8230;).<\/p>\n<p>Sie k\u00f6nnen das ganze St\u00fcck, Viertel, Achtel usw. w\u00e4hlen.<\/p>\n<p>Es kann ganz entbeint zum F\u00fcllen serviert werden und wie ein Buch (vom R\u00fccken her) ge\u00f6ffnet werden, das als Braten oder in H\u00e4hnchenform herauskommt, wobei wir die Fl\u00fcgel mit den Knochen lassen.<\/p>\n<p><strong>Z\u00f6gern Sie nicht, jede Form anzugeben, die angegeben ist oder nicht, und schreiben Sie sie in die \u201eNotizen\u201c der Bestellung.<\/strong><\/p>\n","protected":false},"featured_media":3459,"template":"","meta":[],"product_brand":[],"product_cat":[219,171],"product_tag":[475,474],"class_list":{"0":"post-4847","1":"product","2":"type-product","3":"status-publish","4":"has-post-thumbnail","6":"product_cat-huhn","7":"product_cat-metzgerei","8":"product_tag-p-gewicht","9":"product_tag-p-stuck","11":"first","12":"instock","13":"shipping-taxable","14":"purchasable","15":"product-type-simple"},"yoast_head":"<!-- This site is optimized with the Yoast SEO plugin v27.6 - https:\/\/yoast.com\/product\/yoast-seo-wordpress\/ -->\n<title>Chicken Wings - Carnicer\u00eda artesana online<\/title>\n<meta name=\"robots\" content=\"index, follow, max-snippet:-1, max-image-preview:large, max-video-preview:-1\" \/>\n<link rel=\"canonical\" href=\"https:\/\/canjaumeartesans.es\/de\/producto\/huhnerflugel\/\" \/>\n<meta property=\"og:locale\" content=\"de_DE\" \/>\n<meta property=\"og:type\" content=\"article\" \/>\n<meta property=\"og:title\" content=\"Chicken Wings - Carnicer\u00eda artesana online\" \/>\n<meta property=\"og:description\" content=\"Sie k\u00f6nnen die Art des Gerichts oder die Zubereitungsart w\u00e4hlen, die Sie zubereiten m\u00f6chten (gegrillt, Reis, Escaldums, Eintopf, gekocht, frittiert...). Sie k\u00f6nnen das ganze St\u00fcck, Viertel, Achtel usw. w\u00e4hlen. Es kann ganz entbeint zum F\u00fcllen serviert werden und wie ein Buch (vom R\u00fccken her) ge\u00f6ffnet werden, das als Braten oder in H\u00e4hnchenform herauskommt, wobei wir die Fl\u00fcgel mit den Knochen lassen. Z\u00f6gern Sie nicht, jede Form anzugeben, die angegeben ist oder nicht, und schreiben Sie sie in die \u201eNotizen\u201c der Bestellung.\" \/>\n<meta property=\"og:url\" content=\"https:\/\/canjaumeartesans.es\/de\/producto\/huhnerflugel\/\" \/>\n<meta property=\"og:site_name\" content=\"Carnicer\u00eda artesana online\" \/>\n<meta property=\"article:modified_time\" content=\"2026-01-28T10:50:54+00:00\" \/>\n<meta property=\"og:image\" content=\"https:\/\/canjaumeartesans.es\/wp-content\/uploads\/2023\/01\/pollo-alas.jpg\" \/>\n\t<meta property=\"og:image:width\" content=\"1100\" \/>\n\t<meta property=\"og:image:height\" content=\"1100\" \/>\n\t<meta property=\"og:image:type\" content=\"image\/jpeg\" \/>\n<meta name=\"twitter:card\" content=\"summary_large_image\" \/>\n<script type=\"application\/ld+json\" class=\"yoast-schema-graph\">{\"@context\":\"https:\\\/\\\/schema.org\",\"@graph\":[{\"@type\":\"WebPage\",\"@id\":\"https:\\\/\\\/canjaumeartesans.es\\\/de\\\/producto\\\/huhnerflugel\\\/\",\"url\":\"https:\\\/\\\/canjaumeartesans.es\\\/de\\\/producto\\\/huhnerflugel\\\/\",\"name\":\"Chicken Wings - Carnicer\u00eda artesana online\",\"isPartOf\":{\"@id\":\"https:\\\/\\\/canjaumeartesans.es\\\/de\\\/#website\"},\"primaryImageOfPage\":{\"@id\":\"https:\\\/\\\/canjaumeartesans.es\\\/de\\\/producto\\\/huhnerflugel\\\/#primaryimage\"},\"image\":{\"@id\":\"https:\\\/\\\/canjaumeartesans.es\\\/de\\\/producto\\\/huhnerflugel\\\/#primaryimage\"},\"thumbnailUrl\":\"https:\\\/\\\/canjaumeartesans.es\\\/wp-content\\\/uploads\\\/2023\\\/01\\\/pollo-alas.jpg\",\"datePublished\":\"2023-03-30T15:23:33+00:00\",\"dateModified\":\"2026-01-28T10:50:54+00:00\",\"breadcrumb\":{\"@id\":\"https:\\\/\\\/canjaumeartesans.es\\\/de\\\/producto\\\/huhnerflugel\\\/#breadcrumb\"},\"inLanguage\":\"de\",\"potentialAction\":[{\"@type\":\"ReadAction\",\"target\":[\"https:\\\/\\\/canjaumeartesans.es\\\/de\\\/producto\\\/huhnerflugel\\\/\"]}]},{\"@type\":\"ImageObject\",\"inLanguage\":\"de\",\"@id\":\"https:\\\/\\\/canjaumeartesans.es\\\/de\\\/producto\\\/huhnerflugel\\\/#primaryimage\",\"url\":\"https:\\\/\\\/canjaumeartesans.es\\\/wp-content\\\/uploads\\\/2023\\\/01\\\/pollo-alas.jpg\",\"contentUrl\":\"https:\\\/\\\/canjaumeartesans.es\\\/wp-content\\\/uploads\\\/2023\\\/01\\\/pollo-alas.jpg\",\"width\":1100,\"height\":1100},{\"@type\":\"BreadcrumbList\",\"@id\":\"https:\\\/\\\/canjaumeartesans.es\\\/de\\\/producto\\\/huhnerflugel\\\/#breadcrumb\",\"itemListElement\":[{\"@type\":\"ListItem\",\"position\":1,\"name\":\"Portada\",\"item\":\"https:\\\/\\\/canjaumeartesans.es\\\/de\\\/\"},{\"@type\":\"ListItem\",\"position\":2,\"name\":\"Produktkatalog\",\"item\":\"https:\\\/\\\/canjaumeartesans.es\\\/de\\\/produktkatalog\\\/\"},{\"@type\":\"ListItem\",\"position\":3,\"name\":\"Chicken Wings\"}]},{\"@type\":\"WebSite\",\"@id\":\"https:\\\/\\\/canjaumeartesans.es\\\/de\\\/#website\",\"url\":\"https:\\\/\\\/canjaumeartesans.es\\\/de\\\/\",\"name\":\"Carnicer\u00eda artesana online\",\"description\":\"Carne al corte personalizado\",\"publisher\":{\"@id\":\"https:\\\/\\\/canjaumeartesans.es\\\/de\\\/#organization\"},\"potentialAction\":[{\"@type\":\"SearchAction\",\"target\":{\"@type\":\"EntryPoint\",\"urlTemplate\":\"https:\\\/\\\/canjaumeartesans.es\\\/de\\\/?s={search_term_string}\"},\"query-input\":{\"@type\":\"PropertyValueSpecification\",\"valueRequired\":true,\"valueName\":\"search_term_string\"}}],\"inLanguage\":\"de\"},{\"@type\":\"Organization\",\"@id\":\"https:\\\/\\\/canjaumeartesans.es\\\/de\\\/#organization\",\"name\":\"Can Jaume Carniceria artesana\",\"url\":\"https:\\\/\\\/canjaumeartesans.es\\\/de\\\/\",\"logo\":{\"@type\":\"ImageObject\",\"inLanguage\":\"de\",\"@id\":\"https:\\\/\\\/canjaumeartesans.es\\\/de\\\/#\\\/schema\\\/logo\\\/image\\\/\",\"url\":\"https:\\\/\\\/canjaumeartesans.es\\\/wp-content\\\/uploads\\\/2023\\\/01\\\/Can-Jaume-logo_185@2x.png\",\"contentUrl\":\"https:\\\/\\\/canjaumeartesans.es\\\/wp-content\\\/uploads\\\/2023\\\/01\\\/Can-Jaume-logo_185@2x.png\",\"width\":370,\"height\":249,\"caption\":\"Can Jaume Carniceria artesana\"},\"image\":{\"@id\":\"https:\\\/\\\/canjaumeartesans.es\\\/de\\\/#\\\/schema\\\/logo\\\/image\\\/\"},\"sameAs\":[\"https:\\\/\\\/www.instagram.com\\\/canjaumeartesans\\\/\"]}]}<\/script>\n<!-- \/ Yoast SEO plugin. -->","yoast_head_json":{"title":"Chicken Wings - Carnicer\u00eda artesana online","robots":{"index":"index","follow":"follow","max-snippet":"max-snippet:-1","max-image-preview":"max-image-preview:large","max-video-preview":"max-video-preview:-1"},"canonical":"https:\/\/canjaumeartesans.es\/de\/producto\/huhnerflugel\/","og_locale":"de_DE","og_type":"article","og_title":"Chicken Wings - Carnicer\u00eda artesana online","og_description":"Sie k\u00f6nnen die Art des Gerichts oder die Zubereitungsart w\u00e4hlen, die Sie zubereiten m\u00f6chten (gegrillt, Reis, Escaldums, Eintopf, gekocht, frittiert...). Sie k\u00f6nnen das ganze St\u00fcck, Viertel, Achtel usw. w\u00e4hlen. Es kann ganz entbeint zum F\u00fcllen serviert werden und wie ein Buch (vom R\u00fccken her) ge\u00f6ffnet werden, das als Braten oder in H\u00e4hnchenform herauskommt, wobei wir die Fl\u00fcgel mit den Knochen lassen. Z\u00f6gern Sie nicht, jede Form anzugeben, die angegeben ist oder nicht, und schreiben Sie sie in die \u201eNotizen\u201c der Bestellung.","og_url":"https:\/\/canjaumeartesans.es\/de\/producto\/huhnerflugel\/","og_site_name":"Carnicer\u00eda artesana online","article_modified_time":"2026-01-28T10:50:54+00:00","og_image":[{"width":1100,"height":1100,"url":"https:\/\/canjaumeartesans.es\/wp-content\/uploads\/2023\/01\/pollo-alas.jpg","type":"image\/jpeg"}],"twitter_card":"summary_large_image","schema":{"@context":"https:\/\/schema.org","@graph":[{"@type":"WebPage","@id":"https:\/\/canjaumeartesans.es\/de\/producto\/huhnerflugel\/","url":"https:\/\/canjaumeartesans.es\/de\/producto\/huhnerflugel\/","name":"Chicken Wings - Carnicer\u00eda artesana online","isPartOf":{"@id":"https:\/\/canjaumeartesans.es\/de\/#website"},"primaryImageOfPage":{"@id":"https:\/\/canjaumeartesans.es\/de\/producto\/huhnerflugel\/#primaryimage"},"image":{"@id":"https:\/\/canjaumeartesans.es\/de\/producto\/huhnerflugel\/#primaryimage"},"thumbnailUrl":"https:\/\/canjaumeartesans.es\/wp-content\/uploads\/2023\/01\/pollo-alas.jpg","datePublished":"2023-03-30T15:23:33+00:00","dateModified":"2026-01-28T10:50:54+00:00","breadcrumb":{"@id":"https:\/\/canjaumeartesans.es\/de\/producto\/huhnerflugel\/#breadcrumb"},"inLanguage":"de","potentialAction":[{"@type":"ReadAction","target":["https:\/\/canjaumeartesans.es\/de\/producto\/huhnerflugel\/"]}]},{"@type":"ImageObject","inLanguage":"de","@id":"https:\/\/canjaumeartesans.es\/de\/producto\/huhnerflugel\/#primaryimage","url":"https:\/\/canjaumeartesans.es\/wp-content\/uploads\/2023\/01\/pollo-alas.jpg","contentUrl":"https:\/\/canjaumeartesans.es\/wp-content\/uploads\/2023\/01\/pollo-alas.jpg","width":1100,"height":1100},{"@type":"BreadcrumbList","@id":"https:\/\/canjaumeartesans.es\/de\/producto\/huhnerflugel\/#breadcrumb","itemListElement":[{"@type":"ListItem","position":1,"name":"Portada","item":"https:\/\/canjaumeartesans.es\/de\/"},{"@type":"ListItem","position":2,"name":"Produktkatalog","item":"https:\/\/canjaumeartesans.es\/de\/produktkatalog\/"},{"@type":"ListItem","position":3,"name":"Chicken Wings"}]},{"@type":"WebSite","@id":"https:\/\/canjaumeartesans.es\/de\/#website","url":"https:\/\/canjaumeartesans.es\/de\/","name":"Carnicer\u00eda artesana online","description":"Carne al corte personalizado","publisher":{"@id":"https:\/\/canjaumeartesans.es\/de\/#organization"},"potentialAction":[{"@type":"SearchAction","target":{"@type":"EntryPoint","urlTemplate":"https:\/\/canjaumeartesans.es\/de\/?s={search_term_string}"},"query-input":{"@type":"PropertyValueSpecification","valueRequired":true,"valueName":"search_term_string"}}],"inLanguage":"de"},{"@type":"Organization","@id":"https:\/\/canjaumeartesans.es\/de\/#organization","name":"Can Jaume Carniceria artesana","url":"https:\/\/canjaumeartesans.es\/de\/","logo":{"@type":"ImageObject","inLanguage":"de","@id":"https:\/\/canjaumeartesans.es\/de\/#\/schema\/logo\/image\/","url":"https:\/\/canjaumeartesans.es\/wp-content\/uploads\/2023\/01\/Can-Jaume-logo_185@2x.png","contentUrl":"https:\/\/canjaumeartesans.es\/wp-content\/uploads\/2023\/01\/Can-Jaume-logo_185@2x.png","width":370,"height":249,"caption":"Can Jaume Carniceria artesana"},"image":{"@id":"https:\/\/canjaumeartesans.es\/de\/#\/schema\/logo\/image\/"},"sameAs":["https:\/\/www.instagram.com\/canjaumeartesans\/"]}]}},"_links":{"self":[{"href":"https:\/\/canjaumeartesans.es\/de\/wp-json\/wp\/v2\/product\/4847","targetHints":{"allow":["GET"]}}],"collection":[{"href":"https:\/\/canjaumeartesans.es\/de\/wp-json\/wp\/v2\/product"}],"about":[{"href":"https:\/\/canjaumeartesans.es\/de\/wp-json\/wp\/v2\/types\/product"}],"wp:featuredmedia":[{"embeddable":true,"href":"https:\/\/canjaumeartesans.es\/de\/wp-json\/wp\/v2\/media\/3459"}],"wp:attachment":[{"href":"https:\/\/canjaumeartesans.es\/de\/wp-json\/wp\/v2\/media?parent=4847"}],"wp:term":[{"taxonomy":"product_brand","embeddable":true,"href":"https:\/\/canjaumeartesans.es\/de\/wp-json\/wp\/v2\/product_brand?post=4847"},{"taxonomy":"product_cat","embeddable":true,"href":"https:\/\/canjaumeartesans.es\/de\/wp-json\/wp\/v2\/product_cat?post=4847"},{"taxonomy":"product_tag","embeddable":true,"href":"https:\/\/canjaumeartesans.es\/de\/wp-json\/wp\/v2\/product_tag?post=4847"}],"curies":[{"name":"wp","href":"https:\/\/api.w.org\/{rel}","templated":true}]}}