{"id":7365,"date":"2022-01-29T17:10:50","date_gmt":"2022-01-29T16:10:50","guid":{"rendered":"https:\/\/canjaumeartesans.es\/producto\/datils-amb-baco\/"},"modified":"2026-01-29T10:31:14","modified_gmt":"2026-01-29T09:31:14","slug":"datils-amb-bacon","status":"publish","type":"product","link":"https:\/\/canjaumeartesans.es\/ca\/producto\/datils-amb-bacon\/","title":{"rendered":"D\u00e0tils amb bac\u00f3"},"content":{"rendered":"","protected":false},"excerpt":{"rendered":"<p>D\u00e0tils amb bac\u00f3 crus a punt per coure.<\/p>\n","protected":false},"featured_media":10172,"template":"","meta":[],"product_brand":[],"product_cat":[305],"product_tag":[478],"class_list":{"0":"post-7365","1":"product","2":"type-product","3":"status-publish","4":"has-post-thumbnail","6":"product_cat-plats-preparats","7":"product_tag-p-pes","9":"first","10":"instock","11":"shipping-taxable","12":"purchasable","13":"product-type-simple"},"yoast_head":"<!-- This site is optimized with the Yoast SEO plugin v27.3 - https:\/\/yoast.com\/product\/yoast-seo-wordpress\/ -->\n<title>D\u00e0tils amb bac\u00f3 - Carnicer\u00eda artesana online<\/title>\n<meta name=\"robots\" content=\"index, follow, max-snippet:-1, max-image-preview:large, max-video-preview:-1\" \/>\n<link rel=\"canonical\" href=\"https:\/\/canjaumeartesans.es\/ca\/producto\/datils-amb-bacon\/\" \/>\n<meta property=\"og:locale\" content=\"ca_ES\" \/>\n<meta property=\"og:type\" content=\"article\" \/>\n<meta property=\"og:title\" content=\"D\u00e0tils amb bac\u00f3 - Carnicer\u00eda artesana online\" \/>\n<meta property=\"og:description\" content=\"D\u00e0tils amb bac\u00f3 crus a punt per coure.\" \/>\n<meta property=\"og:url\" content=\"https:\/\/canjaumeartesans.es\/ca\/producto\/datils-amb-bacon\/\" \/>\n<meta property=\"og:site_name\" content=\"Carnicer\u00eda artesana online\" \/>\n<meta property=\"article:modified_time\" content=\"2026-01-29T09:31:14+00:00\" \/>\n<meta property=\"og:image\" content=\"https:\/\/canjaumeartesans.es\/wp-content\/uploads\/2023\/07\/Preparado-Datiles-con-bacon.jpg\" \/>\n\t<meta property=\"og:image:width\" content=\"1100\" \/>\n\t<meta property=\"og:image:height\" content=\"1100\" \/>\n\t<meta property=\"og:image:type\" content=\"image\/jpeg\" \/>\n<meta name=\"twitter:card\" content=\"summary_large_image\" \/>\n<script type=\"application\/ld+json\" class=\"yoast-schema-graph\">{\"@context\":\"https:\\\/\\\/schema.org\",\"@graph\":[{\"@type\":\"WebPage\",\"@id\":\"https:\\\/\\\/canjaumeartesans.es\\\/ca\\\/producto\\\/datils-amb-bacon\\\/\",\"url\":\"https:\\\/\\\/canjaumeartesans.es\\\/ca\\\/producto\\\/datils-amb-bacon\\\/\",\"name\":\"D\u00e0tils amb bac\u00f3 - Carnicer\u00eda artesana online\",\"isPartOf\":{\"@id\":\"https:\\\/\\\/canjaumeartesans.es\\\/ca\\\/#website\"},\"primaryImageOfPage\":{\"@id\":\"https:\\\/\\\/canjaumeartesans.es\\\/ca\\\/producto\\\/datils-amb-bacon\\\/#primaryimage\"},\"image\":{\"@id\":\"https:\\\/\\\/canjaumeartesans.es\\\/ca\\\/producto\\\/datils-amb-bacon\\\/#primaryimage\"},\"thumbnailUrl\":\"https:\\\/\\\/canjaumeartesans.es\\\/wp-content\\\/uploads\\\/2023\\\/07\\\/Preparado-Datiles-con-bacon.jpg\",\"datePublished\":\"2022-01-29T16:10:50+00:00\",\"dateModified\":\"2026-01-29T09:31:14+00:00\",\"breadcrumb\":{\"@id\":\"https:\\\/\\\/canjaumeartesans.es\\\/ca\\\/producto\\\/datils-amb-bacon\\\/#breadcrumb\"},\"inLanguage\":\"ca\",\"potentialAction\":[{\"@type\":\"ReadAction\",\"target\":[\"https:\\\/\\\/canjaumeartesans.es\\\/ca\\\/producto\\\/datils-amb-bacon\\\/\"]}]},{\"@type\":\"ImageObject\",\"inLanguage\":\"ca\",\"@id\":\"https:\\\/\\\/canjaumeartesans.es\\\/ca\\\/producto\\\/datils-amb-bacon\\\/#primaryimage\",\"url\":\"https:\\\/\\\/canjaumeartesans.es\\\/wp-content\\\/uploads\\\/2023\\\/07\\\/Preparado-Datiles-con-bacon.jpg\",\"contentUrl\":\"https:\\\/\\\/canjaumeartesans.es\\\/wp-content\\\/uploads\\\/2023\\\/07\\\/Preparado-Datiles-con-bacon.jpg\",\"width\":1100,\"height\":1100},{\"@type\":\"BreadcrumbList\",\"@id\":\"https:\\\/\\\/canjaumeartesans.es\\\/ca\\\/producto\\\/datils-amb-bacon\\\/#breadcrumb\",\"itemListElement\":[{\"@type\":\"ListItem\",\"position\":1,\"name\":\"Portada\",\"item\":\"https:\\\/\\\/canjaumeartesans.es\\\/ca\\\/\"},{\"@type\":\"ListItem\",\"position\":2,\"name\":\"Cat\u00e0leg de productes\",\"item\":\"https:\\\/\\\/canjaumeartesans.es\\\/ca\\\/cataleg-de-productes\\\/\"},{\"@type\":\"ListItem\",\"position\":3,\"name\":\"D\u00e0tils amb bac\u00f3\"}]},{\"@type\":\"WebSite\",\"@id\":\"https:\\\/\\\/canjaumeartesans.es\\\/ca\\\/#website\",\"url\":\"https:\\\/\\\/canjaumeartesans.es\\\/ca\\\/\",\"name\":\"Carnicer\u00eda artesana online\",\"description\":\"Carne al corte personalizado\",\"publisher\":{\"@id\":\"https:\\\/\\\/canjaumeartesans.es\\\/ca\\\/#organization\"},\"potentialAction\":[{\"@type\":\"SearchAction\",\"target\":{\"@type\":\"EntryPoint\",\"urlTemplate\":\"https:\\\/\\\/canjaumeartesans.es\\\/ca\\\/?s={search_term_string}\"},\"query-input\":{\"@type\":\"PropertyValueSpecification\",\"valueRequired\":true,\"valueName\":\"search_term_string\"}}],\"inLanguage\":\"ca\"},{\"@type\":\"Organization\",\"@id\":\"https:\\\/\\\/canjaumeartesans.es\\\/ca\\\/#organization\",\"name\":\"Can Jaume Carniceria artesana\",\"url\":\"https:\\\/\\\/canjaumeartesans.es\\\/ca\\\/\",\"logo\":{\"@type\":\"ImageObject\",\"inLanguage\":\"ca\",\"@id\":\"https:\\\/\\\/canjaumeartesans.es\\\/ca\\\/#\\\/schema\\\/logo\\\/image\\\/\",\"url\":\"https:\\\/\\\/canjaumeartesans.es\\\/wp-content\\\/uploads\\\/2023\\\/01\\\/Can-Jaume-logo_185@2x.png\",\"contentUrl\":\"https:\\\/\\\/canjaumeartesans.es\\\/wp-content\\\/uploads\\\/2023\\\/01\\\/Can-Jaume-logo_185@2x.png\",\"width\":370,\"height\":249,\"caption\":\"Can Jaume Carniceria artesana\"},\"image\":{\"@id\":\"https:\\\/\\\/canjaumeartesans.es\\\/ca\\\/#\\\/schema\\\/logo\\\/image\\\/\"},\"sameAs\":[\"https:\\\/\\\/www.instagram.com\\\/canjaumeartesans\\\/\"]}]}<\/script>\n<!-- \/ Yoast SEO plugin. -->","yoast_head_json":{"title":"D\u00e0tils amb bac\u00f3 - Carnicer\u00eda artesana online","robots":{"index":"index","follow":"follow","max-snippet":"max-snippet:-1","max-image-preview":"max-image-preview:large","max-video-preview":"max-video-preview:-1"},"canonical":"https:\/\/canjaumeartesans.es\/ca\/producto\/datils-amb-bacon\/","og_locale":"ca_ES","og_type":"article","og_title":"D\u00e0tils amb bac\u00f3 - Carnicer\u00eda artesana online","og_description":"D\u00e0tils amb bac\u00f3 crus a punt per coure.","og_url":"https:\/\/canjaumeartesans.es\/ca\/producto\/datils-amb-bacon\/","og_site_name":"Carnicer\u00eda artesana online","article_modified_time":"2026-01-29T09:31:14+00:00","og_image":[{"width":1100,"height":1100,"url":"https:\/\/canjaumeartesans.es\/wp-content\/uploads\/2023\/07\/Preparado-Datiles-con-bacon.jpg","type":"image\/jpeg"}],"twitter_card":"summary_large_image","schema":{"@context":"https:\/\/schema.org","@graph":[{"@type":"WebPage","@id":"https:\/\/canjaumeartesans.es\/ca\/producto\/datils-amb-bacon\/","url":"https:\/\/canjaumeartesans.es\/ca\/producto\/datils-amb-bacon\/","name":"D\u00e0tils amb bac\u00f3 - Carnicer\u00eda artesana online","isPartOf":{"@id":"https:\/\/canjaumeartesans.es\/ca\/#website"},"primaryImageOfPage":{"@id":"https:\/\/canjaumeartesans.es\/ca\/producto\/datils-amb-bacon\/#primaryimage"},"image":{"@id":"https:\/\/canjaumeartesans.es\/ca\/producto\/datils-amb-bacon\/#primaryimage"},"thumbnailUrl":"https:\/\/canjaumeartesans.es\/wp-content\/uploads\/2023\/07\/Preparado-Datiles-con-bacon.jpg","datePublished":"2022-01-29T16:10:50+00:00","dateModified":"2026-01-29T09:31:14+00:00","breadcrumb":{"@id":"https:\/\/canjaumeartesans.es\/ca\/producto\/datils-amb-bacon\/#breadcrumb"},"inLanguage":"ca","potentialAction":[{"@type":"ReadAction","target":["https:\/\/canjaumeartesans.es\/ca\/producto\/datils-amb-bacon\/"]}]},{"@type":"ImageObject","inLanguage":"ca","@id":"https:\/\/canjaumeartesans.es\/ca\/producto\/datils-amb-bacon\/#primaryimage","url":"https:\/\/canjaumeartesans.es\/wp-content\/uploads\/2023\/07\/Preparado-Datiles-con-bacon.jpg","contentUrl":"https:\/\/canjaumeartesans.es\/wp-content\/uploads\/2023\/07\/Preparado-Datiles-con-bacon.jpg","width":1100,"height":1100},{"@type":"BreadcrumbList","@id":"https:\/\/canjaumeartesans.es\/ca\/producto\/datils-amb-bacon\/#breadcrumb","itemListElement":[{"@type":"ListItem","position":1,"name":"Portada","item":"https:\/\/canjaumeartesans.es\/ca\/"},{"@type":"ListItem","position":2,"name":"Cat\u00e0leg de productes","item":"https:\/\/canjaumeartesans.es\/ca\/cataleg-de-productes\/"},{"@type":"ListItem","position":3,"name":"D\u00e0tils amb bac\u00f3"}]},{"@type":"WebSite","@id":"https:\/\/canjaumeartesans.es\/ca\/#website","url":"https:\/\/canjaumeartesans.es\/ca\/","name":"Carnicer\u00eda artesana online","description":"Carne al corte personalizado","publisher":{"@id":"https:\/\/canjaumeartesans.es\/ca\/#organization"},"potentialAction":[{"@type":"SearchAction","target":{"@type":"EntryPoint","urlTemplate":"https:\/\/canjaumeartesans.es\/ca\/?s={search_term_string}"},"query-input":{"@type":"PropertyValueSpecification","valueRequired":true,"valueName":"search_term_string"}}],"inLanguage":"ca"},{"@type":"Organization","@id":"https:\/\/canjaumeartesans.es\/ca\/#organization","name":"Can Jaume Carniceria artesana","url":"https:\/\/canjaumeartesans.es\/ca\/","logo":{"@type":"ImageObject","inLanguage":"ca","@id":"https:\/\/canjaumeartesans.es\/ca\/#\/schema\/logo\/image\/","url":"https:\/\/canjaumeartesans.es\/wp-content\/uploads\/2023\/01\/Can-Jaume-logo_185@2x.png","contentUrl":"https:\/\/canjaumeartesans.es\/wp-content\/uploads\/2023\/01\/Can-Jaume-logo_185@2x.png","width":370,"height":249,"caption":"Can Jaume Carniceria artesana"},"image":{"@id":"https:\/\/canjaumeartesans.es\/ca\/#\/schema\/logo\/image\/"},"sameAs":["https:\/\/www.instagram.com\/canjaumeartesans\/"]}]}},"_links":{"self":[{"href":"https:\/\/canjaumeartesans.es\/ca\/wp-json\/wp\/v2\/product\/7365","targetHints":{"allow":["GET"]}}],"collection":[{"href":"https:\/\/canjaumeartesans.es\/ca\/wp-json\/wp\/v2\/product"}],"about":[{"href":"https:\/\/canjaumeartesans.es\/ca\/wp-json\/wp\/v2\/types\/product"}],"wp:featuredmedia":[{"embeddable":true,"href":"https:\/\/canjaumeartesans.es\/ca\/wp-json\/wp\/v2\/media\/10172"}],"wp:attachment":[{"href":"https:\/\/canjaumeartesans.es\/ca\/wp-json\/wp\/v2\/media?parent=7365"}],"wp:term":[{"taxonomy":"product_brand","embeddable":true,"href":"https:\/\/canjaumeartesans.es\/ca\/wp-json\/wp\/v2\/product_brand?post=7365"},{"taxonomy":"product_cat","embeddable":true,"href":"https:\/\/canjaumeartesans.es\/ca\/wp-json\/wp\/v2\/product_cat?post=7365"},{"taxonomy":"product_tag","embeddable":true,"href":"https:\/\/canjaumeartesans.es\/ca\/wp-json\/wp\/v2\/product_tag?post=7365"}],"curies":[{"name":"wp","href":"https:\/\/api.w.org\/{rel}","templated":true}]}}