{"id":7202,"date":"2022-09-23T16:37:59","date_gmt":"2022-09-23T14:37:59","guid":{"rendered":"https:\/\/canjaumeartesans.es\/producto\/perdiu\/"},"modified":"2026-01-28T17:39:48","modified_gmt":"2026-01-28T16:39:48","slug":"perdiu","status":"publish","type":"product","link":"https:\/\/canjaumeartesans.es\/ca\/producto\/perdiu\/","title":{"rendered":"Perdiu"},"content":{"rendered":"","protected":false},"excerpt":{"rendered":"<h4>Aquest producte s&#8217;adquirir\u00e0 nom\u00e9s per enc\u00e0rrec.<\/h4>\n<p>Per a m\u00e9s informaci\u00f3, contacteu:<br \/>per tel\u00e8fon <a href=\"tel:+34971726909\" data-mce-href=\"tel:+34971726909\">+34 971 726 909<\/a><br \/>per correu electr\u00f2nic <a href=\"mailto:info@canjaumeartesans.es\" data-mce-href=\"mailto:info@canjaumeartesans.es\">info@canjaumeartesans.es<\/a><\/p>\n","protected":false},"featured_media":0,"template":"","meta":[],"product_brand":[],"product_cat":[275,150],"product_tag":[482],"class_list":{"0":"post-7202","1":"product","2":"type-product","3":"status-publish","5":"product_cat-altres-aus","6":"product_cat-carnisseria","7":"product_tag-p-unitat-excl","9":"first","10":"instock","11":"shipping-taxable","12":"purchasable","13":"product-type-simple"},"yoast_head":"<!-- This site is optimized with the Yoast SEO plugin v27.3 - https:\/\/yoast.com\/product\/yoast-seo-wordpress\/ -->\n<title>Perdiu - Carnicer\u00eda artesana online<\/title>\n<meta name=\"robots\" content=\"index, follow, max-snippet:-1, max-image-preview:large, max-video-preview:-1\" \/>\n<link rel=\"canonical\" href=\"https:\/\/canjaumeartesans.es\/ca\/producto\/perdiu\/\" \/>\n<meta property=\"og:locale\" content=\"ca_ES\" \/>\n<meta property=\"og:type\" content=\"article\" \/>\n<meta property=\"og:title\" content=\"Perdiu - Carnicer\u00eda artesana online\" \/>\n<meta property=\"og:description\" content=\"Aquest producte s&#039;adquirir\u00e0 nom\u00e9s per enc\u00e0rrec.Per a m\u00e9s informaci\u00f3, contacteu:per tel\u00e8fon +34 971 726 909per correu electr\u00f2nic info@canjaumeartesans.es\" \/>\n<meta property=\"og:url\" content=\"https:\/\/canjaumeartesans.es\/ca\/producto\/perdiu\/\" \/>\n<meta property=\"og:site_name\" content=\"Carnicer\u00eda artesana online\" \/>\n<meta property=\"article:modified_time\" content=\"2026-01-28T16:39:48+00:00\" \/>\n<meta name=\"twitter:card\" content=\"summary_large_image\" \/>\n<script type=\"application\/ld+json\" class=\"yoast-schema-graph\">{\"@context\":\"https:\\\/\\\/schema.org\",\"@graph\":[{\"@type\":\"WebPage\",\"@id\":\"https:\\\/\\\/canjaumeartesans.es\\\/ca\\\/producto\\\/perdiu\\\/\",\"url\":\"https:\\\/\\\/canjaumeartesans.es\\\/ca\\\/producto\\\/perdiu\\\/\",\"name\":\"Perdiu - Carnicer\u00eda artesana online\",\"isPartOf\":{\"@id\":\"https:\\\/\\\/canjaumeartesans.es\\\/ca\\\/#website\"},\"datePublished\":\"2022-09-23T14:37:59+00:00\",\"dateModified\":\"2026-01-28T16:39:48+00:00\",\"breadcrumb\":{\"@id\":\"https:\\\/\\\/canjaumeartesans.es\\\/ca\\\/producto\\\/perdiu\\\/#breadcrumb\"},\"inLanguage\":\"ca\",\"potentialAction\":[{\"@type\":\"ReadAction\",\"target\":[\"https:\\\/\\\/canjaumeartesans.es\\\/ca\\\/producto\\\/perdiu\\\/\"]}]},{\"@type\":\"BreadcrumbList\",\"@id\":\"https:\\\/\\\/canjaumeartesans.es\\\/ca\\\/producto\\\/perdiu\\\/#breadcrumb\",\"itemListElement\":[{\"@type\":\"ListItem\",\"position\":1,\"name\":\"Portada\",\"item\":\"https:\\\/\\\/canjaumeartesans.es\\\/ca\\\/\"},{\"@type\":\"ListItem\",\"position\":2,\"name\":\"Cat\u00e0leg de productes\",\"item\":\"https:\\\/\\\/canjaumeartesans.es\\\/ca\\\/cataleg-de-productes\\\/\"},{\"@type\":\"ListItem\",\"position\":3,\"name\":\"Perdiu\"}]},{\"@type\":\"WebSite\",\"@id\":\"https:\\\/\\\/canjaumeartesans.es\\\/ca\\\/#website\",\"url\":\"https:\\\/\\\/canjaumeartesans.es\\\/ca\\\/\",\"name\":\"Carnicer\u00eda artesana online\",\"description\":\"Carne al corte personalizado\",\"publisher\":{\"@id\":\"https:\\\/\\\/canjaumeartesans.es\\\/ca\\\/#organization\"},\"potentialAction\":[{\"@type\":\"SearchAction\",\"target\":{\"@type\":\"EntryPoint\",\"urlTemplate\":\"https:\\\/\\\/canjaumeartesans.es\\\/ca\\\/?s={search_term_string}\"},\"query-input\":{\"@type\":\"PropertyValueSpecification\",\"valueRequired\":true,\"valueName\":\"search_term_string\"}}],\"inLanguage\":\"ca\"},{\"@type\":\"Organization\",\"@id\":\"https:\\\/\\\/canjaumeartesans.es\\\/ca\\\/#organization\",\"name\":\"Can Jaume Carniceria artesana\",\"url\":\"https:\\\/\\\/canjaumeartesans.es\\\/ca\\\/\",\"logo\":{\"@type\":\"ImageObject\",\"inLanguage\":\"ca\",\"@id\":\"https:\\\/\\\/canjaumeartesans.es\\\/ca\\\/#\\\/schema\\\/logo\\\/image\\\/\",\"url\":\"https:\\\/\\\/canjaumeartesans.es\\\/wp-content\\\/uploads\\\/2023\\\/01\\\/Can-Jaume-logo_185@2x.png\",\"contentUrl\":\"https:\\\/\\\/canjaumeartesans.es\\\/wp-content\\\/uploads\\\/2023\\\/01\\\/Can-Jaume-logo_185@2x.png\",\"width\":370,\"height\":249,\"caption\":\"Can Jaume Carniceria artesana\"},\"image\":{\"@id\":\"https:\\\/\\\/canjaumeartesans.es\\\/ca\\\/#\\\/schema\\\/logo\\\/image\\\/\"},\"sameAs\":[\"https:\\\/\\\/www.instagram.com\\\/canjaumeartesans\\\/\"]}]}<\/script>\n<!-- \/ Yoast SEO plugin. -->","yoast_head_json":{"title":"Perdiu - Carnicer\u00eda artesana online","robots":{"index":"index","follow":"follow","max-snippet":"max-snippet:-1","max-image-preview":"max-image-preview:large","max-video-preview":"max-video-preview:-1"},"canonical":"https:\/\/canjaumeartesans.es\/ca\/producto\/perdiu\/","og_locale":"ca_ES","og_type":"article","og_title":"Perdiu - Carnicer\u00eda artesana online","og_description":"Aquest producte s'adquirir\u00e0 nom\u00e9s per enc\u00e0rrec.Per a m\u00e9s informaci\u00f3, contacteu:per tel\u00e8fon +34 971 726 909per correu electr\u00f2nic info@canjaumeartesans.es","og_url":"https:\/\/canjaumeartesans.es\/ca\/producto\/perdiu\/","og_site_name":"Carnicer\u00eda artesana online","article_modified_time":"2026-01-28T16:39:48+00:00","twitter_card":"summary_large_image","schema":{"@context":"https:\/\/schema.org","@graph":[{"@type":"WebPage","@id":"https:\/\/canjaumeartesans.es\/ca\/producto\/perdiu\/","url":"https:\/\/canjaumeartesans.es\/ca\/producto\/perdiu\/","name":"Perdiu - Carnicer\u00eda artesana online","isPartOf":{"@id":"https:\/\/canjaumeartesans.es\/ca\/#website"},"datePublished":"2022-09-23T14:37:59+00:00","dateModified":"2026-01-28T16:39:48+00:00","breadcrumb":{"@id":"https:\/\/canjaumeartesans.es\/ca\/producto\/perdiu\/#breadcrumb"},"inLanguage":"ca","potentialAction":[{"@type":"ReadAction","target":["https:\/\/canjaumeartesans.es\/ca\/producto\/perdiu\/"]}]},{"@type":"BreadcrumbList","@id":"https:\/\/canjaumeartesans.es\/ca\/producto\/perdiu\/#breadcrumb","itemListElement":[{"@type":"ListItem","position":1,"name":"Portada","item":"https:\/\/canjaumeartesans.es\/ca\/"},{"@type":"ListItem","position":2,"name":"Cat\u00e0leg de productes","item":"https:\/\/canjaumeartesans.es\/ca\/cataleg-de-productes\/"},{"@type":"ListItem","position":3,"name":"Perdiu"}]},{"@type":"WebSite","@id":"https:\/\/canjaumeartesans.es\/ca\/#website","url":"https:\/\/canjaumeartesans.es\/ca\/","name":"Carnicer\u00eda artesana online","description":"Carne al corte personalizado","publisher":{"@id":"https:\/\/canjaumeartesans.es\/ca\/#organization"},"potentialAction":[{"@type":"SearchAction","target":{"@type":"EntryPoint","urlTemplate":"https:\/\/canjaumeartesans.es\/ca\/?s={search_term_string}"},"query-input":{"@type":"PropertyValueSpecification","valueRequired":true,"valueName":"search_term_string"}}],"inLanguage":"ca"},{"@type":"Organization","@id":"https:\/\/canjaumeartesans.es\/ca\/#organization","name":"Can Jaume Carniceria artesana","url":"https:\/\/canjaumeartesans.es\/ca\/","logo":{"@type":"ImageObject","inLanguage":"ca","@id":"https:\/\/canjaumeartesans.es\/ca\/#\/schema\/logo\/image\/","url":"https:\/\/canjaumeartesans.es\/wp-content\/uploads\/2023\/01\/Can-Jaume-logo_185@2x.png","contentUrl":"https:\/\/canjaumeartesans.es\/wp-content\/uploads\/2023\/01\/Can-Jaume-logo_185@2x.png","width":370,"height":249,"caption":"Can Jaume Carniceria artesana"},"image":{"@id":"https:\/\/canjaumeartesans.es\/ca\/#\/schema\/logo\/image\/"},"sameAs":["https:\/\/www.instagram.com\/canjaumeartesans\/"]}]}},"_links":{"self":[{"href":"https:\/\/canjaumeartesans.es\/ca\/wp-json\/wp\/v2\/product\/7202","targetHints":{"allow":["GET"]}}],"collection":[{"href":"https:\/\/canjaumeartesans.es\/ca\/wp-json\/wp\/v2\/product"}],"about":[{"href":"https:\/\/canjaumeartesans.es\/ca\/wp-json\/wp\/v2\/types\/product"}],"wp:attachment":[{"href":"https:\/\/canjaumeartesans.es\/ca\/wp-json\/wp\/v2\/media?parent=7202"}],"wp:term":[{"taxonomy":"product_brand","embeddable":true,"href":"https:\/\/canjaumeartesans.es\/ca\/wp-json\/wp\/v2\/product_brand?post=7202"},{"taxonomy":"product_cat","embeddable":true,"href":"https:\/\/canjaumeartesans.es\/ca\/wp-json\/wp\/v2\/product_cat?post=7202"},{"taxonomy":"product_tag","embeddable":true,"href":"https:\/\/canjaumeartesans.es\/ca\/wp-json\/wp\/v2\/product_tag?post=7202"}],"curies":[{"name":"wp","href":"https:\/\/api.w.org\/{rel}","templated":true}]}}