{"id":6358,"date":"2022-10-13T10:17:14","date_gmt":"2022-10-13T08:17:14","guid":{"rendered":"https:\/\/canjaumeartesans.es\/producto\/mitja-conill-net\/"},"modified":"2026-01-29T10:29:37","modified_gmt":"2026-01-29T09:29:37","slug":"mitja-conill-net","status":"publish","type":"product","link":"https:\/\/canjaumeartesans.es\/ca\/producto\/mitja-conill-net\/","title":{"rendered":"Mitj\u00e0 Conill net"},"content":{"rendered":"","protected":false},"excerpt":{"rendered":"<p>Mig conill sense fetge.<\/p>\n<p>Adequat per fer paella, a la brasa, per arr\u00f2s.<\/p>\n","protected":false},"featured_media":3768,"template":"","meta":[],"product_brand":[],"product_cat":[150,265],"product_tag":[476],"class_list":{"0":"post-6358","1":"product","2":"type-product","3":"status-publish","4":"has-post-thumbnail","6":"product_cat-carnisseria","7":"product_cat-conill","8":"product_tag-p-unitats","10":"first","11":"instock","12":"shipping-taxable","13":"purchasable","14":"product-type-simple"},"yoast_head":"<!-- This site is optimized with the Yoast SEO plugin v27.3 - https:\/\/yoast.com\/product\/yoast-seo-wordpress\/ -->\n<title>Mitj\u00e0 Conill net - Carnicer\u00eda artesana online<\/title>\n<meta name=\"robots\" content=\"index, follow, max-snippet:-1, max-image-preview:large, max-video-preview:-1\" \/>\n<link rel=\"canonical\" href=\"https:\/\/canjaumeartesans.es\/ca\/producto\/mitja-conill-net\/\" \/>\n<meta property=\"og:locale\" content=\"ca_ES\" \/>\n<meta property=\"og:type\" content=\"article\" \/>\n<meta property=\"og:title\" content=\"Mitj\u00e0 Conill net - Carnicer\u00eda artesana online\" \/>\n<meta property=\"og:description\" content=\"Mig conill sense fetge.Adequat per fer paella, a la brasa, per arr\u00f2s.\" \/>\n<meta property=\"og:url\" content=\"https:\/\/canjaumeartesans.es\/ca\/producto\/mitja-conill-net\/\" \/>\n<meta property=\"og:site_name\" content=\"Carnicer\u00eda artesana online\" \/>\n<meta property=\"article:modified_time\" content=\"2026-01-29T09:29:37+00:00\" \/>\n<meta property=\"og:image\" content=\"https:\/\/canjaumeartesans.es\/wp-content\/uploads\/2023\/02\/conejo-medio.jpeg\" \/>\n\t<meta property=\"og:image:width\" content=\"1147\" \/>\n\t<meta property=\"og:image:height\" content=\"1147\" \/>\n\t<meta property=\"og:image:type\" content=\"image\/jpeg\" \/>\n<meta name=\"twitter:card\" content=\"summary_large_image\" \/>\n<script type=\"application\/ld+json\" class=\"yoast-schema-graph\">{\"@context\":\"https:\\\/\\\/schema.org\",\"@graph\":[{\"@type\":\"WebPage\",\"@id\":\"https:\\\/\\\/canjaumeartesans.es\\\/ca\\\/producto\\\/mitja-conill-net\\\/\",\"url\":\"https:\\\/\\\/canjaumeartesans.es\\\/ca\\\/producto\\\/mitja-conill-net\\\/\",\"name\":\"Mitj\u00e0 Conill net - Carnicer\u00eda artesana online\",\"isPartOf\":{\"@id\":\"https:\\\/\\\/canjaumeartesans.es\\\/ca\\\/#website\"},\"primaryImageOfPage\":{\"@id\":\"https:\\\/\\\/canjaumeartesans.es\\\/ca\\\/producto\\\/mitja-conill-net\\\/#primaryimage\"},\"image\":{\"@id\":\"https:\\\/\\\/canjaumeartesans.es\\\/ca\\\/producto\\\/mitja-conill-net\\\/#primaryimage\"},\"thumbnailUrl\":\"https:\\\/\\\/canjaumeartesans.es\\\/wp-content\\\/uploads\\\/2023\\\/02\\\/conejo-medio.jpeg\",\"datePublished\":\"2022-10-13T08:17:14+00:00\",\"dateModified\":\"2026-01-29T09:29:37+00:00\",\"breadcrumb\":{\"@id\":\"https:\\\/\\\/canjaumeartesans.es\\\/ca\\\/producto\\\/mitja-conill-net\\\/#breadcrumb\"},\"inLanguage\":\"ca\",\"potentialAction\":[{\"@type\":\"ReadAction\",\"target\":[\"https:\\\/\\\/canjaumeartesans.es\\\/ca\\\/producto\\\/mitja-conill-net\\\/\"]}]},{\"@type\":\"ImageObject\",\"inLanguage\":\"ca\",\"@id\":\"https:\\\/\\\/canjaumeartesans.es\\\/ca\\\/producto\\\/mitja-conill-net\\\/#primaryimage\",\"url\":\"https:\\\/\\\/canjaumeartesans.es\\\/wp-content\\\/uploads\\\/2023\\\/02\\\/conejo-medio.jpeg\",\"contentUrl\":\"https:\\\/\\\/canjaumeartesans.es\\\/wp-content\\\/uploads\\\/2023\\\/02\\\/conejo-medio.jpeg\",\"width\":1147,\"height\":1147},{\"@type\":\"BreadcrumbList\",\"@id\":\"https:\\\/\\\/canjaumeartesans.es\\\/ca\\\/producto\\\/mitja-conill-net\\\/#breadcrumb\",\"itemListElement\":[{\"@type\":\"ListItem\",\"position\":1,\"name\":\"Portada\",\"item\":\"https:\\\/\\\/canjaumeartesans.es\\\/ca\\\/\"},{\"@type\":\"ListItem\",\"position\":2,\"name\":\"Cat\u00e0leg de productes\",\"item\":\"https:\\\/\\\/canjaumeartesans.es\\\/ca\\\/cataleg-de-productes\\\/\"},{\"@type\":\"ListItem\",\"position\":3,\"name\":\"Mitj\u00e0 Conill net\"}]},{\"@type\":\"WebSite\",\"@id\":\"https:\\\/\\\/canjaumeartesans.es\\\/ca\\\/#website\",\"url\":\"https:\\\/\\\/canjaumeartesans.es\\\/ca\\\/\",\"name\":\"Carnicer\u00eda artesana online\",\"description\":\"Carne al corte personalizado\",\"publisher\":{\"@id\":\"https:\\\/\\\/canjaumeartesans.es\\\/ca\\\/#organization\"},\"potentialAction\":[{\"@type\":\"SearchAction\",\"target\":{\"@type\":\"EntryPoint\",\"urlTemplate\":\"https:\\\/\\\/canjaumeartesans.es\\\/ca\\\/?s={search_term_string}\"},\"query-input\":{\"@type\":\"PropertyValueSpecification\",\"valueRequired\":true,\"valueName\":\"search_term_string\"}}],\"inLanguage\":\"ca\"},{\"@type\":\"Organization\",\"@id\":\"https:\\\/\\\/canjaumeartesans.es\\\/ca\\\/#organization\",\"name\":\"Can Jaume Carniceria artesana\",\"url\":\"https:\\\/\\\/canjaumeartesans.es\\\/ca\\\/\",\"logo\":{\"@type\":\"ImageObject\",\"inLanguage\":\"ca\",\"@id\":\"https:\\\/\\\/canjaumeartesans.es\\\/ca\\\/#\\\/schema\\\/logo\\\/image\\\/\",\"url\":\"https:\\\/\\\/canjaumeartesans.es\\\/wp-content\\\/uploads\\\/2023\\\/01\\\/Can-Jaume-logo_185@2x.png\",\"contentUrl\":\"https:\\\/\\\/canjaumeartesans.es\\\/wp-content\\\/uploads\\\/2023\\\/01\\\/Can-Jaume-logo_185@2x.png\",\"width\":370,\"height\":249,\"caption\":\"Can Jaume Carniceria artesana\"},\"image\":{\"@id\":\"https:\\\/\\\/canjaumeartesans.es\\\/ca\\\/#\\\/schema\\\/logo\\\/image\\\/\"},\"sameAs\":[\"https:\\\/\\\/www.instagram.com\\\/canjaumeartesans\\\/\"]}]}<\/script>\n<!-- \/ Yoast SEO plugin. -->","yoast_head_json":{"title":"Mitj\u00e0 Conill net - Carnicer\u00eda artesana online","robots":{"index":"index","follow":"follow","max-snippet":"max-snippet:-1","max-image-preview":"max-image-preview:large","max-video-preview":"max-video-preview:-1"},"canonical":"https:\/\/canjaumeartesans.es\/ca\/producto\/mitja-conill-net\/","og_locale":"ca_ES","og_type":"article","og_title":"Mitj\u00e0 Conill net - Carnicer\u00eda artesana online","og_description":"Mig conill sense fetge.Adequat per fer paella, a la brasa, per arr\u00f2s.","og_url":"https:\/\/canjaumeartesans.es\/ca\/producto\/mitja-conill-net\/","og_site_name":"Carnicer\u00eda artesana online","article_modified_time":"2026-01-29T09:29:37+00:00","og_image":[{"width":1147,"height":1147,"url":"https:\/\/canjaumeartesans.es\/wp-content\/uploads\/2023\/02\/conejo-medio.jpeg","type":"image\/jpeg"}],"twitter_card":"summary_large_image","schema":{"@context":"https:\/\/schema.org","@graph":[{"@type":"WebPage","@id":"https:\/\/canjaumeartesans.es\/ca\/producto\/mitja-conill-net\/","url":"https:\/\/canjaumeartesans.es\/ca\/producto\/mitja-conill-net\/","name":"Mitj\u00e0 Conill net - Carnicer\u00eda artesana online","isPartOf":{"@id":"https:\/\/canjaumeartesans.es\/ca\/#website"},"primaryImageOfPage":{"@id":"https:\/\/canjaumeartesans.es\/ca\/producto\/mitja-conill-net\/#primaryimage"},"image":{"@id":"https:\/\/canjaumeartesans.es\/ca\/producto\/mitja-conill-net\/#primaryimage"},"thumbnailUrl":"https:\/\/canjaumeartesans.es\/wp-content\/uploads\/2023\/02\/conejo-medio.jpeg","datePublished":"2022-10-13T08:17:14+00:00","dateModified":"2026-01-29T09:29:37+00:00","breadcrumb":{"@id":"https:\/\/canjaumeartesans.es\/ca\/producto\/mitja-conill-net\/#breadcrumb"},"inLanguage":"ca","potentialAction":[{"@type":"ReadAction","target":["https:\/\/canjaumeartesans.es\/ca\/producto\/mitja-conill-net\/"]}]},{"@type":"ImageObject","inLanguage":"ca","@id":"https:\/\/canjaumeartesans.es\/ca\/producto\/mitja-conill-net\/#primaryimage","url":"https:\/\/canjaumeartesans.es\/wp-content\/uploads\/2023\/02\/conejo-medio.jpeg","contentUrl":"https:\/\/canjaumeartesans.es\/wp-content\/uploads\/2023\/02\/conejo-medio.jpeg","width":1147,"height":1147},{"@type":"BreadcrumbList","@id":"https:\/\/canjaumeartesans.es\/ca\/producto\/mitja-conill-net\/#breadcrumb","itemListElement":[{"@type":"ListItem","position":1,"name":"Portada","item":"https:\/\/canjaumeartesans.es\/ca\/"},{"@type":"ListItem","position":2,"name":"Cat\u00e0leg de productes","item":"https:\/\/canjaumeartesans.es\/ca\/cataleg-de-productes\/"},{"@type":"ListItem","position":3,"name":"Mitj\u00e0 Conill net"}]},{"@type":"WebSite","@id":"https:\/\/canjaumeartesans.es\/ca\/#website","url":"https:\/\/canjaumeartesans.es\/ca\/","name":"Carnicer\u00eda artesana online","description":"Carne al corte personalizado","publisher":{"@id":"https:\/\/canjaumeartesans.es\/ca\/#organization"},"potentialAction":[{"@type":"SearchAction","target":{"@type":"EntryPoint","urlTemplate":"https:\/\/canjaumeartesans.es\/ca\/?s={search_term_string}"},"query-input":{"@type":"PropertyValueSpecification","valueRequired":true,"valueName":"search_term_string"}}],"inLanguage":"ca"},{"@type":"Organization","@id":"https:\/\/canjaumeartesans.es\/ca\/#organization","name":"Can Jaume Carniceria artesana","url":"https:\/\/canjaumeartesans.es\/ca\/","logo":{"@type":"ImageObject","inLanguage":"ca","@id":"https:\/\/canjaumeartesans.es\/ca\/#\/schema\/logo\/image\/","url":"https:\/\/canjaumeartesans.es\/wp-content\/uploads\/2023\/01\/Can-Jaume-logo_185@2x.png","contentUrl":"https:\/\/canjaumeartesans.es\/wp-content\/uploads\/2023\/01\/Can-Jaume-logo_185@2x.png","width":370,"height":249,"caption":"Can Jaume Carniceria artesana"},"image":{"@id":"https:\/\/canjaumeartesans.es\/ca\/#\/schema\/logo\/image\/"},"sameAs":["https:\/\/www.instagram.com\/canjaumeartesans\/"]}]}},"_links":{"self":[{"href":"https:\/\/canjaumeartesans.es\/ca\/wp-json\/wp\/v2\/product\/6358","targetHints":{"allow":["GET"]}}],"collection":[{"href":"https:\/\/canjaumeartesans.es\/ca\/wp-json\/wp\/v2\/product"}],"about":[{"href":"https:\/\/canjaumeartesans.es\/ca\/wp-json\/wp\/v2\/types\/product"}],"wp:featuredmedia":[{"embeddable":true,"href":"https:\/\/canjaumeartesans.es\/ca\/wp-json\/wp\/v2\/media\/3768"}],"wp:attachment":[{"href":"https:\/\/canjaumeartesans.es\/ca\/wp-json\/wp\/v2\/media?parent=6358"}],"wp:term":[{"taxonomy":"product_brand","embeddable":true,"href":"https:\/\/canjaumeartesans.es\/ca\/wp-json\/wp\/v2\/product_brand?post=6358"},{"taxonomy":"product_cat","embeddable":true,"href":"https:\/\/canjaumeartesans.es\/ca\/wp-json\/wp\/v2\/product_cat?post=6358"},{"taxonomy":"product_tag","embeddable":true,"href":"https:\/\/canjaumeartesans.es\/ca\/wp-json\/wp\/v2\/product_tag?post=6358"}],"curies":[{"name":"wp","href":"https:\/\/api.w.org\/{rel}","templated":true}]}}