{"id":6101,"date":"2022-06-11T19:23:51","date_gmt":"2022-06-11T17:23:51","guid":{"rendered":"https:\/\/canjaumeartesans.es\/producto\/cama-de-pernil-dolc\/"},"modified":"2026-01-28T12:28:38","modified_gmt":"2026-01-28T11:28:38","slug":"cama-de-pernil-york","status":"publish","type":"product","link":"https:\/\/canjaumeartesans.es\/ca\/producto\/cama-de-pernil-york\/","title":{"rendered":"Cama de pernil dol\u00e7"},"content":{"rendered":"","protected":false},"excerpt":{"rendered":"<p>Cama de pernil a salmorra.<\/p>\n<p>Cal enc\u00e0rrec amb antelaci\u00f3 d&#8217;una setmana. <a href=\"https:\/\/canjaumeartesans.es\/contactar\/\" data-mce-href=\"https:\/\/canjaumeartesans.es\/contactar\/\">Contactar amb la carnisseria.<\/a><\/p>\n","protected":false},"featured_media":0,"template":"","meta":[],"product_brand":[],"product_cat":[150,281],"product_tag":[478,476],"class_list":{"0":"post-6101","1":"product","2":"type-product","3":"status-publish","5":"product_cat-carnisseria","6":"product_cat-elaborats","7":"product_tag-p-pes","8":"product_tag-p-unitats","10":"first","11":"instock","12":"shipping-taxable","13":"purchasable","14":"product-type-simple"},"yoast_head":"<!-- This site is optimized with the Yoast SEO plugin v27.6 - https:\/\/yoast.com\/product\/yoast-seo-wordpress\/ -->\n<title>Cama de pernil dol\u00e7 - Carnicer\u00eda artesana online<\/title>\n<meta name=\"robots\" content=\"index, follow, max-snippet:-1, max-image-preview:large, max-video-preview:-1\" \/>\n<link rel=\"canonical\" href=\"https:\/\/canjaumeartesans.es\/ca\/producto\/cama-de-pernil-york\/\" \/>\n<meta property=\"og:locale\" content=\"ca_ES\" \/>\n<meta property=\"og:type\" content=\"article\" \/>\n<meta property=\"og:title\" content=\"Cama de pernil dol\u00e7 - Carnicer\u00eda artesana online\" \/>\n<meta property=\"og:description\" content=\"Cama de pernil a salmorra.Cal enc\u00e0rrec amb antelaci\u00f3 d&#039;una setmana. Contactar amb la carnisseria.\" \/>\n<meta property=\"og:url\" content=\"https:\/\/canjaumeartesans.es\/ca\/producto\/cama-de-pernil-york\/\" \/>\n<meta property=\"og:site_name\" content=\"Carnicer\u00eda artesana online\" \/>\n<meta property=\"article:modified_time\" content=\"2026-01-28T11:28:38+00:00\" \/>\n<meta name=\"twitter:card\" content=\"summary_large_image\" \/>\n<script type=\"application\/ld+json\" class=\"yoast-schema-graph\">{\"@context\":\"https:\\\/\\\/schema.org\",\"@graph\":[{\"@type\":\"WebPage\",\"@id\":\"https:\\\/\\\/canjaumeartesans.es\\\/ca\\\/producto\\\/cama-de-pernil-york\\\/\",\"url\":\"https:\\\/\\\/canjaumeartesans.es\\\/ca\\\/producto\\\/cama-de-pernil-york\\\/\",\"name\":\"Cama de pernil dol\u00e7 - Carnicer\u00eda artesana online\",\"isPartOf\":{\"@id\":\"https:\\\/\\\/canjaumeartesans.es\\\/ca\\\/#website\"},\"datePublished\":\"2022-06-11T17:23:51+00:00\",\"dateModified\":\"2026-01-28T11:28:38+00:00\",\"breadcrumb\":{\"@id\":\"https:\\\/\\\/canjaumeartesans.es\\\/ca\\\/producto\\\/cama-de-pernil-york\\\/#breadcrumb\"},\"inLanguage\":\"ca\",\"potentialAction\":[{\"@type\":\"ReadAction\",\"target\":[\"https:\\\/\\\/canjaumeartesans.es\\\/ca\\\/producto\\\/cama-de-pernil-york\\\/\"]}]},{\"@type\":\"BreadcrumbList\",\"@id\":\"https:\\\/\\\/canjaumeartesans.es\\\/ca\\\/producto\\\/cama-de-pernil-york\\\/#breadcrumb\",\"itemListElement\":[{\"@type\":\"ListItem\",\"position\":1,\"name\":\"Portada\",\"item\":\"https:\\\/\\\/canjaumeartesans.es\\\/ca\\\/\"},{\"@type\":\"ListItem\",\"position\":2,\"name\":\"Cat\u00e0leg de productes\",\"item\":\"https:\\\/\\\/canjaumeartesans.es\\\/ca\\\/cataleg-de-productes\\\/\"},{\"@type\":\"ListItem\",\"position\":3,\"name\":\"Cama de pernil dol\u00e7\"}]},{\"@type\":\"WebSite\",\"@id\":\"https:\\\/\\\/canjaumeartesans.es\\\/ca\\\/#website\",\"url\":\"https:\\\/\\\/canjaumeartesans.es\\\/ca\\\/\",\"name\":\"Carnicer\u00eda artesana online\",\"description\":\"Carne al corte personalizado\",\"publisher\":{\"@id\":\"https:\\\/\\\/canjaumeartesans.es\\\/ca\\\/#organization\"},\"potentialAction\":[{\"@type\":\"SearchAction\",\"target\":{\"@type\":\"EntryPoint\",\"urlTemplate\":\"https:\\\/\\\/canjaumeartesans.es\\\/ca\\\/?s={search_term_string}\"},\"query-input\":{\"@type\":\"PropertyValueSpecification\",\"valueRequired\":true,\"valueName\":\"search_term_string\"}}],\"inLanguage\":\"ca\"},{\"@type\":\"Organization\",\"@id\":\"https:\\\/\\\/canjaumeartesans.es\\\/ca\\\/#organization\",\"name\":\"Can Jaume Carniceria artesana\",\"url\":\"https:\\\/\\\/canjaumeartesans.es\\\/ca\\\/\",\"logo\":{\"@type\":\"ImageObject\",\"inLanguage\":\"ca\",\"@id\":\"https:\\\/\\\/canjaumeartesans.es\\\/ca\\\/#\\\/schema\\\/logo\\\/image\\\/\",\"url\":\"https:\\\/\\\/canjaumeartesans.es\\\/wp-content\\\/uploads\\\/2023\\\/01\\\/Can-Jaume-logo_185@2x.png\",\"contentUrl\":\"https:\\\/\\\/canjaumeartesans.es\\\/wp-content\\\/uploads\\\/2023\\\/01\\\/Can-Jaume-logo_185@2x.png\",\"width\":370,\"height\":249,\"caption\":\"Can Jaume Carniceria artesana\"},\"image\":{\"@id\":\"https:\\\/\\\/canjaumeartesans.es\\\/ca\\\/#\\\/schema\\\/logo\\\/image\\\/\"},\"sameAs\":[\"https:\\\/\\\/www.instagram.com\\\/canjaumeartesans\\\/\"]}]}<\/script>\n<!-- \/ Yoast SEO plugin. -->","yoast_head_json":{"title":"Cama de pernil dol\u00e7 - Carnicer\u00eda artesana online","robots":{"index":"index","follow":"follow","max-snippet":"max-snippet:-1","max-image-preview":"max-image-preview:large","max-video-preview":"max-video-preview:-1"},"canonical":"https:\/\/canjaumeartesans.es\/ca\/producto\/cama-de-pernil-york\/","og_locale":"ca_ES","og_type":"article","og_title":"Cama de pernil dol\u00e7 - Carnicer\u00eda artesana online","og_description":"Cama de pernil a salmorra.Cal enc\u00e0rrec amb antelaci\u00f3 d'una setmana. Contactar amb la carnisseria.","og_url":"https:\/\/canjaumeartesans.es\/ca\/producto\/cama-de-pernil-york\/","og_site_name":"Carnicer\u00eda artesana online","article_modified_time":"2026-01-28T11:28:38+00:00","twitter_card":"summary_large_image","schema":{"@context":"https:\/\/schema.org","@graph":[{"@type":"WebPage","@id":"https:\/\/canjaumeartesans.es\/ca\/producto\/cama-de-pernil-york\/","url":"https:\/\/canjaumeartesans.es\/ca\/producto\/cama-de-pernil-york\/","name":"Cama de pernil dol\u00e7 - Carnicer\u00eda artesana online","isPartOf":{"@id":"https:\/\/canjaumeartesans.es\/ca\/#website"},"datePublished":"2022-06-11T17:23:51+00:00","dateModified":"2026-01-28T11:28:38+00:00","breadcrumb":{"@id":"https:\/\/canjaumeartesans.es\/ca\/producto\/cama-de-pernil-york\/#breadcrumb"},"inLanguage":"ca","potentialAction":[{"@type":"ReadAction","target":["https:\/\/canjaumeartesans.es\/ca\/producto\/cama-de-pernil-york\/"]}]},{"@type":"BreadcrumbList","@id":"https:\/\/canjaumeartesans.es\/ca\/producto\/cama-de-pernil-york\/#breadcrumb","itemListElement":[{"@type":"ListItem","position":1,"name":"Portada","item":"https:\/\/canjaumeartesans.es\/ca\/"},{"@type":"ListItem","position":2,"name":"Cat\u00e0leg de productes","item":"https:\/\/canjaumeartesans.es\/ca\/cataleg-de-productes\/"},{"@type":"ListItem","position":3,"name":"Cama de pernil dol\u00e7"}]},{"@type":"WebSite","@id":"https:\/\/canjaumeartesans.es\/ca\/#website","url":"https:\/\/canjaumeartesans.es\/ca\/","name":"Carnicer\u00eda artesana online","description":"Carne al corte personalizado","publisher":{"@id":"https:\/\/canjaumeartesans.es\/ca\/#organization"},"potentialAction":[{"@type":"SearchAction","target":{"@type":"EntryPoint","urlTemplate":"https:\/\/canjaumeartesans.es\/ca\/?s={search_term_string}"},"query-input":{"@type":"PropertyValueSpecification","valueRequired":true,"valueName":"search_term_string"}}],"inLanguage":"ca"},{"@type":"Organization","@id":"https:\/\/canjaumeartesans.es\/ca\/#organization","name":"Can Jaume Carniceria artesana","url":"https:\/\/canjaumeartesans.es\/ca\/","logo":{"@type":"ImageObject","inLanguage":"ca","@id":"https:\/\/canjaumeartesans.es\/ca\/#\/schema\/logo\/image\/","url":"https:\/\/canjaumeartesans.es\/wp-content\/uploads\/2023\/01\/Can-Jaume-logo_185@2x.png","contentUrl":"https:\/\/canjaumeartesans.es\/wp-content\/uploads\/2023\/01\/Can-Jaume-logo_185@2x.png","width":370,"height":249,"caption":"Can Jaume Carniceria artesana"},"image":{"@id":"https:\/\/canjaumeartesans.es\/ca\/#\/schema\/logo\/image\/"},"sameAs":["https:\/\/www.instagram.com\/canjaumeartesans\/"]}]}},"_links":{"self":[{"href":"https:\/\/canjaumeartesans.es\/ca\/wp-json\/wp\/v2\/product\/6101","targetHints":{"allow":["GET"]}}],"collection":[{"href":"https:\/\/canjaumeartesans.es\/ca\/wp-json\/wp\/v2\/product"}],"about":[{"href":"https:\/\/canjaumeartesans.es\/ca\/wp-json\/wp\/v2\/types\/product"}],"wp:attachment":[{"href":"https:\/\/canjaumeartesans.es\/ca\/wp-json\/wp\/v2\/media?parent=6101"}],"wp:term":[{"taxonomy":"product_brand","embeddable":true,"href":"https:\/\/canjaumeartesans.es\/ca\/wp-json\/wp\/v2\/product_brand?post=6101"},{"taxonomy":"product_cat","embeddable":true,"href":"https:\/\/canjaumeartesans.es\/ca\/wp-json\/wp\/v2\/product_cat?post=6101"},{"taxonomy":"product_tag","embeddable":true,"href":"https:\/\/canjaumeartesans.es\/ca\/wp-json\/wp\/v2\/product_tag?post=6101"}],"curies":[{"name":"wp","href":"https:\/\/api.w.org\/{rel}","templated":true}]}}